{"id":288,"date":"2015-03-01T08:56:01","date_gmt":"2015-03-01T08:56:01","guid":{"rendered":"http:\/\/hindersby.net\/wordpress\/?page_id=288"},"modified":"2015-03-01T08:56:01","modified_gmt":"2015-03-01T08:56:01","slug":"carita-dufvelin","status":"publish","type":"page","link":"https:\/\/hindersby.net\/lss2021\/index.php\/bildgalleriet\/carita-dufvelin\/","title":{"rendered":"Carita Dufvelin"},"content":{"rendered":"<p>N\u00e4r vi tr\u00e4ffas vid skolavslutningen i slutet p\u00e5 maj s\u00e5 kommer en av oss inte att vara med: Carita Dufvelin. F\u00f6rra sommaren blev hon stucken av en geting och fick antagligen en profylaktisk chock. Jag hade verkligen sett fram emot att tr\u00e4ffa henne men nu finns bara minnen kvar. Jag gick igenom mina gamla bilder och s\u00e4tter h\u00e4r in en del av dem &#8211; mest fr\u00e5m somrarna efter studentexamen d\u00e5 vi umgicks ganska mycket. D\u00e5 \u00e5kte vi ocks\u00e5 omkring tillsammans med v\u00e5ra respektive tyska utbytesg\u00e4ster. Bland annat till Dufvelins sommarstuga i sk\u00e4rg\u00e5rden.<\/p>\n<p>Jag tyckte hemskt mycket om Carita. Hon var uppriktig men sn\u00e4ll och jag uppskattade att f\u00e5 mej kring \u00f6ronen &#8211; helt v\u00e4lf\u00f6rtj\u00e4nt &#8211; av hennes ibland skarpa tunga. De h\u00e4r bilderna \u00e4r fr\u00e5n somrarna 1965-67 d\u00e5 vi tr\u00e4ffades en hel del. Senare gick v\u00e5ra v\u00e4gar \u00e5t olika h\u00e5ll men det var alltid lika roligt att tr\u00e4ffas.<\/p>\n<p><a href=\"http:\/\/hindersby.net\/wordpress\/wp-content\/uploads\/2015\/03\/Carita_Dufvelin_baat_1965_2000.jpg\"><img loading=\"lazy\" decoding=\"async\" class=\"alignnone size-medium wp-image-289\" src=\"http:\/\/hindersby.net\/wordpress\/wp-content\/uploads\/2015\/03\/Carita_Dufvelin_baat_1965_2000-295x300.jpg\" alt=\"Carita_Dufvelin_baat_1965_2000\" width=\"295\" height=\"300\" srcset=\"https:\/\/hindersby.net\/lss2021\/wp-content\/uploads\/2015\/03\/Carita_Dufvelin_baat_1965_2000-295x300.jpg 295w, https:\/\/hindersby.net\/lss2021\/wp-content\/uploads\/2015\/03\/Carita_Dufvelin_baat_1965_2000-1006x1024.jpg 1006w, https:\/\/hindersby.net\/lss2021\/wp-content\/uploads\/2015\/03\/Carita_Dufvelin_baat_1965_2000-768x782.jpg 768w, https:\/\/hindersby.net\/lss2021\/wp-content\/uploads\/2015\/03\/Carita_Dufvelin_baat_1965_2000-1509x1536.jpg 1509w, https:\/\/hindersby.net\/lss2021\/wp-content\/uploads\/2015\/03\/Carita_Dufvelin_baat_1965_2000-1568x1596.jpg 1568w, https:\/\/hindersby.net\/lss2021\/wp-content\/uploads\/2015\/03\/Carita_Dufvelin_baat_1965_2000.jpg 2000w\" sizes=\"auto, (max-width: 295px) 100vw, 295px\" \/><\/a><\/p>\n<p>Sk\u00e4rg\u00e5rden var alltid viktig f\u00f6r Carita och sommaren 1965 \u00e5kte vi till sommarstugan.<\/p>\n<p><a href=\"http:\/\/hindersby.net\/wordpress\/wp-content\/uploads\/2015\/03\/Carita_Dufvelin_student_host1965C_2000.jpg\"><img loading=\"lazy\" decoding=\"async\" class=\"alignnone size-medium wp-image-290\" src=\"http:\/\/hindersby.net\/wordpress\/wp-content\/uploads\/2015\/03\/Carita_Dufvelin_student_host1965C_2000-270x300.jpg\" alt=\"Carita_Dufvelin_student_host1965C_2000\" width=\"270\" height=\"300\" srcset=\"https:\/\/hindersby.net\/lss2021\/wp-content\/uploads\/2015\/03\/Carita_Dufvelin_student_host1965C_2000-270x300.jpg 270w, https:\/\/hindersby.net\/lss2021\/wp-content\/uploads\/2015\/03\/Carita_Dufvelin_student_host1965C_2000-920x1024.jpg 920w, https:\/\/hindersby.net\/lss2021\/wp-content\/uploads\/2015\/03\/Carita_Dufvelin_student_host1965C_2000-768x854.jpg 768w, https:\/\/hindersby.net\/lss2021\/wp-content\/uploads\/2015\/03\/Carita_Dufvelin_student_host1965C_2000-1381x1536.jpg 1381w, https:\/\/hindersby.net\/lss2021\/wp-content\/uploads\/2015\/03\/Carita_Dufvelin_student_host1965C_2000-1841x2048.jpg 1841w, https:\/\/hindersby.net\/lss2021\/wp-content\/uploads\/2015\/03\/Carita_Dufvelin_student_host1965C_2000-1568x1744.jpg 1568w, https:\/\/hindersby.net\/lss2021\/wp-content\/uploads\/2015\/03\/Carita_Dufvelin_student_host1965C_2000.jpg 2000w\" sizes=\"auto, (max-width: 270px) 100vw, 270px\" \/><\/a><\/p>\n<p>D\u00e5 hon blev student s\u00e5 var jag anlitad som fotograf.<\/p>\n<p><a href=\"http:\/\/hindersby.net\/wordpress\/wp-content\/uploads\/2015\/03\/Carita_Dufvelin__skargard_familj_1966_2000.jpg\"><img loading=\"lazy\" decoding=\"async\" class=\"alignnone size-medium wp-image-291\" src=\"http:\/\/hindersby.net\/wordpress\/wp-content\/uploads\/2015\/03\/Carita_Dufvelin__skargard_familj_1966_2000-300x236.jpg\" alt=\"Carita_Dufvelin__skargard_familj_1966_2000\" width=\"300\" height=\"236\" srcset=\"https:\/\/hindersby.net\/lss2021\/wp-content\/uploads\/2015\/03\/Carita_Dufvelin__skargard_familj_1966_2000-300x236.jpg 300w, https:\/\/hindersby.net\/lss2021\/wp-content\/uploads\/2015\/03\/Carita_Dufvelin__skargard_familj_1966_2000-1024x804.jpg 1024w, https:\/\/hindersby.net\/lss2021\/wp-content\/uploads\/2015\/03\/Carita_Dufvelin__skargard_familj_1966_2000-768x603.jpg 768w, https:\/\/hindersby.net\/lss2021\/wp-content\/uploads\/2015\/03\/Carita_Dufvelin__skargard_familj_1966_2000-1536x1207.jpg 1536w, https:\/\/hindersby.net\/lss2021\/wp-content\/uploads\/2015\/03\/Carita_Dufvelin__skargard_familj_1966_2000-1568x1232.jpg 1568w, https:\/\/hindersby.net\/lss2021\/wp-content\/uploads\/2015\/03\/Carita_Dufvelin__skargard_familj_1966_2000.jpg 2000w\" sizes=\"auto, (max-width: 300px) 100vw, 300px\" \/><\/a><\/p>\n<p>Familjen Dufvelin p\u00e5 sommarstugan 1966.<\/p>\n<p><a href=\"http:\/\/hindersby.net\/wordpress\/wp-content\/uploads\/2015\/03\/Carita_Dufvelin_Wolfgang_baat_1967_2000.jpg\"><img loading=\"lazy\" decoding=\"async\" class=\"alignnone size-medium wp-image-292\" src=\"http:\/\/hindersby.net\/wordpress\/wp-content\/uploads\/2015\/03\/Carita_Dufvelin_Wolfgang_baat_1967_2000-300x243.jpg\" alt=\"Carita_Dufvelin_Wolfgang_baat_1967_2000\" width=\"300\" height=\"243\" srcset=\"https:\/\/hindersby.net\/lss2021\/wp-content\/uploads\/2015\/03\/Carita_Dufvelin_Wolfgang_baat_1967_2000-300x243.jpg 300w, https:\/\/hindersby.net\/lss2021\/wp-content\/uploads\/2015\/03\/Carita_Dufvelin_Wolfgang_baat_1967_2000-1024x828.jpg 1024w, https:\/\/hindersby.net\/lss2021\/wp-content\/uploads\/2015\/03\/Carita_Dufvelin_Wolfgang_baat_1967_2000-768x621.jpg 768w, https:\/\/hindersby.net\/lss2021\/wp-content\/uploads\/2015\/03\/Carita_Dufvelin_Wolfgang_baat_1967_2000-1536x1242.jpg 1536w, https:\/\/hindersby.net\/lss2021\/wp-content\/uploads\/2015\/03\/Carita_Dufvelin_Wolfgang_baat_1967_2000-1568x1268.jpg 1568w, https:\/\/hindersby.net\/lss2021\/wp-content\/uploads\/2015\/03\/Carita_Dufvelin_Wolfgang_baat_1967_2000.jpg 2000w\" sizes=\"auto, (max-width: 300px) 100vw, 300px\" \/><\/a><\/p>\n<p>H\u00e4r i b\u00e5ten med v\u00e5r tyska utbyteselev Wolfgang. Caritas m\u00f6ssa \u00e4r ganska fantastisk och s\u00e5 har hon en typisk min.<\/p>\n<p><a href=\"http:\/\/hindersby.net\/wordpress\/wp-content\/uploads\/2015\/03\/Carita_Dufvelin_Ingrid1967_2000.jpg\"><img loading=\"lazy\" decoding=\"async\" class=\"alignnone size-medium wp-image-294\" src=\"http:\/\/hindersby.net\/wordpress\/wp-content\/uploads\/2015\/03\/Carita_Dufvelin_Ingrid1967_2000-300x190.jpg\" alt=\"Carita_Dufvelin_Ingrid1967_2000\" width=\"300\" height=\"190\" srcset=\"https:\/\/hindersby.net\/lss2021\/wp-content\/uploads\/2015\/03\/Carita_Dufvelin_Ingrid1967_2000-300x190.jpg 300w, https:\/\/hindersby.net\/lss2021\/wp-content\/uploads\/2015\/03\/Carita_Dufvelin_Ingrid1967_2000-1024x648.jpg 1024w, https:\/\/hindersby.net\/lss2021\/wp-content\/uploads\/2015\/03\/Carita_Dufvelin_Ingrid1967_2000-768x486.jpg 768w, https:\/\/hindersby.net\/lss2021\/wp-content\/uploads\/2015\/03\/Carita_Dufvelin_Ingrid1967_2000-1536x972.jpg 1536w, https:\/\/hindersby.net\/lss2021\/wp-content\/uploads\/2015\/03\/Carita_Dufvelin_Ingrid1967_2000-1568x992.jpg 1568w, https:\/\/hindersby.net\/lss2021\/wp-content\/uploads\/2015\/03\/Carita_Dufvelin_Ingrid1967_2000.jpg 2000w\" sizes=\"auto, (max-width: 300px) 100vw, 300px\" \/><\/a><\/p>\n<p>Och med Caritas tyska g\u00e4st, Ingrid.<\/p>\n<p><a href=\"http:\/\/hindersby.net\/wordpress\/wp-content\/uploads\/2015\/03\/Carita_Dufvelin_skargard_Nisse_1965_2000.jpg\"><img loading=\"lazy\" decoding=\"async\" class=\"alignnone size-medium wp-image-293\" src=\"http:\/\/hindersby.net\/wordpress\/wp-content\/uploads\/2015\/03\/Carita_Dufvelin_skargard_Nisse_1965_2000-300x219.jpg\" alt=\"Carita_Dufvelin_skargard_Nisse_1965_2000\" width=\"300\" height=\"219\" srcset=\"https:\/\/hindersby.net\/lss2021\/wp-content\/uploads\/2015\/03\/Carita_Dufvelin_skargard_Nisse_1965_2000-300x219.jpg 300w, https:\/\/hindersby.net\/lss2021\/wp-content\/uploads\/2015\/03\/Carita_Dufvelin_skargard_Nisse_1965_2000-1024x747.jpg 1024w, https:\/\/hindersby.net\/lss2021\/wp-content\/uploads\/2015\/03\/Carita_Dufvelin_skargard_Nisse_1965_2000-768x560.jpg 768w, https:\/\/hindersby.net\/lss2021\/wp-content\/uploads\/2015\/03\/Carita_Dufvelin_skargard_Nisse_1965_2000-1536x1121.jpg 1536w, https:\/\/hindersby.net\/lss2021\/wp-content\/uploads\/2015\/03\/Carita_Dufvelin_skargard_Nisse_1965_2000-1568x1144.jpg 1568w, https:\/\/hindersby.net\/lss2021\/wp-content\/uploads\/2015\/03\/Carita_Dufvelin_skargard_Nisse_1965_2000.jpg 2000w\" sizes=\"auto, (max-width: 300px) 100vw, 300px\" \/><\/a><\/p>\n<p>Tja, p\u00e5 den tiden var vi en hel del yngre &#8230;<\/p>\n<p>Men om vi g\u00e5r \u00e4nnu l\u00e4ngre tillbaka till folkskolan. Jocke skickade klassfoton fr\u00e5n Caritas klass som ocks\u00e5 var Jockes. Genom att klicka p\u00e5 bilderna kan man f\u00e5 dem st\u00f6rre.<\/p>\n<p><a href=\"http:\/\/hindersby.net\/wordpress\/wp-content\/uploads\/2015\/03\/klass_1-53_o_4-56_i_folkskolan.jpg\"><img loading=\"lazy\" decoding=\"async\" class=\"alignnone size-medium wp-image-306\" src=\"http:\/\/hindersby.net\/wordpress\/wp-content\/uploads\/2015\/03\/klass_1-53_o_4-56_i_folkskolan-238x300.jpg\" alt=\"klass_1-53_o_4-56_i_folkskolan\" width=\"238\" height=\"300\" srcset=\"https:\/\/hindersby.net\/lss2021\/wp-content\/uploads\/2015\/03\/klass_1-53_o_4-56_i_folkskolan-238x300.jpg 238w, https:\/\/hindersby.net\/lss2021\/wp-content\/uploads\/2015\/03\/klass_1-53_o_4-56_i_folkskolan-814x1024.jpg 814w, https:\/\/hindersby.net\/lss2021\/wp-content\/uploads\/2015\/03\/klass_1-53_o_4-56_i_folkskolan-768x966.jpg 768w, https:\/\/hindersby.net\/lss2021\/wp-content\/uploads\/2015\/03\/klass_1-53_o_4-56_i_folkskolan-1221x1536.jpg 1221w, https:\/\/hindersby.net\/lss2021\/wp-content\/uploads\/2015\/03\/klass_1-53_o_4-56_i_folkskolan-1628x2048.jpg 1628w, https:\/\/hindersby.net\/lss2021\/wp-content\/uploads\/2015\/03\/klass_1-53_o_4-56_i_folkskolan-1568x1972.jpg 1568w, https:\/\/hindersby.net\/lss2021\/wp-content\/uploads\/2015\/03\/klass_1-53_o_4-56_i_folkskolan-scaled.jpg 2035w\" sizes=\"auto, (max-width: 238px) 100vw, 238px\" \/><\/a><\/p>\n<p>Jag hittade inte Carita p\u00e5 bilderna s\u00e5 Jocke meddelade att: &#8221;P\u00e5 fotot av klass I b finns Carita i mitten p\u00e5 f\u00f6rsta raden med flickor, hon med vit rosett \u2013 fj\u00e4rde fr\u00e5n h\u00f6ger och femte fr\u00e5n v\u00e4nster. P\u00e5 fotot fr\u00e5n klass IV b sitter hon i pulpeten l\u00e4ngst fram p\u00e5 mitten.&#8221; P\u00e5 \u00f6vre bilden tror jag Jocke st\u00e5r i bakre raden l\u00e4ngst till h\u00f6ger och p\u00e5 nedre bilden sitter han i mitten p\u00e5 raden l\u00e4ngst till v\u00e4nster (med litet randig tr\u00f6ja). Jag tycker mej k\u00e4nna igen Stenvalls Kitte och Ekens Stigu ocks\u00e5 ?<\/p>\n<p>&nbsp;<\/p>\n","protected":false},"excerpt":{"rendered":"<p>N\u00e4r vi tr\u00e4ffas vid skolavslutningen i slutet p\u00e5 maj s\u00e5 kommer en av oss inte att vara med: Carita Dufvelin. F\u00f6rra sommaren blev hon stucken av en geting och fick antagligen en profylaktisk chock. Jag hade verkligen sett fram emot &hellip; <a href=\"https:\/\/hindersby.net\/lss2021\/index.php\/bildgalleriet\/carita-dufvelin\/\">Forts\u00e4tt l\u00e4sa <span class=\"meta-nav\">&rarr;<\/span><\/a><\/p>\n","protected":false},"author":2,"featured_media":0,"parent":249,"menu_order":0,"comment_status":"open","ping_status":"open","template":"","meta":{"ngg_post_thumbnail":0,"footnotes":""},"class_list":["post-288","page","type-page","status-publish","hentry"],"_links":{"self":[{"href":"https:\/\/hindersby.net\/lss2021\/index.php\/wp-json\/wp\/v2\/pages\/288","targetHints":{"allow":["GET"]}}],"collection":[{"href":"https:\/\/hindersby.net\/lss2021\/index.php\/wp-json\/wp\/v2\/pages"}],"about":[{"href":"https:\/\/hindersby.net\/lss2021\/index.php\/wp-json\/wp\/v2\/types\/page"}],"author":[{"embeddable":true,"href":"https:\/\/hindersby.net\/lss2021\/index.php\/wp-json\/wp\/v2\/users\/2"}],"replies":[{"embeddable":true,"href":"https:\/\/hindersby.net\/lss2021\/index.php\/wp-json\/wp\/v2\/comments?post=288"}],"version-history":[{"count":0,"href":"https:\/\/hindersby.net\/lss2021\/index.php\/wp-json\/wp\/v2\/pages\/288\/revisions"}],"up":[{"embeddable":true,"href":"https:\/\/hindersby.net\/lss2021\/index.php\/wp-json\/wp\/v2\/pages\/249"}],"wp:attachment":[{"href":"https:\/\/hindersby.net\/lss2021\/index.php\/wp-json\/wp\/v2\/media?parent=288"}],"curies":[{"name":"wp","href":"https:\/\/api.w.org\/{rel}","templated":true}]}}