{"id":317,"date":"2015-03-03T00:58:07","date_gmt":"2015-03-03T00:58:07","guid":{"rendered":"http:\/\/hindersby.net\/wordpress\/?page_id=317"},"modified":"2021-12-12T21:43:45","modified_gmt":"2021-12-12T20:43:45","slug":"klass-8-i-vantan-pa-snorre-vintern-1965","status":"publish","type":"page","link":"https:\/\/hindersby.net\/lss2021\/index.php\/bildgalleriet\/musiklistan-fran-60-talet\/klass-8-i-vantan-pa-snorre-vintern-1965\/","title":{"rendered":"Klass 8 i v\u00e4ntan p\u00e5 Snorre vintern 1965"},"content":{"rendered":"\n<p>H\u00e4r kommer en liten &#8221;musikvideo&#8221; med foton fr\u00e5n klass 8. Vi sitter och v\u00e4ntar p\u00e5 att Snorres lektion skall b\u00f6rja. Musiken \u00e4r fr\u00e5n mitt band FP2 och inspelad den 13 juli 1964. Det h\u00e4r bandet hade jag i bandspelaren i Borgwarden och det spelades b\u00e5de en och annan g\u00e5ng 1965.<\/p>\n\n\n\n<figure class=\"wp-block-video\"><video controls src=\"https:\/\/hindersby.net\/bilder\/Klass8rock.mp4\"><\/video><\/figure>\n","protected":false},"excerpt":{"rendered":"<p>H\u00e4r kommer en liten &#8221;musikvideo&#8221; med foton fr\u00e5n klass 8. Vi sitter och v\u00e4ntar p\u00e5 att Snorres lektion skall b\u00f6rja. Musiken \u00e4r fr\u00e5n mitt band FP2 och inspelad den 13 juli 1964. Det h\u00e4r bandet hade jag i bandspelaren i &hellip; <a href=\"https:\/\/hindersby.net\/lss2021\/index.php\/bildgalleriet\/musiklistan-fran-60-talet\/klass-8-i-vantan-pa-snorre-vintern-1965\/\">Forts\u00e4tt l\u00e4sa <span class=\"meta-nav\">&rarr;<\/span><\/a><\/p>\n","protected":false},"author":2,"featured_media":0,"parent":274,"menu_order":2,"comment_status":"open","ping_status":"open","template":"","meta":{"ngg_post_thumbnail":0,"footnotes":""},"class_list":["post-317","page","type-page","status-publish","hentry"],"_links":{"self":[{"href":"https:\/\/hindersby.net\/lss2021\/index.php\/wp-json\/wp\/v2\/pages\/317","targetHints":{"allow":["GET"]}}],"collection":[{"href":"https:\/\/hindersby.net\/lss2021\/index.php\/wp-json\/wp\/v2\/pages"}],"about":[{"href":"https:\/\/hindersby.net\/lss2021\/index.php\/wp-json\/wp\/v2\/types\/page"}],"author":[{"embeddable":true,"href":"https:\/\/hindersby.net\/lss2021\/index.php\/wp-json\/wp\/v2\/users\/2"}],"replies":[{"embeddable":true,"href":"https:\/\/hindersby.net\/lss2021\/index.php\/wp-json\/wp\/v2\/comments?post=317"}],"version-history":[{"count":1,"href":"https:\/\/hindersby.net\/lss2021\/index.php\/wp-json\/wp\/v2\/pages\/317\/revisions"}],"predecessor-version":[{"id":988,"href":"https:\/\/hindersby.net\/lss2021\/index.php\/wp-json\/wp\/v2\/pages\/317\/revisions\/988"}],"up":[{"embeddable":true,"href":"https:\/\/hindersby.net\/lss2021\/index.php\/wp-json\/wp\/v2\/pages\/274"}],"wp:attachment":[{"href":"https:\/\/hindersby.net\/lss2021\/index.php\/wp-json\/wp\/v2\/media?parent=317"}],"curies":[{"name":"wp","href":"https:\/\/api.w.org\/{rel}","templated":true}]}}