{"id":33,"date":"2015-02-24T15:55:04","date_gmt":"2015-02-24T13:55:04","guid":{"rendered":"http:\/\/hindersby.net\/wordpress\/?page_id=33"},"modified":"2015-02-24T15:55:04","modified_gmt":"2015-02-24T13:55:04","slug":"45-arsjubel","status":"publish","type":"page","link":"https:\/\/hindersby.net\/lss2021\/index.php\/45-arsjubel\/","title":{"rendered":"45-\u00e5rsjubel"},"content":{"rendered":"<p>H\u00e4r kommer 45-\u00e5rsjublet.<\/p>\n<p><a href=\"http:\/\/hindersby.net\/wordpress\/wp-content\/uploads\/2015\/02\/Studenter1965.2010.skuri_.piku_.jpg\"><img loading=\"lazy\" decoding=\"async\" class=\"alignnone size-full wp-image-4\" src=\"http:\/\/hindersby.net\/wordpress\/wp-content\/uploads\/2015\/02\/Studenter1965.2010.skuri_.piku_.jpg\" alt=\"Studenter1965.2010.skuri.piku\" width=\"794\" height=\"361\" \/><\/a><\/p>\n","protected":false},"excerpt":{"rendered":"<p>H\u00e4r kommer 45-\u00e5rsjublet.<\/p>\n","protected":false},"author":2,"featured_media":0,"parent":0,"menu_order":2,"comment_status":"open","ping_status":"open","template":"","meta":{"ngg_post_thumbnail":0,"footnotes":""},"class_list":["post-33","page","type-page","status-publish","hentry"],"_links":{"self":[{"href":"https:\/\/hindersby.net\/lss2021\/index.php\/wp-json\/wp\/v2\/pages\/33","targetHints":{"allow":["GET"]}}],"collection":[{"href":"https:\/\/hindersby.net\/lss2021\/index.php\/wp-json\/wp\/v2\/pages"}],"about":[{"href":"https:\/\/hindersby.net\/lss2021\/index.php\/wp-json\/wp\/v2\/types\/page"}],"author":[{"embeddable":true,"href":"https:\/\/hindersby.net\/lss2021\/index.php\/wp-json\/wp\/v2\/users\/2"}],"replies":[{"embeddable":true,"href":"https:\/\/hindersby.net\/lss2021\/index.php\/wp-json\/wp\/v2\/comments?post=33"}],"version-history":[{"count":0,"href":"https:\/\/hindersby.net\/lss2021\/index.php\/wp-json\/wp\/v2\/pages\/33\/revisions"}],"wp:attachment":[{"href":"https:\/\/hindersby.net\/lss2021\/index.php\/wp-json\/wp\/v2\/media?parent=33"}],"curies":[{"name":"wp","href":"https:\/\/api.w.org\/{rel}","templated":true}]}}