{"id":39,"date":"2015-02-24T16:01:27","date_gmt":"2015-02-24T14:01:27","guid":{"rendered":"http:\/\/hindersby.net\/wordpress\/?page_id=39"},"modified":"2015-02-24T16:01:27","modified_gmt":"2015-02-24T14:01:27","slug":"50-arsjubel","status":"publish","type":"page","link":"https:\/\/hindersby.net\/lss2021\/index.php\/50-arsjubel\/","title":{"rendered":"50-\u00e5rsjubel"},"content":{"rendered":"<p>H\u00e4r kommer information om 50-\u00e5rsjublet.<\/p>\n<p><strong>Jockes e-post av den 9 april 2015 (<\/strong>ifall ni tappat bort er kopia):<\/p>\n<p>B\u00e4sta v\u00e4nner!<\/p>\n<p>Dagen f\u00f6r v\u00e5rt 50 \u00e5rs studentjubileum &#8211; 30.5.2015 \u2013 n\u00e4rmar sig.\u00a0 Uppslutningen torde bli n\u00e4ra p\u00e5 100 %. \u00a0Det program vi skissat har inga \u00f6verraskningar utan f\u00f6ljer modellen fr\u00e5n tidigare sammankomster (se Nisses nostalgiska sidor p\u00e5 adressen :\u00a0\u00a0\u00a0\u00a0 <a href=\"http:\/\/LSS.hindersby.net\">http:\/\/LSS.hindersby.net<\/a>\u00a0\u00a0\u00a0 )<\/p>\n<ul>\n<li>kl.12 \u2013 ca 14.30 Studentdimission i idrottshallen &#8211; en b\u00e4nkrad l\u00e4ngst framme vid scenen torde reserveras f\u00f6r oss. Vi har som vanligt ett stipendium f\u00f6r n\u00e5gon av \u00e5rets studenter. I \u00e5r siktar vi p\u00e5 att f\u00e5 ihop kring 500 \u20ac och hoppas att Du vill delta med en inbetalning om 20 \u2013 30 \u20ac p\u00e5 Jockes\/K-J S\u00f6derstr\u00f6ms konto FI18 2031 1800 0616 70\u00a0 i Nordea. Vi siktar p\u00e5 att \u00f6verf\u00f6ra stipendiebeloppet eller de inkomna medlen till skolans disposition per medlet av maj.<\/li>\n<li>kl.15 &#8211;\u00a0\u00a0\u00a0\u00a0\u00a0\u00a0\u00a0Samling vid caf\u00e9 Saltbodan vid Skeppsbron f\u00f6r kamratlig samvaro och f\u00f6rfriskningar efter eget f\u00f6rgottfinnande.<\/li>\n<li>ca kl. 16 &#8211;\u00a0\u00a0\u00a0Uppvaktning vid Annettes och Henriks gravar p\u00e5 Nya resp. Gamla begravningsplatsen, dit vi tar oss med bilar. Caritas grav torde finnas i Esbo. Blombuketter ordnas.<\/li>\n<li>kl.18 \u2013\u00a0 ca 24\u00a0\u00a0\u00a0\u00a0Middag och kamratlig samvaro p\u00e5 Degerby Gille \u2013 vi sitter i stugan och v\u00e5ra studentkamrater fr\u00e5n LYL i salen.<\/li>\n<\/ul>\n<p>Meny: v\u00e4lkomstdrink, f\u00f6rr\u00e4tt, varmr\u00e4tt: \u00a0k\u00f6tt eller fisk, kaffe. <strong>Meddela g\u00e4rna per omg\u00e5ende Ditt val av varmr\u00e4tt \u2013 fisk eller k\u00f6tt?<\/strong> Menyns pris \u00e4r 35 \u20ac per person.<\/p>\n<p>Som avslutning f\u00f6rbereder vi oss p\u00e5 att om andan faller p\u00e5 tillsammans l\u00e5ta \u201dMorgonen ljusna\u201d. F\u00f6rfriskningar och snacks reserveras.<\/p>\n<p>Vi hoppas att Nisse igen som tidigare om \u00e5ren \u00e5tar sig att sk\u00f6ta fotograferingen f\u00f6r pressens och v\u00e5rt eget n\u00f6je.<\/p>\n<p>Bifogat s\u00e4nder vi en uppdaterad lista med kontaktuppgifter. Monicas adress och telefonnummer samt Ellis mobilnummer \u00e4r uppdaterade i den nya listan, som \u00e4r daterad 080415.<\/p>\n<p>Vi ser fram emot att tr\u00e4ffas och h\u00e4lsar er alla v\u00e4lkomna till sommarstaden Lovisa!<\/p>\n<p>Folke och Jocke<\/p>\n<p>&#8212;&#8212;&#8212;&#8212;&#8212;&#8212;&#8212;&#8212;&#8212;-<\/p>\n<p><strong>Jockes e-post:<\/strong><\/p>\n<p>B\u00e4sta v\u00e4nner!<\/p>\n<p>V\u00e5rsolen v\u00e4rmer, sn\u00f6n sm\u00e4lter och f\u00e5glarna kvittrar trots att vi\u00a0 borde ha vinterns kallaste tid! F\u00e5 se vad detta inneb\u00e4r? Det \u00e4r ca 3 m\u00e5nader till v\u00e5rt studentjubileum l\u00f6rdagen den 30.5. Vi kanske upplevs vara ute i v\u00e4l god tid men vi ville ta det s\u00e4kra f\u00f6re det os\u00e4kra. Vi erfor n\u00e4mligen idag att det f\u00f6r dem av er som siktat p\u00e5 \u00f6vernattning natten mellan 30 och 31.5. i n\u00e5got av v\u00e5r stads hotell, motell eller liknande har sk\u00e4l att g\u00f6ra en bokning nu f\u00f6r att inte bli utan. Visserligen tror vi oss kunna sk\u00f6ta ocks\u00e5 den situationen om det r\u00e5kar sig s\u00e5 illa men vi tyckte att det \u00e4r p\u00e5 sin plats att informera h\u00e4rom nu:<\/p>\n<p>Inkvarteringsst\u00e4llena i staden finns noterade p\u00e5 staden Lovisas hemsidor (googla Lovisa stad) under fliken turism\/inkvartering (l\u00e4ngst ner). Centralast med tanke p\u00e5 v\u00e5r sits p\u00e5 Degerby Gille ligger Hotel Degerby (degerby.com, 019-50561) med de dyraste rummen 94 \u20ac f\u00f6r enkelt och 109 \u20ac f\u00f6r dubbelt rum, Hotell Zilton (zilton.fi, 019-533191) med 70\u20ac \/pers f\u00f6r enkelt rum och 55 \u20ac\/pers f\u00f6r dubbelrum, Majatalo Loviisa v\u00e4st om kyrkan ( majataloloviisa.fi, +358408057997) med 50\u20ac f\u00f6r enkelt och 65\u20ac f\u00f6r dubbelt rum. Ulrikanhovi vid \u00f6stra infarten som kanske skulle ha varit det f\u00f6rdelaktigaste \u00e4r tyv\u00e4rr redan bokat.<\/p>\n<p>Med tanke p\u00e5 middagen p\u00e5 Degerby Gille skulle vi redan i det h\u00e4r skedet vara tacksamma f\u00f6r uppgift om hur m\u00e5nga av er som \u00e4mnar st\u00e4lla upp. Folke avser vara i kontakt med kr\u00f6garen p\u00e5 Degerby Gille inom de n\u00e4rmaste dagarna f\u00f6r att diskutera serveringen. S\u00e4nd s\u00e5 g\u00e4rna Din anm\u00e4lan till Folke (med kopia till mig). Vi t\u00e4nkte oss ett middagskuvert till max 35 \u20ac med en v\u00e4lkomstdrink, en soppa eller dylikt och en k\u00f6tt- alternativt fiskr\u00e4tt som varmr\u00e4tt. \u00a0Kommentera g\u00e4rna. Vi \u00e5terkommer d\u00e5 vi har n\u00e4rmare uppgifter.<\/p>\n<p>Traditionsenligt avser vi samla in f\u00f6r ett stipendium till n\u00e5gon av \u00e5rets studenter. Senaste g\u00e5ng var beloppet 20\u20ac per pers \u00a0Borde vi h\u00f6ja? Vi \u00e5terkommer med direktiv.<\/p>\n<p>I korthet ser v\u00e5rt program ut som tidigare om \u00e5ren: Studentdimission i idrottshallen kl. 12 \u2013 \u00a0ca 14.30. Fri samvaro med f\u00f6rslagsvis f\u00f6rfriskningar, bes\u00f6k p\u00e5 gravg\u00e5rdarna o.dyl. Samvaro och middag p\u00e5 Degerby Gille kl. 18 ( eller tidigare?). Nachspiel?<\/p>\n<p>S\u00e4nder bifogat en, som vi hoppas, aktuell adresslista. Kan samtidigt framf\u00f6ra h\u00e4lsningar till er alla fr\u00e5n Ethel, som jag n\u00e5tt p\u00e5 hennes nya e-postadress. Fick den uppfattningen att hon upplever resan f\u00f6r l\u00e5ng f\u00f6r att st\u00e4ller upp men hon \u00f6nskade foton fr\u00e5n v\u00e5r samling. Ethels och Lasses (Gumis) e-postadresser har \u00e4ndrats fr\u00e5n senaste version. En blick p\u00e5 listan ger oss anledning att framf\u00f6ra de varmaste lyck\u00f6nskningar till Elli, Monica och Zibi.<\/p>\n<p>Vi ser fram emot att tr\u00e4ffas i festliga tecken \u2013 m\u00e5 v\u00e4l till dess!<\/p>\n<p>\u00c5 arrang\u00f6rernas v\u00e4gnar<\/p>\n<p>Jocke<\/p>\n<p>&nbsp;<\/p>\n","protected":false},"excerpt":{"rendered":"<p>H\u00e4r kommer information om 50-\u00e5rsjublet. Jockes e-post av den 9 april 2015 (ifall ni tappat bort er kopia): B\u00e4sta v\u00e4nner! Dagen f\u00f6r v\u00e5rt 50 \u00e5rs studentjubileum &#8211; 30.5.2015 \u2013 n\u00e4rmar sig.\u00a0 Uppslutningen torde bli n\u00e4ra p\u00e5 100 %. \u00a0Det program &hellip; <a href=\"https:\/\/hindersby.net\/lss2021\/index.php\/50-arsjubel\/\">Forts\u00e4tt l\u00e4sa <span class=\"meta-nav\">&rarr;<\/span><\/a><\/p>\n","protected":false},"author":2,"featured_media":0,"parent":0,"menu_order":3,"comment_status":"open","ping_status":"open","template":"","meta":{"ngg_post_thumbnail":0,"footnotes":""},"class_list":["post-39","page","type-page","status-publish","hentry"],"_links":{"self":[{"href":"https:\/\/hindersby.net\/lss2021\/index.php\/wp-json\/wp\/v2\/pages\/39","targetHints":{"allow":["GET"]}}],"collection":[{"href":"https:\/\/hindersby.net\/lss2021\/index.php\/wp-json\/wp\/v2\/pages"}],"about":[{"href":"https:\/\/hindersby.net\/lss2021\/index.php\/wp-json\/wp\/v2\/types\/page"}],"author":[{"embeddable":true,"href":"https:\/\/hindersby.net\/lss2021\/index.php\/wp-json\/wp\/v2\/users\/2"}],"replies":[{"embeddable":true,"href":"https:\/\/hindersby.net\/lss2021\/index.php\/wp-json\/wp\/v2\/comments?post=39"}],"version-history":[{"count":0,"href":"https:\/\/hindersby.net\/lss2021\/index.php\/wp-json\/wp\/v2\/pages\/39\/revisions"}],"wp:attachment":[{"href":"https:\/\/hindersby.net\/lss2021\/index.php\/wp-json\/wp\/v2\/media?parent=39"}],"curies":[{"name":"wp","href":"https:\/\/api.w.org\/{rel}","templated":true}]}}