{"id":50,"date":"2015-02-24T16:36:31","date_gmt":"2015-02-24T14:36:31","guid":{"rendered":"http:\/\/hindersby.net\/wordpress\/?page_id=50"},"modified":"2015-02-24T16:36:31","modified_gmt":"2015-02-24T14:36:31","slug":"gamla-natsidor-lank","status":"publish","type":"page","link":"https:\/\/hindersby.net\/lss2021\/index.php\/gamla-natsidor-lank\/","title":{"rendered":"Gamla n\u00e4tsidor (l\u00e4nk)"},"content":{"rendered":"<p>Om ni vill komma till de gamla n\u00e4tsidorna som jag gjorde vid tidigare tr\u00e4ffar s\u00e5 kan ni klicka p\u00e5 l\u00e4nkarna nedan.<\/p>\n<p><a href=\"http:\/\/nissehusberg.scorpionshops.com\/nisse\/LSS\/LSS.html\">40-\u00e5rsjubel (gammal n\u00e4tsida)<\/a><\/p>\n<p><a href=\"http:\/\/nissehusberg.scorpionshops.com\/nisse\/LSS\/LSS45.html\">45-\u00e5rsjubel (gammal n\u00e4tsida)<\/a><\/p>\n<p>&nbsp;<\/p>\n","protected":false},"excerpt":{"rendered":"<p>Om ni vill komma till de gamla n\u00e4tsidorna som jag gjorde vid tidigare tr\u00e4ffar s\u00e5 kan ni klicka p\u00e5 l\u00e4nkarna nedan. 40-\u00e5rsjubel (gammal n\u00e4tsida) 45-\u00e5rsjubel (gammal n\u00e4tsida) &nbsp;<\/p>\n","protected":false},"author":2,"featured_media":0,"parent":0,"menu_order":5,"comment_status":"open","ping_status":"open","template":"","meta":{"ngg_post_thumbnail":0,"footnotes":""},"class_list":["post-50","page","type-page","status-publish","hentry"],"_links":{"self":[{"href":"https:\/\/hindersby.net\/lss2021\/index.php\/wp-json\/wp\/v2\/pages\/50","targetHints":{"allow":["GET"]}}],"collection":[{"href":"https:\/\/hindersby.net\/lss2021\/index.php\/wp-json\/wp\/v2\/pages"}],"about":[{"href":"https:\/\/hindersby.net\/lss2021\/index.php\/wp-json\/wp\/v2\/types\/page"}],"author":[{"embeddable":true,"href":"https:\/\/hindersby.net\/lss2021\/index.php\/wp-json\/wp\/v2\/users\/2"}],"replies":[{"embeddable":true,"href":"https:\/\/hindersby.net\/lss2021\/index.php\/wp-json\/wp\/v2\/comments?post=50"}],"version-history":[{"count":0,"href":"https:\/\/hindersby.net\/lss2021\/index.php\/wp-json\/wp\/v2\/pages\/50\/revisions"}],"wp:attachment":[{"href":"https:\/\/hindersby.net\/lss2021\/index.php\/wp-json\/wp\/v2\/media?parent=50"}],"curies":[{"name":"wp","href":"https:\/\/api.w.org\/{rel}","templated":true}]}}