{"id":7,"date":"2021-12-08T19:42:13","date_gmt":"2021-12-08T18:42:13","guid":{"rendered":"https:\/\/hindersby.net\/lss2021\/?page_id=7"},"modified":"2021-12-08T19:42:13","modified_gmt":"2021-12-08T18:42:13","slug":"kontakt","status":"publish","type":"page","link":"https:\/\/hindersby.net\/lss2021\/index.php\/kontakt\/","title":{"rendered":"Kontakt"},"content":{"rendered":"\n<p>Detta \u00e4r en sida med viss grundl\u00e4ggande kontaktinformation, s\u00e5som adress och telefonnummer. Du kan \u00e4ven prova n\u00e5got till\u00e4gg f\u00f6r att l\u00e4gga till ett kontaktformul\u00e4r.<\/p>\n","protected":false},"excerpt":{"rendered":"<p>Detta \u00e4r en sida med viss grundl\u00e4ggande kontaktinformation, s\u00e5som adress och telefonnummer. Du kan \u00e4ven prova n\u00e5got till\u00e4gg f\u00f6r att l\u00e4gga till ett kontaktformul\u00e4r.<\/p>\n","protected":false},"author":1,"featured_media":0,"parent":0,"menu_order":0,"comment_status":"closed","ping_status":"closed","template":"","meta":{"ngg_post_thumbnail":0,"footnotes":""},"class_list":["post-7","page","type-page","status-publish","hentry"],"_links":{"self":[{"href":"https:\/\/hindersby.net\/lss2021\/index.php\/wp-json\/wp\/v2\/pages\/7","targetHints":{"allow":["GET"]}}],"collection":[{"href":"https:\/\/hindersby.net\/lss2021\/index.php\/wp-json\/wp\/v2\/pages"}],"about":[{"href":"https:\/\/hindersby.net\/lss2021\/index.php\/wp-json\/wp\/v2\/types\/page"}],"author":[{"embeddable":true,"href":"https:\/\/hindersby.net\/lss2021\/index.php\/wp-json\/wp\/v2\/users\/1"}],"replies":[{"embeddable":true,"href":"https:\/\/hindersby.net\/lss2021\/index.php\/wp-json\/wp\/v2\/comments?post=7"}],"version-history":[{"count":1,"href":"https:\/\/hindersby.net\/lss2021\/index.php\/wp-json\/wp\/v2\/pages\/7\/revisions"}],"predecessor-version":[{"id":12,"href":"https:\/\/hindersby.net\/lss2021\/index.php\/wp-json\/wp\/v2\/pages\/7\/revisions\/12"}],"wp:attachment":[{"href":"https:\/\/hindersby.net\/lss2021\/index.php\/wp-json\/wp\/v2\/media?parent=7"}],"curies":[{"name":"wp","href":"https:\/\/api.w.org\/{rel}","templated":true}]}}