{"id":732,"date":"2015-03-23T20:52:34","date_gmt":"2015-03-23T20:52:34","guid":{"rendered":"http:\/\/hindersby.net\/wordpress\/?page_id=732"},"modified":"2015-03-23T20:52:34","modified_gmt":"2015-03-23T20:52:34","slug":"eddie-bruce-handel-i-det-forna-lovisa","status":"publish","type":"page","link":"https:\/\/hindersby.net\/lss2021\/index.php\/bildgalleriet\/60talet\/eddie-bruce-handel-i-det-forna-lovisa\/","title":{"rendered":"Eddie Bruce: Handel i det forna Lovisa"},"content":{"rendered":"<p>Boken inneh\u00e5ller 370 f\u00f6retag mellan 1900 och 1970 med bilder och text (kort om historien). Den kostar 75 euro och kan best\u00e4llas fr\u00e5n Eddier Bruce (epost: eddie.bruce@kolumbus.fi). F\u00f6rst\u00e5s finns den ocks\u00e5 i bokhandeln men vi \u00e4r ganska utspridda. Om n\u00e5n \u00e4r intresserad s\u00e5 kan jag ta med n\u00e5got exemplar till jubelfesten.<\/p>\n<p>H\u00e4r en sida ur boken som handlar om Nya Bokhandeln.<\/p>\n<p><a href=\"http:\/\/hindersby.net\/wordpress\/wp-content\/uploads\/2015\/03\/Eddie_Bruce_2.jpg\"><img loading=\"lazy\" decoding=\"async\" class=\"alignnone size-medium wp-image-733\" src=\"http:\/\/hindersby.net\/wordpress\/wp-content\/uploads\/2015\/03\/Eddie_Bruce_2-300x270.jpg\" alt=\"Eddie_Bruce_2\" width=\"300\" height=\"270\" srcset=\"https:\/\/hindersby.net\/lss2021\/wp-content\/uploads\/2015\/03\/Eddie_Bruce_2-300x270.jpg 300w, https:\/\/hindersby.net\/lss2021\/wp-content\/uploads\/2015\/03\/Eddie_Bruce_2-1024x922.jpg 1024w, https:\/\/hindersby.net\/lss2021\/wp-content\/uploads\/2015\/03\/Eddie_Bruce_2-768x692.jpg 768w, https:\/\/hindersby.net\/lss2021\/wp-content\/uploads\/2015\/03\/Eddie_Bruce_2-1536x1383.jpg 1536w, https:\/\/hindersby.net\/lss2021\/wp-content\/uploads\/2015\/03\/Eddie_Bruce_2-2048x1844.jpg 2048w, https:\/\/hindersby.net\/lss2021\/wp-content\/uploads\/2015\/03\/Eddie_Bruce_2-1568x1412.jpg 1568w\" sizes=\"auto, (max-width: 300px) 100vw, 300px\" \/><\/a><\/p>\n<p>&nbsp;<\/p>\n","protected":false},"excerpt":{"rendered":"<p>Boken inneh\u00e5ller 370 f\u00f6retag mellan 1900 och 1970 med bilder och text (kort om historien). Den kostar 75 euro och kan best\u00e4llas fr\u00e5n Eddier Bruce (epost: eddie.bruce@kolumbus.fi). F\u00f6rst\u00e5s finns den ocks\u00e5 i bokhandeln men vi \u00e4r ganska utspridda. Om n\u00e5n &hellip; <a href=\"https:\/\/hindersby.net\/lss2021\/index.php\/bildgalleriet\/60talet\/eddie-bruce-handel-i-det-forna-lovisa\/\">Forts\u00e4tt l\u00e4sa <span class=\"meta-nav\">&rarr;<\/span><\/a><\/p>\n","protected":false},"author":2,"featured_media":0,"parent":248,"menu_order":0,"comment_status":"open","ping_status":"open","template":"","meta":{"ngg_post_thumbnail":0,"footnotes":""},"class_list":["post-732","page","type-page","status-publish","hentry"],"_links":{"self":[{"href":"https:\/\/hindersby.net\/lss2021\/index.php\/wp-json\/wp\/v2\/pages\/732","targetHints":{"allow":["GET"]}}],"collection":[{"href":"https:\/\/hindersby.net\/lss2021\/index.php\/wp-json\/wp\/v2\/pages"}],"about":[{"href":"https:\/\/hindersby.net\/lss2021\/index.php\/wp-json\/wp\/v2\/types\/page"}],"author":[{"embeddable":true,"href":"https:\/\/hindersby.net\/lss2021\/index.php\/wp-json\/wp\/v2\/users\/2"}],"replies":[{"embeddable":true,"href":"https:\/\/hindersby.net\/lss2021\/index.php\/wp-json\/wp\/v2\/comments?post=732"}],"version-history":[{"count":0,"href":"https:\/\/hindersby.net\/lss2021\/index.php\/wp-json\/wp\/v2\/pages\/732\/revisions"}],"up":[{"embeddable":true,"href":"https:\/\/hindersby.net\/lss2021\/index.php\/wp-json\/wp\/v2\/pages\/248"}],"wp:attachment":[{"href":"https:\/\/hindersby.net\/lss2021\/index.php\/wp-json\/wp\/v2\/media?parent=732"}],"curies":[{"name":"wp","href":"https:\/\/api.w.org\/{rel}","templated":true}]}}