{"id":736,"date":"2015-03-25T13:40:53","date_gmt":"2015-03-25T13:40:53","guid":{"rendered":"http:\/\/hindersby.net\/wordpress\/?page_id=736"},"modified":"2015-03-25T13:40:53","modified_gmt":"2015-03-25T13:40:53","slug":"elevis","status":"publish","type":"page","link":"https:\/\/hindersby.net\/lss2021\/index.php\/bildgalleriet\/60talet\/elevis\/","title":{"rendered":"Elevis"},"content":{"rendered":"<p>Inte kan jag l\u00e5ta bli att s\u00e4tta in Elevhemmet. Jag bodde d\u00e4r under veckorna fr\u00e5n 1957 till 1965. Visst var det tufft f\u00f6r en elva\u00e5ring att flytta hemifr\u00e5n till ett st\u00e4lle d\u00e4r jag inte k\u00e4nde en enda. Men det ordnade sej s\u00e5 sm\u00e5ningom och Elevisg\u00e4nget var ett bra g\u00e4ng.<\/p>\n<p><a href=\"http:\/\/hindersby.net\/wordpress\/wp-content\/uploads\/2015\/03\/Elevis-1957-e1427290330757.jpg\"><img loading=\"lazy\" decoding=\"async\" class=\"alignnone size-medium wp-image-737\" src=\"http:\/\/hindersby.net\/wordpress\/wp-content\/uploads\/2015\/03\/Elevis-1957-e1427290330757-300x161.jpg\" alt=\"Elevis 1957\" width=\"300\" height=\"161\" srcset=\"https:\/\/hindersby.net\/lss2021\/wp-content\/uploads\/2015\/03\/Elevis-1957-e1427290330757-300x161.jpg 300w, https:\/\/hindersby.net\/lss2021\/wp-content\/uploads\/2015\/03\/Elevis-1957-e1427290330757-1024x549.jpg 1024w, https:\/\/hindersby.net\/lss2021\/wp-content\/uploads\/2015\/03\/Elevis-1957-e1427290330757-768x412.jpg 768w, https:\/\/hindersby.net\/lss2021\/wp-content\/uploads\/2015\/03\/Elevis-1957-e1427290330757-1536x824.jpg 1536w, https:\/\/hindersby.net\/lss2021\/wp-content\/uploads\/2015\/03\/Elevis-1957-e1427290330757-2048x1098.jpg 2048w, https:\/\/hindersby.net\/lss2021\/wp-content\/uploads\/2015\/03\/Elevis-1957-e1427290330757-1568x841.jpg 1568w\" sizes=\"auto, (max-width: 300px) 100vw, 300px\" \/><\/a><\/p>\n<p>Sedan framkom det att flera l\u00e4rare bodde d\u00e4r ocks\u00e5: Struttan och B\u00e4ti i var sin \u00e4nda och andra l\u00e4rare i det andra huset p\u00e5 g\u00e5rden. Bakom g\u00e5rdsplanen fanns Degerby Gille och en och annan g\u00e5ng kunde man se n\u00e5gon l\u00e4rare vingla f\u00f6rbi d\u00e4r.<\/p>\n<p><a href=\"http:\/\/hindersby.net\/wordpress\/wp-content\/uploads\/2015\/03\/Elevis_bakgard_1963-e1427290541407.jpg\"><img loading=\"lazy\" decoding=\"async\" class=\"alignnone size-medium wp-image-738\" src=\"http:\/\/hindersby.net\/wordpress\/wp-content\/uploads\/2015\/03\/Elevis_bakgard_1963-e1427290541407-300x197.jpg\" alt=\"Elevis_bakgard_1963\" width=\"300\" height=\"197\" srcset=\"https:\/\/hindersby.net\/lss2021\/wp-content\/uploads\/2015\/03\/Elevis_bakgard_1963-e1427290541407-300x197.jpg 300w, https:\/\/hindersby.net\/lss2021\/wp-content\/uploads\/2015\/03\/Elevis_bakgard_1963-e1427290541407-1024x672.jpg 1024w, https:\/\/hindersby.net\/lss2021\/wp-content\/uploads\/2015\/03\/Elevis_bakgard_1963-e1427290541407-768x504.jpg 768w, https:\/\/hindersby.net\/lss2021\/wp-content\/uploads\/2015\/03\/Elevis_bakgard_1963-e1427290541407-1536x1008.jpg 1536w, https:\/\/hindersby.net\/lss2021\/wp-content\/uploads\/2015\/03\/Elevis_bakgard_1963-e1427290541407-2048x1344.jpg 2048w, https:\/\/hindersby.net\/lss2021\/wp-content\/uploads\/2015\/03\/Elevis_bakgard_1963-e1427290541407-1568x1029.jpg 1568w\" sizes=\"auto, (max-width: 300px) 100vw, 300px\" \/><\/a><\/p>\n<p>H\u00e4r syns inte annat \u00e4n knuten p\u00e5 gillet men det ser \u00e4nnu likadant ut som p\u00e5 den tiden. G\u00e5rdshuset p\u00e5 Elevis tomt \u00e4r d\u00e4remot borta.<\/p>\n<p>Mariegatan var \u00e4nnu i det gamla skicket vintern 1963:<\/p>\n<p><a href=\"http:\/\/hindersby.net\/wordpress\/wp-content\/uploads\/2015\/03\/Mariegatan_1963-e1427290754945.jpg\"><img loading=\"lazy\" decoding=\"async\" class=\"alignnone size-medium wp-image-739\" src=\"http:\/\/hindersby.net\/wordpress\/wp-content\/uploads\/2015\/03\/Mariegatan_1963-e1427290754945-300x214.jpg\" alt=\"Mariegatan_1963\" width=\"300\" height=\"214\" srcset=\"https:\/\/hindersby.net\/lss2021\/wp-content\/uploads\/2015\/03\/Mariegatan_1963-e1427290754945-300x214.jpg 300w, https:\/\/hindersby.net\/lss2021\/wp-content\/uploads\/2015\/03\/Mariegatan_1963-e1427290754945-1024x732.jpg 1024w, https:\/\/hindersby.net\/lss2021\/wp-content\/uploads\/2015\/03\/Mariegatan_1963-e1427290754945-768x549.jpg 768w, https:\/\/hindersby.net\/lss2021\/wp-content\/uploads\/2015\/03\/Mariegatan_1963-e1427290754945-1536x1098.jpg 1536w, https:\/\/hindersby.net\/lss2021\/wp-content\/uploads\/2015\/03\/Mariegatan_1963-e1427290754945-2048x1464.jpg 2048w, https:\/\/hindersby.net\/lss2021\/wp-content\/uploads\/2015\/03\/Mariegatan_1963-e1427290754945-1568x1121.jpg 1568w\" sizes=\"auto, (max-width: 300px) 100vw, 300px\" \/><\/a><\/p>\n<p>&nbsp;<\/p>\n<p>&nbsp;<\/p>\n","protected":false},"excerpt":{"rendered":"<p>Inte kan jag l\u00e5ta bli att s\u00e4tta in Elevhemmet. Jag bodde d\u00e4r under veckorna fr\u00e5n 1957 till 1965. Visst var det tufft f\u00f6r en elva\u00e5ring att flytta hemifr\u00e5n till ett st\u00e4lle d\u00e4r jag inte k\u00e4nde en enda. Men det ordnade &hellip; <a href=\"https:\/\/hindersby.net\/lss2021\/index.php\/bildgalleriet\/60talet\/elevis\/\">Forts\u00e4tt l\u00e4sa <span class=\"meta-nav\">&rarr;<\/span><\/a><\/p>\n","protected":false},"author":2,"featured_media":0,"parent":248,"menu_order":0,"comment_status":"open","ping_status":"open","template":"","meta":{"ngg_post_thumbnail":0,"footnotes":""},"class_list":["post-736","page","type-page","status-publish","hentry"],"_links":{"self":[{"href":"https:\/\/hindersby.net\/lss2021\/index.php\/wp-json\/wp\/v2\/pages\/736","targetHints":{"allow":["GET"]}}],"collection":[{"href":"https:\/\/hindersby.net\/lss2021\/index.php\/wp-json\/wp\/v2\/pages"}],"about":[{"href":"https:\/\/hindersby.net\/lss2021\/index.php\/wp-json\/wp\/v2\/types\/page"}],"author":[{"embeddable":true,"href":"https:\/\/hindersby.net\/lss2021\/index.php\/wp-json\/wp\/v2\/users\/2"}],"replies":[{"embeddable":true,"href":"https:\/\/hindersby.net\/lss2021\/index.php\/wp-json\/wp\/v2\/comments?post=736"}],"version-history":[{"count":0,"href":"https:\/\/hindersby.net\/lss2021\/index.php\/wp-json\/wp\/v2\/pages\/736\/revisions"}],"up":[{"embeddable":true,"href":"https:\/\/hindersby.net\/lss2021\/index.php\/wp-json\/wp\/v2\/pages\/248"}],"wp:attachment":[{"href":"https:\/\/hindersby.net\/lss2021\/index.php\/wp-json\/wp\/v2\/media?parent=736"}],"curies":[{"name":"wp","href":"https:\/\/api.w.org\/{rel}","templated":true}]}}