{"id":819,"date":"2015-06-09T20:58:22","date_gmt":"2015-06-09T20:58:22","guid":{"rendered":"http:\/\/hindersby.net\/wordpress\/?page_id=819"},"modified":"2015-06-09T20:58:22","modified_gmt":"2015-06-09T20:58:22","slug":"vid-gravarna-2015","status":"publish","type":"page","link":"https:\/\/hindersby.net\/lss2021\/index.php\/bildgalleriet\/50-arsjubel-ar-2015\/vid-gravarna-2015\/","title":{"rendered":"Vid gravarna 2015"},"content":{"rendered":"<p>H\u00e4r bilderna fr\u00e5n uppvaktningen vid gravg\u00e5rdarna:<\/p>\n<p><a href=\"http:\/\/hindersby.net\/wordpress\/wp-content\/uploads\/2015\/06\/DSCN4868-e1433883286146.jpg\"><img loading=\"lazy\" decoding=\"async\" class=\"alignnone size-medium wp-image-820\" src=\"http:\/\/hindersby.net\/wordpress\/wp-content\/uploads\/2015\/06\/DSCN4868-e1433883286146-300x190.jpg\" alt=\"DSCN4868\" width=\"300\" height=\"190\" srcset=\"https:\/\/hindersby.net\/lss2021\/wp-content\/uploads\/2015\/06\/DSCN4868-e1433883286146-300x190.jpg 300w, https:\/\/hindersby.net\/lss2021\/wp-content\/uploads\/2015\/06\/DSCN4868-e1433883286146-1024x650.jpg 1024w, https:\/\/hindersby.net\/lss2021\/wp-content\/uploads\/2015\/06\/DSCN4868-e1433883286146-768x487.jpg 768w, https:\/\/hindersby.net\/lss2021\/wp-content\/uploads\/2015\/06\/DSCN4868-e1433883286146-1536x974.jpg 1536w, https:\/\/hindersby.net\/lss2021\/wp-content\/uploads\/2015\/06\/DSCN4868-e1433883286146-2048x1299.jpg 2048w, https:\/\/hindersby.net\/lss2021\/wp-content\/uploads\/2015\/06\/DSCN4868-e1433883286146-1568x995.jpg 1568w\" sizes=\"auto, (max-width: 300px) 100vw, 300px\" \/><\/a><\/p>\n<p><a href=\"http:\/\/hindersby.net\/wordpress\/wp-content\/uploads\/2015\/06\/DSCN4869-e1433883330210.jpg\"><img loading=\"lazy\" decoding=\"async\" class=\"alignnone size-medium wp-image-821\" src=\"http:\/\/hindersby.net\/wordpress\/wp-content\/uploads\/2015\/06\/DSCN4869-e1433883330210-300x176.jpg\" alt=\"DSCN4869\" width=\"300\" height=\"176\" srcset=\"https:\/\/hindersby.net\/lss2021\/wp-content\/uploads\/2015\/06\/DSCN4869-e1433883330210-300x176.jpg 300w, https:\/\/hindersby.net\/lss2021\/wp-content\/uploads\/2015\/06\/DSCN4869-e1433883330210-1024x602.jpg 1024w, https:\/\/hindersby.net\/lss2021\/wp-content\/uploads\/2015\/06\/DSCN4869-e1433883330210-768x452.jpg 768w, https:\/\/hindersby.net\/lss2021\/wp-content\/uploads\/2015\/06\/DSCN4869-e1433883330210-1536x903.jpg 1536w, https:\/\/hindersby.net\/lss2021\/wp-content\/uploads\/2015\/06\/DSCN4869-e1433883330210-2048x1205.jpg 2048w, https:\/\/hindersby.net\/lss2021\/wp-content\/uploads\/2015\/06\/DSCN4869-e1433883330210-1568x922.jpg 1568w\" sizes=\"auto, (max-width: 300px) 100vw, 300px\" \/><\/a><\/p>\n<p><a href=\"http:\/\/hindersby.net\/wordpress\/wp-content\/uploads\/2015\/06\/DSCN4870-e1433883376475.jpg\"><img loading=\"lazy\" decoding=\"async\" class=\"alignnone size-medium wp-image-822\" src=\"http:\/\/hindersby.net\/wordpress\/wp-content\/uploads\/2015\/06\/DSCN4870-e1433883376475-300x194.jpg\" alt=\"DSCN4870\" width=\"300\" height=\"194\" srcset=\"https:\/\/hindersby.net\/lss2021\/wp-content\/uploads\/2015\/06\/DSCN4870-e1433883376475-300x194.jpg 300w, https:\/\/hindersby.net\/lss2021\/wp-content\/uploads\/2015\/06\/DSCN4870-e1433883376475-1024x661.jpg 1024w, https:\/\/hindersby.net\/lss2021\/wp-content\/uploads\/2015\/06\/DSCN4870-e1433883376475-768x496.jpg 768w, https:\/\/hindersby.net\/lss2021\/wp-content\/uploads\/2015\/06\/DSCN4870-e1433883376475-1536x991.jpg 1536w, https:\/\/hindersby.net\/lss2021\/wp-content\/uploads\/2015\/06\/DSCN4870-e1433883376475-2048x1322.jpg 2048w, https:\/\/hindersby.net\/lss2021\/wp-content\/uploads\/2015\/06\/DSCN4870-e1433883376475-1568x1012.jpg 1568w\" sizes=\"auto, (max-width: 300px) 100vw, 300px\" \/><\/a><\/p>\n<p><a href=\"http:\/\/hindersby.net\/wordpress\/wp-content\/uploads\/2015\/06\/DSCN4871-e1433883422312.jpg\"><img loading=\"lazy\" decoding=\"async\" class=\"alignnone size-medium wp-image-823\" src=\"http:\/\/hindersby.net\/wordpress\/wp-content\/uploads\/2015\/06\/DSCN4871-e1433883422312-300x262.jpg\" alt=\"DSCN4871\" width=\"300\" height=\"262\" srcset=\"https:\/\/hindersby.net\/lss2021\/wp-content\/uploads\/2015\/06\/DSCN4871-e1433883422312-300x262.jpg 300w, https:\/\/hindersby.net\/lss2021\/wp-content\/uploads\/2015\/06\/DSCN4871-e1433883422312-1024x894.jpg 1024w, https:\/\/hindersby.net\/lss2021\/wp-content\/uploads\/2015\/06\/DSCN4871-e1433883422312-768x671.jpg 768w, https:\/\/hindersby.net\/lss2021\/wp-content\/uploads\/2015\/06\/DSCN4871-e1433883422312-1536x1341.jpg 1536w, https:\/\/hindersby.net\/lss2021\/wp-content\/uploads\/2015\/06\/DSCN4871-e1433883422312-2048x1789.jpg 2048w, https:\/\/hindersby.net\/lss2021\/wp-content\/uploads\/2015\/06\/DSCN4871-e1433883422312-1568x1369.jpg 1568w\" sizes=\"auto, (max-width: 300px) 100vw, 300px\" \/><\/a><\/p>\n<p><a href=\"http:\/\/hindersby.net\/wordpress\/wp-content\/uploads\/2015\/06\/DSCN4872-e1433883467240.jpg\"><img loading=\"lazy\" decoding=\"async\" class=\"alignnone size-medium wp-image-824\" src=\"http:\/\/hindersby.net\/wordpress\/wp-content\/uploads\/2015\/06\/DSCN4872-e1433883467240-300x189.jpg\" alt=\"DSCN4872\" width=\"300\" height=\"189\" srcset=\"https:\/\/hindersby.net\/lss2021\/wp-content\/uploads\/2015\/06\/DSCN4872-e1433883467240-300x189.jpg 300w, https:\/\/hindersby.net\/lss2021\/wp-content\/uploads\/2015\/06\/DSCN4872-e1433883467240-1024x646.jpg 1024w, https:\/\/hindersby.net\/lss2021\/wp-content\/uploads\/2015\/06\/DSCN4872-e1433883467240-768x484.jpg 768w, https:\/\/hindersby.net\/lss2021\/wp-content\/uploads\/2015\/06\/DSCN4872-e1433883467240-1536x969.jpg 1536w, https:\/\/hindersby.net\/lss2021\/wp-content\/uploads\/2015\/06\/DSCN4872-e1433883467240-2048x1292.jpg 2048w, https:\/\/hindersby.net\/lss2021\/wp-content\/uploads\/2015\/06\/DSCN4872-e1433883467240-1568x989.jpg 1568w\" sizes=\"auto, (max-width: 300px) 100vw, 300px\" \/><\/a><\/p>\n<p>&nbsp;<\/p>\n<p>&nbsp;<\/p>\n","protected":false},"excerpt":{"rendered":"<p>H\u00e4r bilderna fr\u00e5n uppvaktningen vid gravg\u00e5rdarna: &nbsp; &nbsp;<\/p>\n","protected":false},"author":2,"featured_media":0,"parent":859,"menu_order":0,"comment_status":"open","ping_status":"open","template":"","meta":{"ngg_post_thumbnail":0,"footnotes":""},"class_list":["post-819","page","type-page","status-publish","hentry"],"_links":{"self":[{"href":"https:\/\/hindersby.net\/lss2021\/index.php\/wp-json\/wp\/v2\/pages\/819","targetHints":{"allow":["GET"]}}],"collection":[{"href":"https:\/\/hindersby.net\/lss2021\/index.php\/wp-json\/wp\/v2\/pages"}],"about":[{"href":"https:\/\/hindersby.net\/lss2021\/index.php\/wp-json\/wp\/v2\/types\/page"}],"author":[{"embeddable":true,"href":"https:\/\/hindersby.net\/lss2021\/index.php\/wp-json\/wp\/v2\/users\/2"}],"replies":[{"embeddable":true,"href":"https:\/\/hindersby.net\/lss2021\/index.php\/wp-json\/wp\/v2\/comments?post=819"}],"version-history":[{"count":0,"href":"https:\/\/hindersby.net\/lss2021\/index.php\/wp-json\/wp\/v2\/pages\/819\/revisions"}],"up":[{"embeddable":true,"href":"https:\/\/hindersby.net\/lss2021\/index.php\/wp-json\/wp\/v2\/pages\/859"}],"wp:attachment":[{"href":"https:\/\/hindersby.net\/lss2021\/index.php\/wp-json\/wp\/v2\/media?parent=819"}],"curies":[{"name":"wp","href":"https:\/\/api.w.org\/{rel}","templated":true}]}}