{"id":826,"date":"2015-06-09T21:05:02","date_gmt":"2015-06-09T21:05:02","guid":{"rendered":"http:\/\/hindersby.net\/wordpress\/?page_id=826"},"modified":"2015-06-09T21:05:02","modified_gmt":"2015-06-09T21:05:02","slug":"degerby-gille-samlingsfoton-2015","status":"publish","type":"page","link":"https:\/\/hindersby.net\/lss2021\/index.php\/bildgalleriet\/50-arsjubel-ar-2015\/degerby-gille-samlingsfoton-2015\/","title":{"rendered":"Degerby Gille samlingsfoton 2015"},"content":{"rendered":"<p>Jag s\u00e4tter h\u00e4r in alla f\u00f6rs\u00f6k till samlingsfoto &#8211; b\u00e5de bra och d\u00e5liga.<\/p>\n<p><a href=\"http:\/\/hindersby.net\/wordpress\/wp-content\/uploads\/2015\/06\/DSCN4873.jpg\"><img loading=\"lazy\" decoding=\"async\" class=\"alignnone size-medium wp-image-827\" src=\"http:\/\/hindersby.net\/wordpress\/wp-content\/uploads\/2015\/06\/DSCN4873-300x225.jpg\" alt=\"DSCN4873\" width=\"300\" height=\"225\" srcset=\"https:\/\/hindersby.net\/lss2021\/wp-content\/uploads\/2015\/06\/DSCN4873-300x225.jpg 300w, https:\/\/hindersby.net\/lss2021\/wp-content\/uploads\/2015\/06\/DSCN4873-1024x768.jpg 1024w, https:\/\/hindersby.net\/lss2021\/wp-content\/uploads\/2015\/06\/DSCN4873-768x576.jpg 768w, https:\/\/hindersby.net\/lss2021\/wp-content\/uploads\/2015\/06\/DSCN4873-1536x1152.jpg 1536w, https:\/\/hindersby.net\/lss2021\/wp-content\/uploads\/2015\/06\/DSCN4873-2048x1536.jpg 2048w, https:\/\/hindersby.net\/lss2021\/wp-content\/uploads\/2015\/06\/DSCN4873-1568x1176.jpg 1568w\" sizes=\"auto, (max-width: 300px) 100vw, 300px\" \/><\/a><\/p>\n<p><a href=\"http:\/\/hindersby.net\/wordpress\/wp-content\/uploads\/2015\/06\/DSCN4874.jpg\"><img loading=\"lazy\" decoding=\"async\" class=\"alignnone size-medium wp-image-828\" src=\"http:\/\/hindersby.net\/wordpress\/wp-content\/uploads\/2015\/06\/DSCN4874-300x225.jpg\" alt=\"DSCN4874\" width=\"300\" height=\"225\" srcset=\"https:\/\/hindersby.net\/lss2021\/wp-content\/uploads\/2015\/06\/DSCN4874-300x225.jpg 300w, https:\/\/hindersby.net\/lss2021\/wp-content\/uploads\/2015\/06\/DSCN4874-1024x768.jpg 1024w, https:\/\/hindersby.net\/lss2021\/wp-content\/uploads\/2015\/06\/DSCN4874-768x576.jpg 768w, https:\/\/hindersby.net\/lss2021\/wp-content\/uploads\/2015\/06\/DSCN4874-1536x1152.jpg 1536w, https:\/\/hindersby.net\/lss2021\/wp-content\/uploads\/2015\/06\/DSCN4874-2048x1536.jpg 2048w, https:\/\/hindersby.net\/lss2021\/wp-content\/uploads\/2015\/06\/DSCN4874-1568x1176.jpg 1568w\" sizes=\"auto, (max-width: 300px) 100vw, 300px\" \/><\/a><\/p>\n<p><a href=\"http:\/\/hindersby.net\/wordpress\/wp-content\/uploads\/2015\/06\/DSCN4875.jpg\"><img loading=\"lazy\" decoding=\"async\" class=\"alignnone size-medium wp-image-829\" src=\"http:\/\/hindersby.net\/wordpress\/wp-content\/uploads\/2015\/06\/DSCN4875-300x225.jpg\" alt=\"DSCN4875\" width=\"300\" height=\"225\" srcset=\"https:\/\/hindersby.net\/lss2021\/wp-content\/uploads\/2015\/06\/DSCN4875-300x225.jpg 300w, https:\/\/hindersby.net\/lss2021\/wp-content\/uploads\/2015\/06\/DSCN4875-1024x768.jpg 1024w, https:\/\/hindersby.net\/lss2021\/wp-content\/uploads\/2015\/06\/DSCN4875-768x576.jpg 768w, https:\/\/hindersby.net\/lss2021\/wp-content\/uploads\/2015\/06\/DSCN4875-1536x1152.jpg 1536w, https:\/\/hindersby.net\/lss2021\/wp-content\/uploads\/2015\/06\/DSCN4875-2048x1536.jpg 2048w, https:\/\/hindersby.net\/lss2021\/wp-content\/uploads\/2015\/06\/DSCN4875-1568x1176.jpg 1568w\" sizes=\"auto, (max-width: 300px) 100vw, 300px\" \/><\/a><\/p>\n<p><a href=\"http:\/\/hindersby.net\/wordpress\/wp-content\/uploads\/2015\/06\/DSCN4876.jpg\"><img loading=\"lazy\" decoding=\"async\" class=\"alignnone size-medium wp-image-830\" src=\"http:\/\/hindersby.net\/wordpress\/wp-content\/uploads\/2015\/06\/DSCN4876-300x225.jpg\" alt=\"DSCN4876\" width=\"300\" height=\"225\" srcset=\"https:\/\/hindersby.net\/lss2021\/wp-content\/uploads\/2015\/06\/DSCN4876-300x225.jpg 300w, https:\/\/hindersby.net\/lss2021\/wp-content\/uploads\/2015\/06\/DSCN4876-1024x768.jpg 1024w, https:\/\/hindersby.net\/lss2021\/wp-content\/uploads\/2015\/06\/DSCN4876-768x576.jpg 768w, https:\/\/hindersby.net\/lss2021\/wp-content\/uploads\/2015\/06\/DSCN4876-1536x1152.jpg 1536w, https:\/\/hindersby.net\/lss2021\/wp-content\/uploads\/2015\/06\/DSCN4876-2048x1536.jpg 2048w, https:\/\/hindersby.net\/lss2021\/wp-content\/uploads\/2015\/06\/DSCN4876-1568x1176.jpg 1568w\" sizes=\"auto, (max-width: 300px) 100vw, 300px\" \/><\/a><\/p>\n<p><a href=\"http:\/\/hindersby.net\/wordpress\/wp-content\/uploads\/2015\/06\/DSCN4877.jpg\"><img loading=\"lazy\" decoding=\"async\" class=\"alignnone size-medium wp-image-831\" src=\"http:\/\/hindersby.net\/wordpress\/wp-content\/uploads\/2015\/06\/DSCN4877-300x225.jpg\" alt=\"DSCN4877\" width=\"300\" height=\"225\" srcset=\"https:\/\/hindersby.net\/lss2021\/wp-content\/uploads\/2015\/06\/DSCN4877-300x225.jpg 300w, https:\/\/hindersby.net\/lss2021\/wp-content\/uploads\/2015\/06\/DSCN4877-1024x768.jpg 1024w, https:\/\/hindersby.net\/lss2021\/wp-content\/uploads\/2015\/06\/DSCN4877-768x576.jpg 768w, https:\/\/hindersby.net\/lss2021\/wp-content\/uploads\/2015\/06\/DSCN4877-1536x1152.jpg 1536w, https:\/\/hindersby.net\/lss2021\/wp-content\/uploads\/2015\/06\/DSCN4877-2048x1536.jpg 2048w, https:\/\/hindersby.net\/lss2021\/wp-content\/uploads\/2015\/06\/DSCN4877-1568x1176.jpg 1568w\" sizes=\"auto, (max-width: 300px) 100vw, 300px\" \/><\/a><\/p>\n<p><a href=\"http:\/\/hindersby.net\/wordpress\/wp-content\/uploads\/2015\/06\/DSCN4878.jpg\"><img loading=\"lazy\" decoding=\"async\" class=\"alignnone size-medium wp-image-832\" src=\"http:\/\/hindersby.net\/wordpress\/wp-content\/uploads\/2015\/06\/DSCN4878-300x225.jpg\" alt=\"DSCN4878\" width=\"300\" height=\"225\" srcset=\"https:\/\/hindersby.net\/lss2021\/wp-content\/uploads\/2015\/06\/DSCN4878-300x225.jpg 300w, https:\/\/hindersby.net\/lss2021\/wp-content\/uploads\/2015\/06\/DSCN4878-1024x768.jpg 1024w, https:\/\/hindersby.net\/lss2021\/wp-content\/uploads\/2015\/06\/DSCN4878-768x576.jpg 768w, https:\/\/hindersby.net\/lss2021\/wp-content\/uploads\/2015\/06\/DSCN4878-1536x1152.jpg 1536w, https:\/\/hindersby.net\/lss2021\/wp-content\/uploads\/2015\/06\/DSCN4878-2048x1536.jpg 2048w, https:\/\/hindersby.net\/lss2021\/wp-content\/uploads\/2015\/06\/DSCN4878-1568x1176.jpg 1568w\" sizes=\"auto, (max-width: 300px) 100vw, 300px\" \/><\/a><\/p>\n<p><a href=\"http:\/\/hindersby.net\/wordpress\/wp-content\/uploads\/2015\/06\/DSCN4879.jpg\"><img loading=\"lazy\" decoding=\"async\" class=\"alignnone size-medium wp-image-833\" src=\"http:\/\/hindersby.net\/wordpress\/wp-content\/uploads\/2015\/06\/DSCN4879-300x225.jpg\" alt=\"DSCN4879\" width=\"300\" height=\"225\" srcset=\"https:\/\/hindersby.net\/lss2021\/wp-content\/uploads\/2015\/06\/DSCN4879-300x225.jpg 300w, https:\/\/hindersby.net\/lss2021\/wp-content\/uploads\/2015\/06\/DSCN4879-1024x768.jpg 1024w, https:\/\/hindersby.net\/lss2021\/wp-content\/uploads\/2015\/06\/DSCN4879-768x576.jpg 768w, https:\/\/hindersby.net\/lss2021\/wp-content\/uploads\/2015\/06\/DSCN4879-1536x1152.jpg 1536w, https:\/\/hindersby.net\/lss2021\/wp-content\/uploads\/2015\/06\/DSCN4879-2048x1536.jpg 2048w, https:\/\/hindersby.net\/lss2021\/wp-content\/uploads\/2015\/06\/DSCN4879-1568x1176.jpg 1568w\" sizes=\"auto, (max-width: 300px) 100vw, 300px\" \/><\/a><\/p>\n<p><a href=\"http:\/\/hindersby.net\/wordpress\/wp-content\/uploads\/2015\/06\/DSCN4880.jpg\"><img loading=\"lazy\" decoding=\"async\" class=\"alignnone size-medium wp-image-834\" src=\"http:\/\/hindersby.net\/wordpress\/wp-content\/uploads\/2015\/06\/DSCN4880-300x225.jpg\" alt=\"DSCN4880\" width=\"300\" height=\"225\" srcset=\"https:\/\/hindersby.net\/lss2021\/wp-content\/uploads\/2015\/06\/DSCN4880-300x225.jpg 300w, https:\/\/hindersby.net\/lss2021\/wp-content\/uploads\/2015\/06\/DSCN4880-1024x768.jpg 1024w, https:\/\/hindersby.net\/lss2021\/wp-content\/uploads\/2015\/06\/DSCN4880-768x576.jpg 768w, https:\/\/hindersby.net\/lss2021\/wp-content\/uploads\/2015\/06\/DSCN4880-1536x1152.jpg 1536w, https:\/\/hindersby.net\/lss2021\/wp-content\/uploads\/2015\/06\/DSCN4880-2048x1536.jpg 2048w, https:\/\/hindersby.net\/lss2021\/wp-content\/uploads\/2015\/06\/DSCN4880-1568x1176.jpg 1568w\" sizes=\"auto, (max-width: 300px) 100vw, 300px\" \/><\/a><\/p>\n<p><a href=\"http:\/\/hindersby.net\/wordpress\/wp-content\/uploads\/2015\/06\/DSCN4881.jpg\"><img loading=\"lazy\" decoding=\"async\" class=\"alignnone size-medium wp-image-835\" src=\"http:\/\/hindersby.net\/wordpress\/wp-content\/uploads\/2015\/06\/DSCN4881-300x225.jpg\" alt=\"DSCN4881\" width=\"300\" height=\"225\" srcset=\"https:\/\/hindersby.net\/lss2021\/wp-content\/uploads\/2015\/06\/DSCN4881-300x225.jpg 300w, https:\/\/hindersby.net\/lss2021\/wp-content\/uploads\/2015\/06\/DSCN4881-1024x768.jpg 1024w, https:\/\/hindersby.net\/lss2021\/wp-content\/uploads\/2015\/06\/DSCN4881-768x576.jpg 768w, https:\/\/hindersby.net\/lss2021\/wp-content\/uploads\/2015\/06\/DSCN4881-1536x1152.jpg 1536w, https:\/\/hindersby.net\/lss2021\/wp-content\/uploads\/2015\/06\/DSCN4881-2048x1536.jpg 2048w, https:\/\/hindersby.net\/lss2021\/wp-content\/uploads\/2015\/06\/DSCN4881-1568x1176.jpg 1568w\" sizes=\"auto, (max-width: 300px) 100vw, 300px\" \/><\/a><\/p>\n<p><a href=\"http:\/\/hindersby.net\/wordpress\/wp-content\/uploads\/2015\/06\/DSCN4882.jpg\"><img loading=\"lazy\" decoding=\"async\" class=\"alignnone size-medium wp-image-836\" src=\"http:\/\/hindersby.net\/wordpress\/wp-content\/uploads\/2015\/06\/DSCN4882-300x225.jpg\" alt=\"DSCN4882\" width=\"300\" height=\"225\" srcset=\"https:\/\/hindersby.net\/lss2021\/wp-content\/uploads\/2015\/06\/DSCN4882-300x225.jpg 300w, https:\/\/hindersby.net\/lss2021\/wp-content\/uploads\/2015\/06\/DSCN4882-1024x768.jpg 1024w, https:\/\/hindersby.net\/lss2021\/wp-content\/uploads\/2015\/06\/DSCN4882-768x576.jpg 768w, https:\/\/hindersby.net\/lss2021\/wp-content\/uploads\/2015\/06\/DSCN4882-1536x1152.jpg 1536w, https:\/\/hindersby.net\/lss2021\/wp-content\/uploads\/2015\/06\/DSCN4882-2048x1536.jpg 2048w, https:\/\/hindersby.net\/lss2021\/wp-content\/uploads\/2015\/06\/DSCN4882-1568x1176.jpg 1568w\" sizes=\"auto, (max-width: 300px) 100vw, 300px\" \/><\/a><\/p>\n<p><a href=\"http:\/\/hindersby.net\/wordpress\/wp-content\/uploads\/2015\/06\/DSCN4883.jpg\"><img loading=\"lazy\" decoding=\"async\" class=\"alignnone size-medium wp-image-837\" src=\"http:\/\/hindersby.net\/wordpress\/wp-content\/uploads\/2015\/06\/DSCN4883-300x225.jpg\" alt=\"DSCN4883\" width=\"300\" height=\"225\" srcset=\"https:\/\/hindersby.net\/lss2021\/wp-content\/uploads\/2015\/06\/DSCN4883-300x225.jpg 300w, https:\/\/hindersby.net\/lss2021\/wp-content\/uploads\/2015\/06\/DSCN4883-1024x768.jpg 1024w, https:\/\/hindersby.net\/lss2021\/wp-content\/uploads\/2015\/06\/DSCN4883-768x576.jpg 768w, https:\/\/hindersby.net\/lss2021\/wp-content\/uploads\/2015\/06\/DSCN4883-1536x1152.jpg 1536w, https:\/\/hindersby.net\/lss2021\/wp-content\/uploads\/2015\/06\/DSCN4883-2048x1536.jpg 2048w, https:\/\/hindersby.net\/lss2021\/wp-content\/uploads\/2015\/06\/DSCN4883-1568x1176.jpg 1568w\" sizes=\"auto, (max-width: 300px) 100vw, 300px\" \/><\/a><\/p>\n<p>&nbsp;<\/p>\n","protected":false},"excerpt":{"rendered":"<p>Jag s\u00e4tter h\u00e4r in alla f\u00f6rs\u00f6k till samlingsfoto &#8211; b\u00e5de bra och d\u00e5liga. &nbsp;<\/p>\n","protected":false},"author":2,"featured_media":0,"parent":859,"menu_order":0,"comment_status":"open","ping_status":"open","template":"","meta":{"ngg_post_thumbnail":0,"footnotes":""},"class_list":["post-826","page","type-page","status-publish","hentry"],"_links":{"self":[{"href":"https:\/\/hindersby.net\/lss2021\/index.php\/wp-json\/wp\/v2\/pages\/826","targetHints":{"allow":["GET"]}}],"collection":[{"href":"https:\/\/hindersby.net\/lss2021\/index.php\/wp-json\/wp\/v2\/pages"}],"about":[{"href":"https:\/\/hindersby.net\/lss2021\/index.php\/wp-json\/wp\/v2\/types\/page"}],"author":[{"embeddable":true,"href":"https:\/\/hindersby.net\/lss2021\/index.php\/wp-json\/wp\/v2\/users\/2"}],"replies":[{"embeddable":true,"href":"https:\/\/hindersby.net\/lss2021\/index.php\/wp-json\/wp\/v2\/comments?post=826"}],"version-history":[{"count":0,"href":"https:\/\/hindersby.net\/lss2021\/index.php\/wp-json\/wp\/v2\/pages\/826\/revisions"}],"up":[{"embeddable":true,"href":"https:\/\/hindersby.net\/lss2021\/index.php\/wp-json\/wp\/v2\/pages\/859"}],"wp:attachment":[{"href":"https:\/\/hindersby.net\/lss2021\/index.php\/wp-json\/wp\/v2\/media?parent=826"}],"curies":[{"name":"wp","href":"https:\/\/api.w.org\/{rel}","templated":true}]}}