{"id":839,"date":"2015-06-09T21:13:13","date_gmt":"2015-06-09T21:13:13","guid":{"rendered":"http:\/\/hindersby.net\/wordpress\/?page_id=839"},"modified":"2015-06-09T21:13:13","modified_gmt":"2015-06-09T21:13:13","slug":"festmiddagen-2015","status":"publish","type":"page","link":"https:\/\/hindersby.net\/lss2021\/index.php\/bildgalleriet\/50-arsjubel-ar-2015\/festmiddagen-2015\/","title":{"rendered":"Festmiddagen 2015"},"content":{"rendered":"<p>Middagen p\u00e5 Degerby Gille (inomhus).<\/p>\n<p><a href=\"http:\/\/hindersby.net\/wordpress\/wp-content\/uploads\/2015\/06\/DSCN4884.jpg\"><img loading=\"lazy\" decoding=\"async\" class=\"alignnone size-medium wp-image-840\" src=\"http:\/\/hindersby.net\/wordpress\/wp-content\/uploads\/2015\/06\/DSCN4884-300x225.jpg\" alt=\"DSCN4884\" width=\"300\" height=\"225\" srcset=\"https:\/\/hindersby.net\/lss2021\/wp-content\/uploads\/2015\/06\/DSCN4884-300x225.jpg 300w, https:\/\/hindersby.net\/lss2021\/wp-content\/uploads\/2015\/06\/DSCN4884-1024x768.jpg 1024w, https:\/\/hindersby.net\/lss2021\/wp-content\/uploads\/2015\/06\/DSCN4884-768x576.jpg 768w, https:\/\/hindersby.net\/lss2021\/wp-content\/uploads\/2015\/06\/DSCN4884-1536x1152.jpg 1536w, https:\/\/hindersby.net\/lss2021\/wp-content\/uploads\/2015\/06\/DSCN4884-2048x1536.jpg 2048w, https:\/\/hindersby.net\/lss2021\/wp-content\/uploads\/2015\/06\/DSCN4884-1568x1176.jpg 1568w\" sizes=\"auto, (max-width: 300px) 100vw, 300px\" \/><\/a><\/p>\n<p>&nbsp;<\/p>\n<p><a href=\"http:\/\/hindersby.net\/wordpress\/wp-content\/uploads\/2015\/06\/DSCN4886.jpg\"><img loading=\"lazy\" decoding=\"async\" class=\"alignnone size-medium wp-image-842\" src=\"http:\/\/hindersby.net\/wordpress\/wp-content\/uploads\/2015\/06\/DSCN4886-300x225.jpg\" alt=\"DSCN4886\" width=\"300\" height=\"225\" srcset=\"https:\/\/hindersby.net\/lss2021\/wp-content\/uploads\/2015\/06\/DSCN4886-300x225.jpg 300w, https:\/\/hindersby.net\/lss2021\/wp-content\/uploads\/2015\/06\/DSCN4886-1024x768.jpg 1024w, https:\/\/hindersby.net\/lss2021\/wp-content\/uploads\/2015\/06\/DSCN4886-768x576.jpg 768w, https:\/\/hindersby.net\/lss2021\/wp-content\/uploads\/2015\/06\/DSCN4886-1536x1152.jpg 1536w, https:\/\/hindersby.net\/lss2021\/wp-content\/uploads\/2015\/06\/DSCN4886-2048x1536.jpg 2048w, https:\/\/hindersby.net\/lss2021\/wp-content\/uploads\/2015\/06\/DSCN4886-1568x1176.jpg 1568w\" sizes=\"auto, (max-width: 300px) 100vw, 300px\" \/><\/a><\/p>\n<p><a href=\"http:\/\/hindersby.net\/wordpress\/wp-content\/uploads\/2015\/06\/DSCN4887.jpg\"><img loading=\"lazy\" decoding=\"async\" class=\"alignnone size-medium wp-image-843\" src=\"http:\/\/hindersby.net\/wordpress\/wp-content\/uploads\/2015\/06\/DSCN4887-300x225.jpg\" alt=\"DSCN4887\" width=\"300\" height=\"225\" srcset=\"https:\/\/hindersby.net\/lss2021\/wp-content\/uploads\/2015\/06\/DSCN4887-300x225.jpg 300w, https:\/\/hindersby.net\/lss2021\/wp-content\/uploads\/2015\/06\/DSCN4887-1024x768.jpg 1024w, https:\/\/hindersby.net\/lss2021\/wp-content\/uploads\/2015\/06\/DSCN4887-768x576.jpg 768w, https:\/\/hindersby.net\/lss2021\/wp-content\/uploads\/2015\/06\/DSCN4887-1536x1152.jpg 1536w, https:\/\/hindersby.net\/lss2021\/wp-content\/uploads\/2015\/06\/DSCN4887-2048x1536.jpg 2048w, https:\/\/hindersby.net\/lss2021\/wp-content\/uploads\/2015\/06\/DSCN4887-1568x1176.jpg 1568w\" sizes=\"auto, (max-width: 300px) 100vw, 300px\" \/><\/a><\/p>\n<p><a href=\"http:\/\/hindersby.net\/wordpress\/wp-content\/uploads\/2015\/06\/DSCN4888.jpg\"><img loading=\"lazy\" decoding=\"async\" class=\"alignnone size-medium wp-image-844\" src=\"http:\/\/hindersby.net\/wordpress\/wp-content\/uploads\/2015\/06\/DSCN4888-300x225.jpg\" alt=\"DSCN4888\" width=\"300\" height=\"225\" srcset=\"https:\/\/hindersby.net\/lss2021\/wp-content\/uploads\/2015\/06\/DSCN4888-300x225.jpg 300w, https:\/\/hindersby.net\/lss2021\/wp-content\/uploads\/2015\/06\/DSCN4888-1024x768.jpg 1024w, https:\/\/hindersby.net\/lss2021\/wp-content\/uploads\/2015\/06\/DSCN4888-768x576.jpg 768w, https:\/\/hindersby.net\/lss2021\/wp-content\/uploads\/2015\/06\/DSCN4888-1536x1152.jpg 1536w, https:\/\/hindersby.net\/lss2021\/wp-content\/uploads\/2015\/06\/DSCN4888-2048x1536.jpg 2048w, https:\/\/hindersby.net\/lss2021\/wp-content\/uploads\/2015\/06\/DSCN4888-1568x1176.jpg 1568w\" sizes=\"auto, (max-width: 300px) 100vw, 300px\" \/><\/a><\/p>\n<p><a href=\"http:\/\/hindersby.net\/wordpress\/wp-content\/uploads\/2015\/06\/DSCN4889.jpg\"><img loading=\"lazy\" decoding=\"async\" class=\"alignnone size-medium wp-image-845\" src=\"http:\/\/hindersby.net\/wordpress\/wp-content\/uploads\/2015\/06\/DSCN4889-300x225.jpg\" alt=\"DSCN4889\" width=\"300\" height=\"225\" srcset=\"https:\/\/hindersby.net\/lss2021\/wp-content\/uploads\/2015\/06\/DSCN4889-300x225.jpg 300w, https:\/\/hindersby.net\/lss2021\/wp-content\/uploads\/2015\/06\/DSCN4889-1024x768.jpg 1024w, https:\/\/hindersby.net\/lss2021\/wp-content\/uploads\/2015\/06\/DSCN4889-768x576.jpg 768w, https:\/\/hindersby.net\/lss2021\/wp-content\/uploads\/2015\/06\/DSCN4889-1536x1152.jpg 1536w, https:\/\/hindersby.net\/lss2021\/wp-content\/uploads\/2015\/06\/DSCN4889-2048x1536.jpg 2048w, https:\/\/hindersby.net\/lss2021\/wp-content\/uploads\/2015\/06\/DSCN4889-1568x1176.jpg 1568w\" sizes=\"auto, (max-width: 300px) 100vw, 300px\" \/><\/a><\/p>\n<p>Ovanst\u00e5ende foto \u00e4r min favorit p\u00e5 grund av de fina blommorna.<\/p>\n<p><a href=\"http:\/\/hindersby.net\/wordpress\/wp-content\/uploads\/2015\/06\/DSCN4890.jpg\"><img loading=\"lazy\" decoding=\"async\" class=\"alignnone size-medium wp-image-846\" src=\"http:\/\/hindersby.net\/wordpress\/wp-content\/uploads\/2015\/06\/DSCN4890-300x225.jpg\" alt=\"DSCN4890\" width=\"300\" height=\"225\" srcset=\"https:\/\/hindersby.net\/lss2021\/wp-content\/uploads\/2015\/06\/DSCN4890-300x225.jpg 300w, https:\/\/hindersby.net\/lss2021\/wp-content\/uploads\/2015\/06\/DSCN4890-1024x768.jpg 1024w, https:\/\/hindersby.net\/lss2021\/wp-content\/uploads\/2015\/06\/DSCN4890-768x576.jpg 768w, https:\/\/hindersby.net\/lss2021\/wp-content\/uploads\/2015\/06\/DSCN4890-1536x1152.jpg 1536w, https:\/\/hindersby.net\/lss2021\/wp-content\/uploads\/2015\/06\/DSCN4890-2048x1536.jpg 2048w, https:\/\/hindersby.net\/lss2021\/wp-content\/uploads\/2015\/06\/DSCN4890-1568x1176.jpg 1568w\" sizes=\"auto, (max-width: 300px) 100vw, 300px\" \/><\/a><\/p>\n<p><a href=\"http:\/\/hindersby.net\/wordpress\/wp-content\/uploads\/2015\/06\/DSCN4891.jpg\"><img loading=\"lazy\" decoding=\"async\" class=\"alignnone size-medium wp-image-847\" src=\"http:\/\/hindersby.net\/wordpress\/wp-content\/uploads\/2015\/06\/DSCN4891-300x225.jpg\" alt=\"DSCN4891\" width=\"300\" height=\"225\" srcset=\"https:\/\/hindersby.net\/lss2021\/wp-content\/uploads\/2015\/06\/DSCN4891-300x225.jpg 300w, https:\/\/hindersby.net\/lss2021\/wp-content\/uploads\/2015\/06\/DSCN4891-1024x768.jpg 1024w, https:\/\/hindersby.net\/lss2021\/wp-content\/uploads\/2015\/06\/DSCN4891-768x576.jpg 768w, https:\/\/hindersby.net\/lss2021\/wp-content\/uploads\/2015\/06\/DSCN4891-1536x1152.jpg 1536w, https:\/\/hindersby.net\/lss2021\/wp-content\/uploads\/2015\/06\/DSCN4891-2048x1536.jpg 2048w, https:\/\/hindersby.net\/lss2021\/wp-content\/uploads\/2015\/06\/DSCN4891-1568x1176.jpg 1568w\" sizes=\"auto, (max-width: 300px) 100vw, 300px\" \/><\/a><\/p>\n<p><a href=\"http:\/\/hindersby.net\/wordpress\/wp-content\/uploads\/2015\/06\/DSCN4892.jpg\"><img loading=\"lazy\" decoding=\"async\" class=\"alignnone size-medium wp-image-848\" src=\"http:\/\/hindersby.net\/wordpress\/wp-content\/uploads\/2015\/06\/DSCN4892-300x225.jpg\" alt=\"DSCN4892\" width=\"300\" height=\"225\" srcset=\"https:\/\/hindersby.net\/lss2021\/wp-content\/uploads\/2015\/06\/DSCN4892-300x225.jpg 300w, https:\/\/hindersby.net\/lss2021\/wp-content\/uploads\/2015\/06\/DSCN4892-1024x768.jpg 1024w, https:\/\/hindersby.net\/lss2021\/wp-content\/uploads\/2015\/06\/DSCN4892-768x576.jpg 768w, https:\/\/hindersby.net\/lss2021\/wp-content\/uploads\/2015\/06\/DSCN4892-1536x1152.jpg 1536w, https:\/\/hindersby.net\/lss2021\/wp-content\/uploads\/2015\/06\/DSCN4892-2048x1536.jpg 2048w, https:\/\/hindersby.net\/lss2021\/wp-content\/uploads\/2015\/06\/DSCN4892-1568x1176.jpg 1568w\" sizes=\"auto, (max-width: 300px) 100vw, 300px\" \/><\/a><\/p>\n<p><a href=\"http:\/\/hindersby.net\/wordpress\/wp-content\/uploads\/2015\/06\/DSCN4893.jpg\"><img loading=\"lazy\" decoding=\"async\" class=\"alignnone size-medium wp-image-849\" src=\"http:\/\/hindersby.net\/wordpress\/wp-content\/uploads\/2015\/06\/DSCN4893-300x225.jpg\" alt=\"DSCN4893\" width=\"300\" height=\"225\" srcset=\"https:\/\/hindersby.net\/lss2021\/wp-content\/uploads\/2015\/06\/DSCN4893-300x225.jpg 300w, https:\/\/hindersby.net\/lss2021\/wp-content\/uploads\/2015\/06\/DSCN4893-1024x768.jpg 1024w, https:\/\/hindersby.net\/lss2021\/wp-content\/uploads\/2015\/06\/DSCN4893-768x576.jpg 768w, https:\/\/hindersby.net\/lss2021\/wp-content\/uploads\/2015\/06\/DSCN4893-1536x1152.jpg 1536w, https:\/\/hindersby.net\/lss2021\/wp-content\/uploads\/2015\/06\/DSCN4893-2048x1536.jpg 2048w, https:\/\/hindersby.net\/lss2021\/wp-content\/uploads\/2015\/06\/DSCN4893-1568x1176.jpg 1568w\" sizes=\"auto, (max-width: 300px) 100vw, 300px\" \/><\/a><\/p>\n<p><a href=\"http:\/\/hindersby.net\/wordpress\/wp-content\/uploads\/2015\/06\/DSCN4894.jpg\"><img loading=\"lazy\" decoding=\"async\" class=\"alignnone size-medium wp-image-850\" src=\"http:\/\/hindersby.net\/wordpress\/wp-content\/uploads\/2015\/06\/DSCN4894-300x225.jpg\" alt=\"DSCN4894\" width=\"300\" height=\"225\" srcset=\"https:\/\/hindersby.net\/lss2021\/wp-content\/uploads\/2015\/06\/DSCN4894-300x225.jpg 300w, https:\/\/hindersby.net\/lss2021\/wp-content\/uploads\/2015\/06\/DSCN4894-1024x768.jpg 1024w, https:\/\/hindersby.net\/lss2021\/wp-content\/uploads\/2015\/06\/DSCN4894-768x576.jpg 768w, https:\/\/hindersby.net\/lss2021\/wp-content\/uploads\/2015\/06\/DSCN4894-1536x1152.jpg 1536w, https:\/\/hindersby.net\/lss2021\/wp-content\/uploads\/2015\/06\/DSCN4894-2048x1536.jpg 2048w, https:\/\/hindersby.net\/lss2021\/wp-content\/uploads\/2015\/06\/DSCN4894-1568x1176.jpg 1568w\" sizes=\"auto, (max-width: 300px) 100vw, 300px\" \/><\/a><\/p>\n<p><a href=\"http:\/\/hindersby.net\/wordpress\/wp-content\/uploads\/2015\/06\/DSCN4895.jpg\"><img loading=\"lazy\" decoding=\"async\" class=\"alignnone size-medium wp-image-851\" src=\"http:\/\/hindersby.net\/wordpress\/wp-content\/uploads\/2015\/06\/DSCN4895-300x225.jpg\" alt=\"DSCN4895\" width=\"300\" height=\"225\" srcset=\"https:\/\/hindersby.net\/lss2021\/wp-content\/uploads\/2015\/06\/DSCN4895-300x225.jpg 300w, https:\/\/hindersby.net\/lss2021\/wp-content\/uploads\/2015\/06\/DSCN4895-1024x768.jpg 1024w, https:\/\/hindersby.net\/lss2021\/wp-content\/uploads\/2015\/06\/DSCN4895-768x576.jpg 768w, https:\/\/hindersby.net\/lss2021\/wp-content\/uploads\/2015\/06\/DSCN4895-1536x1152.jpg 1536w, https:\/\/hindersby.net\/lss2021\/wp-content\/uploads\/2015\/06\/DSCN4895-2048x1536.jpg 2048w, https:\/\/hindersby.net\/lss2021\/wp-content\/uploads\/2015\/06\/DSCN4895-1568x1176.jpg 1568w\" sizes=\"auto, (max-width: 300px) 100vw, 300px\" \/><\/a><\/p>\n<p><a href=\"http:\/\/hindersby.net\/wordpress\/wp-content\/uploads\/2015\/06\/DSCN4896.jpg\"><img loading=\"lazy\" decoding=\"async\" class=\"alignnone size-medium wp-image-852\" src=\"http:\/\/hindersby.net\/wordpress\/wp-content\/uploads\/2015\/06\/DSCN4896-300x225.jpg\" alt=\"DSCN4896\" width=\"300\" height=\"225\" srcset=\"https:\/\/hindersby.net\/lss2021\/wp-content\/uploads\/2015\/06\/DSCN4896-300x225.jpg 300w, https:\/\/hindersby.net\/lss2021\/wp-content\/uploads\/2015\/06\/DSCN4896-1024x768.jpg 1024w, https:\/\/hindersby.net\/lss2021\/wp-content\/uploads\/2015\/06\/DSCN4896-768x576.jpg 768w, https:\/\/hindersby.net\/lss2021\/wp-content\/uploads\/2015\/06\/DSCN4896-1536x1152.jpg 1536w, https:\/\/hindersby.net\/lss2021\/wp-content\/uploads\/2015\/06\/DSCN4896-2048x1536.jpg 2048w, https:\/\/hindersby.net\/lss2021\/wp-content\/uploads\/2015\/06\/DSCN4896-1568x1176.jpg 1568w\" sizes=\"auto, (max-width: 300px) 100vw, 300px\" \/><\/a><\/p>\n<p>&nbsp;<\/p>\n","protected":false},"excerpt":{"rendered":"<p>Middagen p\u00e5 Degerby Gille (inomhus). &nbsp; Ovanst\u00e5ende foto \u00e4r min favorit p\u00e5 grund av de fina blommorna. &nbsp;<\/p>\n","protected":false},"author":2,"featured_media":0,"parent":859,"menu_order":0,"comment_status":"open","ping_status":"open","template":"","meta":{"ngg_post_thumbnail":0,"footnotes":""},"class_list":["post-839","page","type-page","status-publish","hentry"],"_links":{"self":[{"href":"https:\/\/hindersby.net\/lss2021\/index.php\/wp-json\/wp\/v2\/pages\/839","targetHints":{"allow":["GET"]}}],"collection":[{"href":"https:\/\/hindersby.net\/lss2021\/index.php\/wp-json\/wp\/v2\/pages"}],"about":[{"href":"https:\/\/hindersby.net\/lss2021\/index.php\/wp-json\/wp\/v2\/types\/page"}],"author":[{"embeddable":true,"href":"https:\/\/hindersby.net\/lss2021\/index.php\/wp-json\/wp\/v2\/users\/2"}],"replies":[{"embeddable":true,"href":"https:\/\/hindersby.net\/lss2021\/index.php\/wp-json\/wp\/v2\/comments?post=839"}],"version-history":[{"count":0,"href":"https:\/\/hindersby.net\/lss2021\/index.php\/wp-json\/wp\/v2\/pages\/839\/revisions"}],"up":[{"embeddable":true,"href":"https:\/\/hindersby.net\/lss2021\/index.php\/wp-json\/wp\/v2\/pages\/859"}],"wp:attachment":[{"href":"https:\/\/hindersby.net\/lss2021\/index.php\/wp-json\/wp\/v2\/media?parent=839"}],"curies":[{"name":"wp","href":"https:\/\/api.w.org\/{rel}","templated":true}]}}