{"id":854,"date":"2015-06-09T21:16:04","date_gmt":"2015-06-09T21:16:04","guid":{"rendered":"http:\/\/hindersby.net\/wordpress\/?page_id=854"},"modified":"2015-06-09T21:16:04","modified_gmt":"2015-06-09T21:16:04","slug":"efterfest-2015","status":"publish","type":"page","link":"https:\/\/hindersby.net\/lss2021\/index.php\/bildgalleriet\/50-arsjubel-ar-2015\/efterfest-2015\/","title":{"rendered":"Efterfest 2015"},"content":{"rendered":"<p>Jag fick inte s\u00e5 bra bilder fr\u00e5n Saltboden men h\u00e4r \u00e4r de.<\/p>\n<p><a href=\"http:\/\/hindersby.net\/wordpress\/wp-content\/uploads\/2015\/06\/DSCN4898.jpg\"><img loading=\"lazy\" decoding=\"async\" class=\"alignnone size-medium wp-image-855\" src=\"http:\/\/hindersby.net\/wordpress\/wp-content\/uploads\/2015\/06\/DSCN4898-300x225.jpg\" alt=\"DSCN4898\" width=\"300\" height=\"225\" srcset=\"https:\/\/hindersby.net\/lss2021\/wp-content\/uploads\/2015\/06\/DSCN4898-300x225.jpg 300w, https:\/\/hindersby.net\/lss2021\/wp-content\/uploads\/2015\/06\/DSCN4898-1024x768.jpg 1024w, https:\/\/hindersby.net\/lss2021\/wp-content\/uploads\/2015\/06\/DSCN4898-768x576.jpg 768w, https:\/\/hindersby.net\/lss2021\/wp-content\/uploads\/2015\/06\/DSCN4898-1536x1152.jpg 1536w, https:\/\/hindersby.net\/lss2021\/wp-content\/uploads\/2015\/06\/DSCN4898-2048x1536.jpg 2048w, https:\/\/hindersby.net\/lss2021\/wp-content\/uploads\/2015\/06\/DSCN4898-1568x1176.jpg 1568w\" sizes=\"auto, (max-width: 300px) 100vw, 300px\" \/><\/a><\/p>\n<p><a href=\"http:\/\/hindersby.net\/wordpress\/wp-content\/uploads\/2015\/06\/DSCN4900.jpg\"><img loading=\"lazy\" decoding=\"async\" class=\"alignnone size-medium wp-image-856\" src=\"http:\/\/hindersby.net\/wordpress\/wp-content\/uploads\/2015\/06\/DSCN4900-300x225.jpg\" alt=\"DSCN4900\" width=\"300\" height=\"225\" srcset=\"https:\/\/hindersby.net\/lss2021\/wp-content\/uploads\/2015\/06\/DSCN4900-300x225.jpg 300w, https:\/\/hindersby.net\/lss2021\/wp-content\/uploads\/2015\/06\/DSCN4900-1024x768.jpg 1024w, https:\/\/hindersby.net\/lss2021\/wp-content\/uploads\/2015\/06\/DSCN4900-768x576.jpg 768w, https:\/\/hindersby.net\/lss2021\/wp-content\/uploads\/2015\/06\/DSCN4900-1536x1152.jpg 1536w, https:\/\/hindersby.net\/lss2021\/wp-content\/uploads\/2015\/06\/DSCN4900-2048x1536.jpg 2048w, https:\/\/hindersby.net\/lss2021\/wp-content\/uploads\/2015\/06\/DSCN4900-1568x1176.jpg 1568w\" sizes=\"auto, (max-width: 300px) 100vw, 300px\" \/><\/a><\/p>\n<p><a href=\"http:\/\/hindersby.net\/wordpress\/wp-content\/uploads\/2015\/06\/DSCN4902.jpg\"><img loading=\"lazy\" decoding=\"async\" class=\"alignnone size-medium wp-image-857\" src=\"http:\/\/hindersby.net\/wordpress\/wp-content\/uploads\/2015\/06\/DSCN4902-300x225.jpg\" alt=\"DSCN4902\" width=\"300\" height=\"225\" srcset=\"https:\/\/hindersby.net\/lss2021\/wp-content\/uploads\/2015\/06\/DSCN4902-300x225.jpg 300w, https:\/\/hindersby.net\/lss2021\/wp-content\/uploads\/2015\/06\/DSCN4902-1024x768.jpg 1024w, https:\/\/hindersby.net\/lss2021\/wp-content\/uploads\/2015\/06\/DSCN4902-768x576.jpg 768w, https:\/\/hindersby.net\/lss2021\/wp-content\/uploads\/2015\/06\/DSCN4902-1536x1152.jpg 1536w, https:\/\/hindersby.net\/lss2021\/wp-content\/uploads\/2015\/06\/DSCN4902-2048x1536.jpg 2048w, https:\/\/hindersby.net\/lss2021\/wp-content\/uploads\/2015\/06\/DSCN4902-1568x1176.jpg 1568w\" sizes=\"auto, (max-width: 300px) 100vw, 300px\" \/><\/a><\/p>\n<p>Det var allt, gott folk !<\/p>\n<p>&nbsp;<\/p>\n<p>&nbsp;<\/p>\n","protected":false},"excerpt":{"rendered":"<p>Jag fick inte s\u00e5 bra bilder fr\u00e5n Saltboden men h\u00e4r \u00e4r de. Det var allt, gott folk ! &nbsp; &nbsp;<\/p>\n","protected":false},"author":2,"featured_media":0,"parent":859,"menu_order":0,"comment_status":"open","ping_status":"open","template":"","meta":{"ngg_post_thumbnail":0,"footnotes":""},"class_list":["post-854","page","type-page","status-publish","hentry"],"_links":{"self":[{"href":"https:\/\/hindersby.net\/lss2021\/index.php\/wp-json\/wp\/v2\/pages\/854","targetHints":{"allow":["GET"]}}],"collection":[{"href":"https:\/\/hindersby.net\/lss2021\/index.php\/wp-json\/wp\/v2\/pages"}],"about":[{"href":"https:\/\/hindersby.net\/lss2021\/index.php\/wp-json\/wp\/v2\/types\/page"}],"author":[{"embeddable":true,"href":"https:\/\/hindersby.net\/lss2021\/index.php\/wp-json\/wp\/v2\/users\/2"}],"replies":[{"embeddable":true,"href":"https:\/\/hindersby.net\/lss2021\/index.php\/wp-json\/wp\/v2\/comments?post=854"}],"version-history":[{"count":0,"href":"https:\/\/hindersby.net\/lss2021\/index.php\/wp-json\/wp\/v2\/pages\/854\/revisions"}],"up":[{"embeddable":true,"href":"https:\/\/hindersby.net\/lss2021\/index.php\/wp-json\/wp\/v2\/pages\/859"}],"wp:attachment":[{"href":"https:\/\/hindersby.net\/lss2021\/index.php\/wp-json\/wp\/v2\/media?parent=854"}],"curies":[{"name":"wp","href":"https:\/\/api.w.org\/{rel}","templated":true}]}}