{"id":861,"date":"2015-06-09T21:29:30","date_gmt":"2015-06-09T21:29:30","guid":{"rendered":"http:\/\/hindersby.net\/wordpress\/?page_id=861"},"modified":"2015-06-09T21:29:30","modified_gmt":"2015-06-09T21:29:30","slug":"videor-fran-examen-2015","status":"publish","type":"page","link":"https:\/\/hindersby.net\/lss2021\/index.php\/bildgalleriet\/50-arsjubel-ar-2015\/videor-fran-examen-2015\/","title":{"rendered":"Videor fr\u00e5n examen 2015"},"content":{"rendered":"<p>Den blomstertid 2015:<\/p>\n<p>&nbsp;<\/p>\n<p><iframe loading=\"lazy\" src=\"https:\/\/docs.google.com\/file\/d\/0BwPGq2SnxX6MY3I3RDB6RTFzMVU\/preview\" width=\"640\" height=\"480\"><\/iframe><\/p>\n<p>Stipendium fr\u00e5n studenterna 1965 och Ingmar Hokkanen: Fr\u00fchlingsraushen (Christian Sinding 1896):<\/p>\n<p>&nbsp;<\/p>\n<p><iframe loading=\"lazy\" src=\"https:\/\/docs.google.com\/file\/d\/0BwPGq2SnxX6MRlhuOURmUTN5M0k\/preview\" width=\"640\" height=\"480\"><\/iframe><\/p>\n<p>&nbsp;<\/p>\n<p>Jasse k\u00f6rs ut ur Bollhallen (p\u00e5 motorcykel):<\/p>\n<p><iframe loading=\"lazy\" src=\"https:\/\/docs.google.com\/file\/d\/0BwPGq2SnxX6MY3dyYUxCbERRUm8\/preview\" width=\"640\" height=\"480\">&nbsp;<\/p>\n<p><\/iframe><\/p>\n<p>Sjungom studentens lyckliga dar:<\/p>\n<p>&nbsp;<\/p>\n<p><iframe loading=\"lazy\" src=\"https:\/\/docs.google.com\/file\/d\/0BwPGq2SnxX6MMDdBV01Ib1FVclU\/preview\" width=\"640\" height=\"480\"><\/iframe><\/p>\n<p>Efter examen:<\/p>\n<p>&nbsp;<\/p>\n<p><iframe loading=\"lazy\" src=\"https:\/\/docs.google.com\/file\/d\/0BwPGq2SnxX6McmFBNUNHWC1VLU0\/preview\" width=\"640\" height=\"480\"><\/iframe><\/p>\n","protected":false},"excerpt":{"rendered":"<p>Den blomstertid 2015: &nbsp; Stipendium fr\u00e5n studenterna 1965 och Ingmar Hokkanen: Fr\u00fchlingsraushen (Christian Sinding 1896): &nbsp; &nbsp; Jasse k\u00f6rs ut ur Bollhallen (p\u00e5 motorcykel): &nbsp; Sjungom studentens lyckliga dar: &nbsp; Efter examen: &nbsp;<\/p>\n","protected":false},"author":2,"featured_media":0,"parent":859,"menu_order":0,"comment_status":"open","ping_status":"open","template":"","meta":{"ngg_post_thumbnail":0,"footnotes":""},"class_list":["post-861","page","type-page","status-publish","hentry"],"_links":{"self":[{"href":"https:\/\/hindersby.net\/lss2021\/index.php\/wp-json\/wp\/v2\/pages\/861","targetHints":{"allow":["GET"]}}],"collection":[{"href":"https:\/\/hindersby.net\/lss2021\/index.php\/wp-json\/wp\/v2\/pages"}],"about":[{"href":"https:\/\/hindersby.net\/lss2021\/index.php\/wp-json\/wp\/v2\/types\/page"}],"author":[{"embeddable":true,"href":"https:\/\/hindersby.net\/lss2021\/index.php\/wp-json\/wp\/v2\/users\/2"}],"replies":[{"embeddable":true,"href":"https:\/\/hindersby.net\/lss2021\/index.php\/wp-json\/wp\/v2\/comments?post=861"}],"version-history":[{"count":0,"href":"https:\/\/hindersby.net\/lss2021\/index.php\/wp-json\/wp\/v2\/pages\/861\/revisions"}],"up":[{"embeddable":true,"href":"https:\/\/hindersby.net\/lss2021\/index.php\/wp-json\/wp\/v2\/pages\/859"}],"wp:attachment":[{"href":"https:\/\/hindersby.net\/lss2021\/index.php\/wp-json\/wp\/v2\/media?parent=861"}],"curies":[{"name":"wp","href":"https:\/\/api.w.org\/{rel}","templated":true}]}}