{"id":960,"date":"2015-02-23T22:47:39","date_gmt":"2015-02-23T22:47:39","guid":{"rendered":"http:\/\/hindersby.net\/wordpress\/?page_id=2"},"modified":"2015-02-23T22:47:39","modified_gmt":"2015-02-23T22:47:39","slug":"exempelsida-2","status":"publish","type":"page","link":"https:\/\/hindersby.net\/lss2021\/index.php\/exempelsida-2\/","title":{"rendered":"Studentklass 1965"},"content":{"rendered":"<p>H\u00e4r kommer studentklassen 1965.<\/p>\n<p><a href=\"http:\/\/hindersby.net\/wordpress\/wp-content\/uploads\/2015\/02\/studentklass1965.liten_1.jpg\"><img loading=\"lazy\" decoding=\"async\" class=\"alignnone size-full wp-image-31\" src=\"http:\/\/hindersby.net\/wordpress\/wp-content\/uploads\/2015\/02\/studentklass1965.liten_1.jpg\" alt=\"studentklass1965.liten\" width=\"1023\" height=\"542\" srcset=\"https:\/\/hindersby.net\/lss2021\/wp-content\/uploads\/2015\/02\/studentklass1965.liten_1.jpg 1023w, https:\/\/hindersby.net\/lss2021\/wp-content\/uploads\/2015\/02\/studentklass1965.liten_1-300x159.jpg 300w, https:\/\/hindersby.net\/lss2021\/wp-content\/uploads\/2015\/02\/studentklass1965.liten_1-768x407.jpg 768w\" sizes=\"auto, (max-width: 1023px) 100vw, 1023px\" \/><\/a><\/p>\n<p>Jocke skickade studentfoton utomhus ocks\u00e5. Jag har f\u00f6rb\u00e4ttrat vitbalansen och beskurit litet.<\/p>\n<p><a href=\"http:\/\/hindersby.net\/wordpress\/wp-content\/uploads\/2015\/02\/Stud65_alla_vit-e1425280178129.jpg\"><img loading=\"lazy\" decoding=\"async\" class=\"alignnone size-medium wp-image-309\" src=\"http:\/\/hindersby.net\/wordpress\/wp-content\/uploads\/2015\/02\/Stud65_alla_vit-e1425280178129-300x181.jpg\" alt=\"Stud65_alla_vit\" width=\"300\" height=\"181\" srcset=\"https:\/\/hindersby.net\/lss2021\/wp-content\/uploads\/2015\/02\/Stud65_alla_vit-e1425280178129-300x181.jpg 300w, https:\/\/hindersby.net\/lss2021\/wp-content\/uploads\/2015\/02\/Stud65_alla_vit-e1425280178129-1024x619.jpg 1024w, https:\/\/hindersby.net\/lss2021\/wp-content\/uploads\/2015\/02\/Stud65_alla_vit-e1425280178129-768x465.jpg 768w, https:\/\/hindersby.net\/lss2021\/wp-content\/uploads\/2015\/02\/Stud65_alla_vit-e1425280178129.jpg 1154w\" sizes=\"auto, (max-width: 300px) 100vw, 300px\" \/><\/a><\/p>\n<p><a href=\"http:\/\/hindersby.net\/wordpress\/wp-content\/uploads\/2015\/02\/Stud65_vit-e1425280274822.jpg\"><img loading=\"lazy\" decoding=\"async\" class=\"alignnone size-medium wp-image-310\" src=\"http:\/\/hindersby.net\/wordpress\/wp-content\/uploads\/2015\/02\/Stud65_vit-e1425280274822-300x168.jpg\" alt=\"Stud65_vit\" width=\"300\" height=\"168\" srcset=\"https:\/\/hindersby.net\/lss2021\/wp-content\/uploads\/2015\/02\/Stud65_vit-e1425280274822-300x168.jpg 300w, https:\/\/hindersby.net\/lss2021\/wp-content\/uploads\/2015\/02\/Stud65_vit-e1425280274822-1024x573.jpg 1024w, https:\/\/hindersby.net\/lss2021\/wp-content\/uploads\/2015\/02\/Stud65_vit-e1425280274822-768x430.jpg 768w, https:\/\/hindersby.net\/lss2021\/wp-content\/uploads\/2015\/02\/Stud65_vit-e1425280274822.jpg 1224w\" sizes=\"auto, (max-width: 300px) 100vw, 300px\" \/><\/a><\/p>\n<p><a href=\"http:\/\/hindersby.net\/wordpress\/wp-content\/uploads\/2015\/02\/Stud65_flickor-e1425280351875.jpg\"><img loading=\"lazy\" decoding=\"async\" class=\"alignnone size-medium wp-image-311\" src=\"http:\/\/hindersby.net\/wordpress\/wp-content\/uploads\/2015\/02\/Stud65_flickor-e1425280351875-300x147.jpg\" alt=\"Stud65_flickor\" width=\"300\" height=\"147\" srcset=\"https:\/\/hindersby.net\/lss2021\/wp-content\/uploads\/2015\/02\/Stud65_flickor-e1425280351875-300x147.jpg 300w, https:\/\/hindersby.net\/lss2021\/wp-content\/uploads\/2015\/02\/Stud65_flickor-e1425280351875-1024x500.jpg 1024w, https:\/\/hindersby.net\/lss2021\/wp-content\/uploads\/2015\/02\/Stud65_flickor-e1425280351875-768x375.jpg 768w, https:\/\/hindersby.net\/lss2021\/wp-content\/uploads\/2015\/02\/Stud65_flickor-e1425280351875.jpg 1243w\" sizes=\"auto, (max-width: 300px) 100vw, 300px\" \/><\/a><\/p>\n<p><a href=\"http:\/\/hindersby.net\/wordpress\/wp-content\/uploads\/2015\/02\/LSSstud65_vit.jpg\"><img loading=\"lazy\" decoding=\"async\" class=\"alignnone size-medium wp-image-312\" src=\"http:\/\/hindersby.net\/wordpress\/wp-content\/uploads\/2015\/02\/LSSstud65_vit-300x166.jpg\" alt=\"LSSstud65_vit\" width=\"300\" height=\"166\" \/><\/a><\/p>\n<p><a href=\"http:\/\/hindersby.net\/wordpress\/wp-content\/uploads\/2015\/02\/LSSstud65segel_vit.jpg\"><img loading=\"lazy\" decoding=\"async\" class=\"alignnone size-medium wp-image-313\" src=\"http:\/\/hindersby.net\/wordpress\/wp-content\/uploads\/2015\/02\/LSSstud65segel_vit-300x129.jpg\" alt=\"LSSstud65segel_vit\" width=\"300\" height=\"129\" srcset=\"https:\/\/hindersby.net\/lss2021\/wp-content\/uploads\/2015\/02\/LSSstud65segel_vit-300x129.jpg 300w, https:\/\/hindersby.net\/lss2021\/wp-content\/uploads\/2015\/02\/LSSstud65segel_vit-1024x442.jpg 1024w, https:\/\/hindersby.net\/lss2021\/wp-content\/uploads\/2015\/02\/LSSstud65segel_vit-768x331.jpg 768w, https:\/\/hindersby.net\/lss2021\/wp-content\/uploads\/2015\/02\/LSSstud65segel_vit.jpg 1520w\" sizes=\"auto, (max-width: 300px) 100vw, 300px\" \/><\/a> (Jocke skannat)<\/p>\n<p>H\u00e4r sk\u00e5lar alla p\u00e5 segelpaviljongen utom en som alltid \u00e4r k\u00e4rringen mot str\u00f6mmen.<\/p>\n<p><a href=\"http:\/\/hindersby.net\/wordpress\/wp-content\/uploads\/2015\/02\/folke_skannat_segelpavilong2.jpg\"><img loading=\"lazy\" decoding=\"async\" class=\"alignnone size-medium wp-image-381\" src=\"http:\/\/hindersby.net\/wordpress\/wp-content\/uploads\/2015\/02\/folke_skannat_segelpavilong2-300x178.jpg\" alt=\"folke_skannat_segelpavilong2\" width=\"300\" height=\"178\" srcset=\"https:\/\/hindersby.net\/lss2021\/wp-content\/uploads\/2015\/02\/folke_skannat_segelpavilong2-300x178.jpg 300w, https:\/\/hindersby.net\/lss2021\/wp-content\/uploads\/2015\/02\/folke_skannat_segelpavilong2-1024x606.jpg 1024w, https:\/\/hindersby.net\/lss2021\/wp-content\/uploads\/2015\/02\/folke_skannat_segelpavilong2-768x455.jpg 768w, https:\/\/hindersby.net\/lss2021\/wp-content\/uploads\/2015\/02\/folke_skannat_segelpavilong2.jpg 1044w\" sizes=\"auto, (max-width: 300px) 100vw, 300px\" \/><\/a> (Folke skannat)<\/p>\n<p>Oj, s\u00e5 vi var unga &#8230;<\/p>\n<p><a href=\"http:\/\/hindersby.net\/wordpress\/wp-content\/uploads\/2015\/02\/folke_skannat_stud.jpg\"><img loading=\"lazy\" decoding=\"async\" class=\"alignnone size-medium wp-image-383\" src=\"http:\/\/hindersby.net\/wordpress\/wp-content\/uploads\/2015\/02\/folke_skannat_stud-300x196.jpg\" alt=\"folke_skannat_stud\" width=\"300\" height=\"196\" srcset=\"https:\/\/hindersby.net\/lss2021\/wp-content\/uploads\/2015\/02\/folke_skannat_stud-300x196.jpg 300w, https:\/\/hindersby.net\/lss2021\/wp-content\/uploads\/2015\/02\/folke_skannat_stud-768x503.jpg 768w, https:\/\/hindersby.net\/lss2021\/wp-content\/uploads\/2015\/02\/folke_skannat_stud.jpg 921w\" sizes=\"auto, (max-width: 300px) 100vw, 300px\" \/><\/a> (Folke skannat)<\/p>\n<p>&nbsp;<\/p>\n","protected":false},"excerpt":{"rendered":"<p>H\u00e4r kommer studentklassen 1965. Jocke skickade studentfoton utomhus ocks\u00e5. Jag har f\u00f6rb\u00e4ttrat vitbalansen och beskurit litet. (Jocke skannat) H\u00e4r sk\u00e5lar alla p\u00e5 segelpaviljongen utom en som alltid \u00e4r k\u00e4rringen mot str\u00f6mmen. (Folke skannat) Oj, s\u00e5 vi var unga &#8230; (Folke &hellip; <a href=\"https:\/\/hindersby.net\/lss2021\/index.php\/exempelsida-2\/\">Forts\u00e4tt l\u00e4sa <span class=\"meta-nav\">&rarr;<\/span><\/a><\/p>\n","protected":false},"author":2,"featured_media":0,"parent":0,"menu_order":0,"comment_status":"open","ping_status":"open","template":"","meta":{"ngg_post_thumbnail":0,"footnotes":""},"class_list":["post-960","page","type-page","status-publish","hentry"],"_links":{"self":[{"href":"https:\/\/hindersby.net\/lss2021\/index.php\/wp-json\/wp\/v2\/pages\/960","targetHints":{"allow":["GET"]}}],"collection":[{"href":"https:\/\/hindersby.net\/lss2021\/index.php\/wp-json\/wp\/v2\/pages"}],"about":[{"href":"https:\/\/hindersby.net\/lss2021\/index.php\/wp-json\/wp\/v2\/types\/page"}],"author":[{"embeddable":true,"href":"https:\/\/hindersby.net\/lss2021\/index.php\/wp-json\/wp\/v2\/users\/2"}],"replies":[{"embeddable":true,"href":"https:\/\/hindersby.net\/lss2021\/index.php\/wp-json\/wp\/v2\/comments?post=960"}],"version-history":[{"count":0,"href":"https:\/\/hindersby.net\/lss2021\/index.php\/wp-json\/wp\/v2\/pages\/960\/revisions"}],"wp:attachment":[{"href":"https:\/\/hindersby.net\/lss2021\/index.php\/wp-json\/wp\/v2\/media?parent=960"}],"curies":[{"name":"wp","href":"https:\/\/api.w.org\/{rel}","templated":true}]}}