{"id":961,"date":"2015-02-24T01:20:12","date_gmt":"2015-02-24T00:20:12","guid":{"rendered":"http:\/\/hindersby.net\/wordpress\/?page_id=25"},"modified":"2015-02-24T01:20:12","modified_gmt":"2015-02-24T00:20:12","slug":"40-arsjubel","status":"publish","type":"page","link":"https:\/\/hindersby.net\/lss2021\/index.php\/40-arsjubel\/","title":{"rendered":"40-\u00e5rsjubel"},"content":{"rendered":"<p>H\u00e4r kommer tr\u00e4ffen 2005.<\/p>\n<p><a href=\"http:\/\/hindersby.net\/wordpress\/wp-content\/uploads\/2015\/02\/studenter.2005.skolan.jpg\"><img loading=\"lazy\" decoding=\"async\" class=\"alignnone size-full wp-image-5\" src=\"http:\/\/hindersby.net\/wordpress\/wp-content\/uploads\/2015\/02\/studenter.2005.skolan.jpg\" alt=\"studenter.2005.skolan\" width=\"670\" height=\"642\" \/><\/a><\/p>\n","protected":false},"excerpt":{"rendered":"<p>H\u00e4r kommer tr\u00e4ffen 2005.<\/p>\n","protected":false},"author":2,"featured_media":0,"parent":0,"menu_order":1,"comment_status":"open","ping_status":"open","template":"","meta":{"ngg_post_thumbnail":0,"footnotes":""},"class_list":["post-961","page","type-page","status-publish","hentry"],"_links":{"self":[{"href":"https:\/\/hindersby.net\/lss2021\/index.php\/wp-json\/wp\/v2\/pages\/961","targetHints":{"allow":["GET"]}}],"collection":[{"href":"https:\/\/hindersby.net\/lss2021\/index.php\/wp-json\/wp\/v2\/pages"}],"about":[{"href":"https:\/\/hindersby.net\/lss2021\/index.php\/wp-json\/wp\/v2\/types\/page"}],"author":[{"embeddable":true,"href":"https:\/\/hindersby.net\/lss2021\/index.php\/wp-json\/wp\/v2\/users\/2"}],"replies":[{"embeddable":true,"href":"https:\/\/hindersby.net\/lss2021\/index.php\/wp-json\/wp\/v2\/comments?post=961"}],"version-history":[{"count":0,"href":"https:\/\/hindersby.net\/lss2021\/index.php\/wp-json\/wp\/v2\/pages\/961\/revisions"}],"wp:attachment":[{"href":"https:\/\/hindersby.net\/lss2021\/index.php\/wp-json\/wp\/v2\/media?parent=961"}],"curies":[{"name":"wp","href":"https:\/\/api.w.org\/{rel}","templated":true}]}}