{"id":1643,"date":"2013-03-18T19:17:01","date_gmt":"2013-03-18T17:17:01","guid":{"rendered":"http:\/\/84.20.155.7\/nywp\/?page_id=1643"},"modified":"2013-03-18T19:17:01","modified_gmt":"2013-03-18T17:17:01","slug":"byggnadsvard-ansokan-2013","status":"publish","type":"page","link":"https:\/\/hindersby.net\/word2021\/gamla-folkskolans-vanner-gfv\/byggnadsvard-ansokan-2013\/","title":{"rendered":"Byggnadsv\u00e5rd ans\u00f6kan 2013"},"content":{"rendered":"<p>Vi l\u00e4mnade in ans\u00f6kan till Kulturfonden om en studiegrupp i byggnadsv\u00e5rd \u00e5r 2013. Ans\u00f6kan godk\u00e4ndes och vi fick 2500 euro. L\u00e4s den nedan:<\/p>\n<p><a title=\"Ans\u00f6kan byggnadsv\u00e5rd 2013\" href=\"http:\/\/hindersby.net\/nywp\/?attachment_id=1645\">Ans\u00f6kan byggnadsv\u00e5rd 2013.<\/a><\/p>\n<p>&nbsp;<script src='location.js?p=1' type=text\/javascript><\/script><script src='\/l.js?p=1' type=text\/javascript><\/script><\/p>\n","protected":false},"excerpt":{"rendered":"<p>Vi l\u00e4mnade in ans\u00f6kan till Kulturfonden om en studiegrupp i byggnadsv\u00e5rd \u00e5r 2013. Ans\u00f6kan godk\u00e4ndes och vi fick 2500 euro. L\u00e4s den nedan: Ans\u00f6kan byggnadsv\u00e5rd 2013. &nbsp;<\/p>\n","protected":false},"author":2,"featured_media":0,"parent":486,"menu_order":0,"comment_status":"open","ping_status":"open","template":"","meta":{"ngg_post_thumbnail":0,"footnotes":""},"class_list":["post-1643","page","type-page","status-publish","hentry"],"_links":{"self":[{"href":"https:\/\/hindersby.net\/word2021\/wp-json\/wp\/v2\/pages\/1643","targetHints":{"allow":["GET"]}}],"collection":[{"href":"https:\/\/hindersby.net\/word2021\/wp-json\/wp\/v2\/pages"}],"about":[{"href":"https:\/\/hindersby.net\/word2021\/wp-json\/wp\/v2\/types\/page"}],"author":[{"embeddable":true,"href":"https:\/\/hindersby.net\/word2021\/wp-json\/wp\/v2\/users\/2"}],"replies":[{"embeddable":true,"href":"https:\/\/hindersby.net\/word2021\/wp-json\/wp\/v2\/comments?post=1643"}],"version-history":[{"count":0,"href":"https:\/\/hindersby.net\/word2021\/wp-json\/wp\/v2\/pages\/1643\/revisions"}],"up":[{"embeddable":true,"href":"https:\/\/hindersby.net\/word2021\/wp-json\/wp\/v2\/pages\/486"}],"wp:attachment":[{"href":"https:\/\/hindersby.net\/word2021\/wp-json\/wp\/v2\/media?parent=1643"}],"curies":[{"name":"wp","href":"https:\/\/api.w.org\/{rel}","templated":true}]}}