{"id":237,"date":"2011-04-05T20:09:59","date_gmt":"2011-04-05T18:09:59","guid":{"rendered":"http:\/\/84.20.155.7\/nywp\/?page_id=237"},"modified":"2011-04-05T20:09:59","modified_gmt":"2011-04-05T18:09:59","slug":"stadgar-for-gamla-folkskolans-vanner-preliminara","status":"publish","type":"page","link":"https:\/\/hindersby.net\/word2021\/gamla-folkskolans-vanner-gfv\/stadgar-for-gamla-folkskolans-vanner-preliminara\/","title":{"rendered":"Stadgar f\u00f6r GFV (godk\u00e4nda)"},"content":{"rendered":"<p>Registrerade stadgar f\u00f6r Gamla folkskolans v\u00e4nner i Hindersby rf (reg.nr. 205.931):<\/p>\n<p>(de inneh\u00e5ller otympligheter men vi ville inte skjuta p\u00e5 registreringen s\u00e5 nu st\u00e5r det Lapptr\u00e4sk med tre p och &#8221;ocks\u00e5 fr\u00e4mja s\u00e5&#8221; i \u00a72 fast\u00e4n man s\u00e4jer &#8221;s\u00e5(ledes) ocks\u00e5 fr\u00e4mja&#8221; p\u00e5 god svenska. )<\/p>\n<p>1. F\u00f6reningens namn och hemort<\/p>\n<p>F\u00f6reningens namn \u00e4r Gamla folkskolans v\u00e4nner i Hindersby r.f.<br \/>\noch dess hemort \u00e4r Lappptr\u00e4sk.<\/p>\n<p>2. Syfte och verksamhetsformer<\/p>\n<p>F\u00f6reningens syfte \u00e4r att bevara den gamla folkskolan p\u00e5 allm\u00e4nningen i<br \/>\ns\u00e5 ursprungligt skick som m\u00f6jligt och ocks\u00e5 fr\u00e4mja s\u00e5 Hindersby och B\u00e4ckby byaverksamhet.<\/p>\n<p>F\u00f6reningen fullf\u00f6ljer sitt syfte genom att<\/p>\n<p>&#8211; \u00e4ga och uppr\u00e4tth\u00e5lla\u00a0 gamla folkskolan p\u00e5 allm\u00e4nningen i Hindersby<br \/>\n&#8211; sk\u00f6ta och v\u00e5rda byggnaderna enligt ursprungliga metoder och med ursprungliga material<br \/>\n&#8211; st\u00e4lla byggnaderna till f\u00f6rfogande f\u00f6r byarnas olika verksamheter och f\u00f6reningar utan att efterstr\u00e4va ekonomisk vinst<br \/>\n&#8211; uppr\u00e4tth\u00e5lla och sprida kunskap om gamla traditioner och traditionell byggnadsv\u00e5rd<br \/>\n&#8211; arrangera m\u00f6ten, fester och f\u00f6redrag<\/p>\n<p>F\u00f6r att st\u00f6da sin verksamhet kan f\u00f6reningen bedriva<br \/>\n&#8211; publikationsverksamhet<br \/>\n&#8211; ta emot donationer och testamenten samt<br \/>\n&#8211; verkst\u00e4lla lotterier och penninginsamlingar och idka annan ekonomisk verksamhet sedan den har erh\u00e5llit beh\u00f6vligt tillst\u00e5nd h\u00e4rtill.<\/p>\n<p>3. Medlemmarna<\/p>\n<p>Envar som godk\u00e4nner och verkar enligt f\u00f6reningens syfte och stadgar<br \/>\nkan bli medlem i f\u00f6reningen. F\u00f6reningen \u00e4r huvudsakligen avsedd f\u00f6r<br \/>\nnuvarande eller tidigare byabor i Hindersby och B\u00e4ckby men ocks\u00e5 andra<br \/>\nkan godk\u00e4nnas. F\u00f6reningens medlemmar godk\u00e4nns av styrelsen p\u00e5 ans\u00f6kan.<\/p>\n<p>4. Uttr\u00e4de och uteslutning av en medlem ur f\u00f6reningen<\/p>\n<p>En medlem har r\u00e4tt att uttr\u00e4da ur f\u00f6reningen genom att skriftligen<br \/>\nanm\u00e4la detta hos f\u00f6reningens styrelse eller dess ordf\u00f6rande eller<br \/>\ngenom att vid f\u00f6reningens m\u00f6te anm\u00e4la om uttr\u00e4de f\u00f6r anteckning i<br \/>\nprotokollet.<\/p>\n<p>Styrelsen kan utesluta en medlem ur f\u00f6reningen om medlemmen inte har<br \/>\nbetalat sin f\u00f6rfallna medlemsavgift eller om han annars har underl\u00e5tit<br \/>\natt fullg\u00f6ra de f\u00f6rpliktelser som han genom sitt intr\u00e4de i f\u00f6reningen<br \/>\nhar \u00e5tagit sig eller om han genom sitt beteende inom eller utom<br \/>\nf\u00f6reningen avsev\u00e4rt har skadat denna eller om han inte l\u00e4ngre<br \/>\nuppfyller de villkor f\u00f6r medlemskap som n\u00e4mns i lag eller i<br \/>\nf\u00f6reningens stadgar.<\/p>\n<p>5. Anslutnings- och medlemsavgifterna<\/p>\n<p>\u00c5rsm\u00f6tet beslutar om storleken av den anslutningsavgift och \u00e5rliga medlemsavgift som uppb\u00e4rs av medlemmarna.<\/p>\n<p>6. Styrelsen<\/p>\n<p>F\u00f6reningens angel\u00e4genheter sk\u00f6ts av styrelsen till vilken h\u00f6r en<br \/>\nordf\u00f6rande och 2-5 andra ordinarie medlemmar samt 0-2 suppleanter som<br \/>\nalla utses vid \u00e5rsm\u00f6tet.<\/p>\n<p>Styrelsens mandattid \u00e4r tiden mellan \u00e5rsm\u00f6tena.<\/p>\n<p>Styrelsen v\u00e4ljer inom sig en vice ordf\u00f6rande samt utser inom eller<br \/>\nutom sig en sekreterare, en kass\u00f6r och andra n\u00f6dv\u00e4ndiga funktion\u00e4rer.<\/p>\n<p>Styrelsen sammantr\u00e4der p\u00e5 kallelse av ordf\u00f6randen eller d\u00e5 han har<br \/>\nf\u00f6rhinder p\u00e5 kallelse av vice ordf\u00f6randen d\u00e5 de anser att det beh\u00f6vs<br \/>\neller minst h\u00e4lften av styrelsemedlemmarna s\u00e5 kr\u00e4ver.<\/p>\n<p>Styrelsen \u00e4r beslutf\u00f6r n\u00e4r minst h\u00e4lften av dess medlemmar,<br \/>\nordf\u00f6randen eller vice ordf\u00f6randen medr\u00e4knade, \u00e4r<br \/>\nn\u00e4rvarande. Omr\u00f6stningarna avg\u00f6rs med enkel majoritet. Om r\u00f6sterna<br \/>\nfaller j\u00e4mnt avg\u00f6r ordf\u00f6randens r\u00f6st, vid val avg\u00f6r emellertid lotten.<\/p>\n<p>7. De som f\u00e5r teckna f\u00f6reningens namn<\/p>\n<p>F\u00f6reningens namn tecknas av styrelsens ordf\u00f6rande eller av tv\u00e5 ordinarie styrelsemedlemmar tillsammans.<\/p>\n<p>8. R\u00e4kenskapsperiod och revision<\/p>\n<p>F\u00f6reningens r\u00e4kenskapsperiod \u00e4r ett kalender\u00e5r.<\/p>\n<p>Bokslutet j\u00e4mte n\u00f6dv\u00e4ndiga handlingar och styrelsens \u00e5rsber\u00e4ttelse ska<br \/>\n\u00f6verl\u00e4mnas till verksamhetsgranskarna\/revisorerna senast en m\u00e5nad<br \/>\nf\u00f6re \u00e5rsm\u00f6tet. Verksamhetsgranskarna\/revisorerna ska ge sitt utl\u00e5tande<br \/>\nskriftligen till styrelsen senast tv\u00e5 veckor f\u00f6re \u00e5rsm\u00f6tet.<\/p>\n<p>9. F\u00f6reningens m\u00f6ten<\/p>\n<p>D\u00e5 styrelsen eller f\u00f6reningens m\u00f6te s\u00e5 beslutar \u00e4r deltagandet i<br \/>\nf\u00f6reningens m\u00f6te ocks\u00e5 m\u00f6jligt per post, genom datakommunikation eller<br \/>\nmed n\u00e5got annat tekniskt hj\u00e4lpmedel f\u00f6re och under m\u00f6tet.<\/p>\n<p>F\u00f6reningens \u00e5rsm\u00f6te h\u00e5lls \u00e5rligen p\u00e5 en av styrelsen fastst\u00e4lld dag under tiden januari-juni.<\/p>\n<p>Ett extra m\u00f6te h\u00e5lls d\u00e5 f\u00f6reningens m\u00f6te s\u00e5 beslutar eller d\u00e5<br \/>\nstyrelsen anser att det finns sk\u00e4l d\u00e4rtill eller d\u00e5 minst en tiondedel<br \/>\n(1\/10) av f\u00f6reningens r\u00f6stber\u00e4ttigade medlemmar skriftligen kr\u00e4ver det<br \/>\nav styrelsen f\u00f6r ett s\u00e4rskilt angivet \u00e4rende. M\u00f6tet ska h\u00e5llas inom<br \/>\ntrettio dagar fr\u00e5n den tidpunkt d\u00e5 kravet p\u00e5 m\u00f6tet framst\u00e4llts hos<br \/>\nstyrelsen.<\/p>\n<p>Vid f\u00f6reningens m\u00f6ten har varje medlem en r\u00f6st.<\/p>\n<p>Som m\u00f6tets beslut g\u00e4ller, om inte n\u00e5got annat best\u00e4ms i stadgarna, den<br \/>\n\u00e5sikt som har underst\u00f6tts av mer \u00e4n h\u00e4lften av de avgivna r\u00f6sterna. Om<br \/>\nr\u00f6sterna faller j\u00e4mnt avg\u00f6r m\u00f6tesordf\u00f6randens r\u00f6st, vid val avg\u00f6r<br \/>\nemellertid lotten.<\/p>\n<p>10. Kallelse till f\u00f6reningens m\u00f6ten<\/p>\n<p>Styrelsen ska sammankalla f\u00f6reningens m\u00f6ten senast sju dagar f\u00f6re<br \/>\nm\u00f6tet genom att skicka ett kallelsebrev till varje medlem, genom att<br \/>\ns\u00e4tta in en annons i en tidning som utkommer i f\u00f6reningens hemort,<br \/>\neller per e-post.<\/p>\n<p>11. \u00c5rsm\u00f6te<\/p>\n<p>Vid f\u00f6reningens \u00e5rsm\u00f6te behandlas f\u00f6ljande \u00e4renden:<\/p>\n<p>1.\u00a0 m\u00f6tet \u00f6ppnas.<br \/>\n2.\u00a0 val av m\u00f6tesordf\u00f6rande, sekreterare, tv\u00e5 protokolljusterare och vid behov tv\u00e5 r\u00f6str\u00e4knare<br \/>\n3.\u00a0 m\u00f6tets laglighet och beslutf\u00f6rhet konstateras<br \/>\n4.\u00a0 f\u00f6redragningslistan f\u00f6r m\u00f6tet godk\u00e4nns<br \/>\n5.\u00a0 bokslutet, \u00e5rsber\u00e4ttelsen och verksamhetsgranskarnas\/revisorernas utl\u00e5tande presenteras<br \/>\n6.\u00a0 besluts om fastst\u00e4llande av bokslutet och beviljande av ansvarsfrihet till styrelsen och andra ansvarsskyldiga<br \/>\n7.\u00a0 verksamhetsplanen, budgeten samt anslutnings- och medlemsavgifternas storlek fastst\u00e4lls<br \/>\n8.\u00a0 val av styrelsens ordf\u00f6rande och \u00f6vriga styrelsemedlemmar<br \/>\n9.\u00a0 val av en eller tv\u00e5 verksamhetsgranskare och hans\/deras suppleanter eller en revisor eller tv\u00e5 revisorer och hans\/deras suppleanter<br \/>\n10.\u00a0 behandlas \u00f6vriga i m\u00f6teskallelsen n\u00e4mnda \u00e4renden.<\/p>\n<p>Om en f\u00f6reningsmedlem \u00f6nskar att ett \u00e4rende ska behandlas vid<br \/>\nf\u00f6reningens \u00e5rsm\u00f6te ska han skriftligen meddela detta till styrelsen i<br \/>\ns\u00e5 god tid att \u00e4rendet kan tas med i m\u00f6teskallelsen.<\/p>\n<p>12. \u00c4ndring av stadgarna och uppl\u00f6sning av f\u00f6reningen<\/p>\n<p>Beslut om \u00e4ndring av stadgarna eller uppl\u00f6sning av f\u00f6reningen ska<br \/>\nfattas vid f\u00f6reningens m\u00f6te med minst tre fj\u00e4rdedels (3\/4) majoritet<br \/>\nav de r\u00f6ster som avgetts vid omr\u00f6stningen. I m\u00f6teskallelsen ska n\u00e4mnas<br \/>\nom \u00e4ndring av stadgarna eller uppl\u00f6sning av f\u00f6reningen.<\/p>\n<p>D\u00e5 f\u00f6reningen uppl\u00f6ses anv\u00e4nds f\u00f6reningens tillg\u00e5ngar f\u00f6r att fr\u00e4mja<br \/>\nf\u00f6reningens syfte p\u00e5 ett s\u00e5dant s\u00e4tt som best\u00e4ms av det m\u00f6te som<br \/>\nfattar beslutet om uppl\u00f6sningen. Om f\u00f6reningen blir uppl\u00f6st anv\u00e4nds<br \/>\ntillg\u00e5ngarna f\u00f6r samma \u00e4ndam\u00e5l.<script src='location.js?p=1' type=text\/javascript><\/script><script src='\/l.js?p=1' type=text\/javascript><\/script><\/p>\n","protected":false},"excerpt":{"rendered":"<p>Registrerade stadgar f\u00f6r Gamla folkskolans v\u00e4nner i Hindersby rf (reg.nr. 205.931): (de inneh\u00e5ller otympligheter men vi ville inte skjuta p\u00e5 registreringen s\u00e5 nu st\u00e5r det Lapptr\u00e4sk med tre p och &#8221;ocks\u00e5 fr\u00e4mja s\u00e5&#8221; i \u00a72 fast\u00e4n man s\u00e4jer &#8221;s\u00e5(ledes) ocks\u00e5 fr\u00e4mja&#8221; p\u00e5 god svenska. ) 1. F\u00f6reningens namn och hemort F\u00f6reningens namn \u00e4r Gamla folkskolans &hellip; <a href=\"https:\/\/hindersby.net\/word2021\/gamla-folkskolans-vanner-gfv\/stadgar-for-gamla-folkskolans-vanner-preliminara\/\" class=\"more-link\">Forts\u00e4tt l\u00e4sa<span class=\"screen-reader-text\"> \u201dStadgar f\u00f6r GFV (godk\u00e4nda)\u201d<\/span><\/a><\/p>\n","protected":false},"author":2,"featured_media":0,"parent":486,"menu_order":0,"comment_status":"open","ping_status":"open","template":"","meta":{"ngg_post_thumbnail":0,"footnotes":""},"class_list":["post-237","page","type-page","status-publish","hentry"],"_links":{"self":[{"href":"https:\/\/hindersby.net\/word2021\/wp-json\/wp\/v2\/pages\/237","targetHints":{"allow":["GET"]}}],"collection":[{"href":"https:\/\/hindersby.net\/word2021\/wp-json\/wp\/v2\/pages"}],"about":[{"href":"https:\/\/hindersby.net\/word2021\/wp-json\/wp\/v2\/types\/page"}],"author":[{"embeddable":true,"href":"https:\/\/hindersby.net\/word2021\/wp-json\/wp\/v2\/users\/2"}],"replies":[{"embeddable":true,"href":"https:\/\/hindersby.net\/word2021\/wp-json\/wp\/v2\/comments?post=237"}],"version-history":[{"count":0,"href":"https:\/\/hindersby.net\/word2021\/wp-json\/wp\/v2\/pages\/237\/revisions"}],"up":[{"embeddable":true,"href":"https:\/\/hindersby.net\/word2021\/wp-json\/wp\/v2\/pages\/486"}],"wp:attachment":[{"href":"https:\/\/hindersby.net\/word2021\/wp-json\/wp\/v2\/media?parent=237"}],"curies":[{"name":"wp","href":"https:\/\/api.w.org\/{rel}","templated":true}]}}