{"id":2836,"date":"2015-03-02T19:35:10","date_gmt":"2015-03-02T17:35:10","guid":{"rendered":"http:\/\/84.20.155.7\/nywp\/?page_id=2836"},"modified":"2015-03-02T19:35:10","modified_gmt":"2015-03-02T17:35:10","slug":"nus-nisses-uttalsriktiga-stavning","status":"publish","type":"page","link":"https:\/\/hindersby.net\/word2021\/spraksidor\/nus-nisses-uttalsriktiga-stavning\/","title":{"rendered":"NUS: Nisses Uttalsriktiga Stavning"},"content":{"rendered":"<h1>Hur man staavar<\/h1>\n<p>Skriiv presiis s\u00e5m&#8217;e uuttalas ! Vi veit hur he ska va men aad\u00e4r<br \/>\nkan int vita he. I Sverige finns int meir rikitt lang staavels\u00e4r t\u00e4\u00e4r<br \/>\nb\u00e5di vokaaln \u00e5 k\u00e5ns\u00e5nantn e lang, s\u00e5m i &#8221;troodd&#8221;. Int haar d\u00e5m<br \/>\nk\u00e5rt\u00e4r staavelse hell\u00e4r. &#8221;Ledun&#8221; bliir f\u00f6r t\u00e5m &#8221;leedun&#8221; ell\u00e4r<br \/>\n&#8221;leddun&#8221;. Int kan d\u00e5m hell\u00e4r vita \u00e5m he ska va &#8221;e&#8221; ell\u00e4r &#8221;\u00e4&#8221; s\u00e5<br \/>\nman m\u00e5st skriiv presiis s\u00e5m he uuttalas. \u00c5 s\u00e5 e he ju sv\u00e5\u00e5rt f\u00f6r \u00e5s \u00e5<br \/>\nti vita f\u00f6r sama oorde uuttalas ooliika. I Lapptresk s\u00e4\u00e4r vi &#8221;tu ska<br \/>\nint nu&#8221;, men i Str\u00f6mmf\u00e5rs \u00e5 Pyttis s\u00e5 ska he noo va &#8221;to ska int<br \/>\nno&#8221;.<\/p>\n<p>He kan va sv\u00e5\u00e5rt etts\u00e5m man e vaan ti skriiv oorden<br \/>\nop eitt visst sett. J\u00e4\u00e4r e n\u00e5g\u00e4r saak\u00e4r s\u00e5m kan va kr\u00e5ngl\u00e5:<\/p>\n<p>K\u00e5rt juud: ein bookstaav (t.ex. <strong>mosa<\/strong> &#8211; int mossa)<br \/>\nLangt juud: tv\u00e5\u00e5 booksteev\u00e4r (t.ex. <strong>laande<\/strong> &#8211; int lande)<br \/>\nMan kan noo skriiv <strong>backan<\/strong> me &#8221;ck&#8221; f\u00f6r langt k.<\/p>\n<p>u-juud skriivs alti me <strong>u<\/strong> (t.ex. <strong>tundr\u00e5n<\/strong>)<br \/>\no-juud skriivs alti me <strong>o<\/strong> (t.ex. <strong>Skokel<\/strong> &#8211; int Skukel)<br \/>\n\u00e5-juud skriivs alti me <strong>\u00e5<\/strong> (t.ex. <strong>b\u00e5tn<\/strong> &#8211; int botten)<\/p>\n<p>e-juud skriivs alti me <strong>e<\/strong> (t.ex. <strong>veeg<\/strong> &#8211; int v\u00e4g)<br \/>\n\u00e4-juud skriivs alti me <strong>\u00e4<\/strong> (t.ex. <strong>bj\u00e4rg<\/strong> &#8211; int berg)<\/p>\n<p>sje-juud skriivs alti me <strong>sj<\/strong> (t.ex. <strong>sj\u00e4\u00e4rn\u00e5<\/strong> &#8211; int stj\u00e4rna)<br \/>\ntje-juud skriivs alti me <strong>tj<\/strong> (t.ex. <strong>tj\u00e4rri<\/strong> &#8211; int k\u00e4rret)<\/p>\n<p>Fast Borg\u00e5-booana ska ju skriiv &#8221;k\u00e4rri&#8221; f\u00f6r t\u00e5m uutalar he me haart &#8221;k&#8221; &#8230;<script src='location.js?p=1' type=text\/javascript><\/script><script src='\/l.js?p=1' type=text\/javascript><\/script><\/p>\n","protected":false},"excerpt":{"rendered":"<p>Hur man staavar Skriiv presiis s\u00e5m&#8217;e uuttalas ! Vi veit hur he ska va men aad\u00e4r kan int vita he. I Sverige finns int meir rikitt lang staavels\u00e4r t\u00e4\u00e4r b\u00e5di vokaaln \u00e5 k\u00e5ns\u00e5nantn e lang, s\u00e5m i &#8221;troodd&#8221;. Int haar d\u00e5m k\u00e5rt\u00e4r staavelse hell\u00e4r. &#8221;Ledun&#8221; bliir f\u00f6r t\u00e5m &#8221;leedun&#8221; ell\u00e4r &#8221;leddun&#8221;. Int kan d\u00e5m hell\u00e4r &hellip; <a href=\"https:\/\/hindersby.net\/word2021\/spraksidor\/nus-nisses-uttalsriktiga-stavning\/\" class=\"more-link\">Forts\u00e4tt l\u00e4sa<span class=\"screen-reader-text\"> \u201dNUS: Nisses Uttalsriktiga Stavning\u201d<\/span><\/a><\/p>\n","protected":false},"author":2,"featured_media":0,"parent":2845,"menu_order":0,"comment_status":"open","ping_status":"open","template":"","meta":{"ngg_post_thumbnail":0,"footnotes":""},"class_list":["post-2836","page","type-page","status-publish","hentry"],"_links":{"self":[{"href":"https:\/\/hindersby.net\/word2021\/wp-json\/wp\/v2\/pages\/2836","targetHints":{"allow":["GET"]}}],"collection":[{"href":"https:\/\/hindersby.net\/word2021\/wp-json\/wp\/v2\/pages"}],"about":[{"href":"https:\/\/hindersby.net\/word2021\/wp-json\/wp\/v2\/types\/page"}],"author":[{"embeddable":true,"href":"https:\/\/hindersby.net\/word2021\/wp-json\/wp\/v2\/users\/2"}],"replies":[{"embeddable":true,"href":"https:\/\/hindersby.net\/word2021\/wp-json\/wp\/v2\/comments?post=2836"}],"version-history":[{"count":0,"href":"https:\/\/hindersby.net\/word2021\/wp-json\/wp\/v2\/pages\/2836\/revisions"}],"up":[{"embeddable":true,"href":"https:\/\/hindersby.net\/word2021\/wp-json\/wp\/v2\/pages\/2845"}],"wp:attachment":[{"href":"https:\/\/hindersby.net\/word2021\/wp-json\/wp\/v2\/media?parent=2836"}],"curies":[{"name":"wp","href":"https:\/\/api.w.org\/{rel}","templated":true}]}}