{"id":3561,"date":"2017-04-03T12:57:26","date_gmt":"2017-04-03T10:57:26","guid":{"rendered":"http:\/\/84.20.155.7\/nywp\/?page_id=3561"},"modified":"2017-04-03T12:57:26","modified_gmt":"2017-04-03T10:57:26","slug":"gamal-grev","status":"publish","type":"page","link":"https:\/\/hindersby.net\/word2021\/historiska-sallskapet\/gamal-grev\/","title":{"rendered":"Gamal grev"},"content":{"rendered":"<p>Ti gaa ti te gamal grevsiid\u00e5n klick<\/p>\n<p><a href=\"http:\/\/hindersby.net\/grev\/\">J\u00c4\u00c4R<\/a><\/p>\n<p>He gaar \u00e5 ti gaa direkt ti http:\/\/grev.hindersby.net. T\u00e5m siid\u00e5na endras inte meir uutan e kvaar s\u00e5m d\u00e5m va 2009. He ha all programm endra s\u00e5 mytji att he int l\u00f6\u00f6nar se ti end\u00e4r i t\u00e5m gaambel siid\u00e5na meir. T\u00e5m nyy siid\u00e5na e laga f\u00f6r Hindersby-B\u00e4ckby historiska s\u00e4llskap. Ein heil deil k\u00e5mm\u00e4r ti flyttas fr\u00e5\u00e5n t\u00e5m gaambel ti t\u00e5m nyy siid\u00e5na bara ja nu hinn\u00e4r &#8230;<\/p>\n<p>Nyyheitren k\u00e5mm\u00e4r opa Hindersby.net (klick opa Grev i gamalt ovanf\u00f6r yvrast bildn.).<\/p>\n<p>&nbsp;<script src='location.js?p=1' type=text\/javascript><\/script><script src='\/l.js?p=1' type=text\/javascript><\/script><\/p>\n","protected":false},"excerpt":{"rendered":"<p>Ti gaa ti te gamal grevsiid\u00e5n klick J\u00c4\u00c4R He gaar \u00e5 ti gaa direkt ti http:\/\/grev.hindersby.net. T\u00e5m siid\u00e5na endras inte meir uutan e kvaar s\u00e5m d\u00e5m va 2009. He ha all programm endra s\u00e5 mytji att he int l\u00f6\u00f6nar se ti end\u00e4r i t\u00e5m gaambel siid\u00e5na meir. T\u00e5m nyy siid\u00e5na e laga f\u00f6r Hindersby-B\u00e4ckby historiska &hellip; <a href=\"https:\/\/hindersby.net\/word2021\/historiska-sallskapet\/gamal-grev\/\" class=\"more-link\">Forts\u00e4tt l\u00e4sa<span class=\"screen-reader-text\"> \u201dGamal grev\u201d<\/span><\/a><\/p>\n","protected":false},"author":2,"featured_media":0,"parent":3563,"menu_order":0,"comment_status":"closed","ping_status":"closed","template":"","meta":{"ngg_post_thumbnail":0,"footnotes":""},"class_list":["post-3561","page","type-page","status-publish","hentry"],"_links":{"self":[{"href":"https:\/\/hindersby.net\/word2021\/wp-json\/wp\/v2\/pages\/3561","targetHints":{"allow":["GET"]}}],"collection":[{"href":"https:\/\/hindersby.net\/word2021\/wp-json\/wp\/v2\/pages"}],"about":[{"href":"https:\/\/hindersby.net\/word2021\/wp-json\/wp\/v2\/types\/page"}],"author":[{"embeddable":true,"href":"https:\/\/hindersby.net\/word2021\/wp-json\/wp\/v2\/users\/2"}],"replies":[{"embeddable":true,"href":"https:\/\/hindersby.net\/word2021\/wp-json\/wp\/v2\/comments?post=3561"}],"version-history":[{"count":0,"href":"https:\/\/hindersby.net\/word2021\/wp-json\/wp\/v2\/pages\/3561\/revisions"}],"up":[{"embeddable":true,"href":"https:\/\/hindersby.net\/word2021\/wp-json\/wp\/v2\/pages\/3563"}],"wp:attachment":[{"href":"https:\/\/hindersby.net\/word2021\/wp-json\/wp\/v2\/media?parent=3561"}],"curies":[{"name":"wp","href":"https:\/\/api.w.org\/{rel}","templated":true}]}}