{"id":811,"date":"2015-06-09T20:53:15","date_gmt":"2015-06-09T20:53:15","guid":{"rendered":"http:\/\/hindersby.net\/wordpress\/?page_id=811"},"modified":"2015-06-09T21:23:40","modified_gmt":"2015-06-09T21:23:40","slug":"saltbodarna-2015","status":"publish","type":"page","link":"https:\/\/hindersby.net\/wordpress\/?page_id=811","title":{"rendered":"Saltbodarna 2015"},"content":{"rendered":"<p>Och s\u00e5 bilderna fr\u00e5n Saltbodkaf\u00e9et<\/p>\n<p><a href=\"http:\/\/hindersby.net\/wordpress\/wp-content\/uploads\/2015\/06\/DSCN4862-e1433882958447.jpg\"><img loading=\"lazy\" decoding=\"async\" class=\"alignnone size-medium wp-image-812\" src=\"http:\/\/hindersby.net\/wordpress\/wp-content\/uploads\/2015\/06\/DSCN4862-e1433882958447-300x177.jpg\" alt=\"DSCN4862\" width=\"300\" height=\"177\" srcset=\"https:\/\/hindersby.net\/wordpress\/wp-content\/uploads\/2015\/06\/DSCN4862-e1433882958447-300x177.jpg 300w, https:\/\/hindersby.net\/wordpress\/wp-content\/uploads\/2015\/06\/DSCN4862-e1433882958447-150x89.jpg 150w, https:\/\/hindersby.net\/wordpress\/wp-content\/uploads\/2015\/06\/DSCN4862-e1433882958447-1024x605.jpg 1024w\" sizes=\"auto, (max-width: 300px) 100vw, 300px\" \/><\/a><\/p>\n<p><a href=\"http:\/\/hindersby.net\/wordpress\/wp-content\/uploads\/2015\/06\/DSCN4863-e1433883003686.jpg\"><img loading=\"lazy\" decoding=\"async\" class=\"alignnone size-medium wp-image-813\" src=\"http:\/\/hindersby.net\/wordpress\/wp-content\/uploads\/2015\/06\/DSCN4863-e1433883003686-300x179.jpg\" alt=\"DSCN4863\" width=\"300\" height=\"179\" srcset=\"https:\/\/hindersby.net\/wordpress\/wp-content\/uploads\/2015\/06\/DSCN4863-e1433883003686-300x179.jpg 300w, https:\/\/hindersby.net\/wordpress\/wp-content\/uploads\/2015\/06\/DSCN4863-e1433883003686-150x90.jpg 150w, https:\/\/hindersby.net\/wordpress\/wp-content\/uploads\/2015\/06\/DSCN4863-e1433883003686-1024x611.jpg 1024w\" sizes=\"auto, (max-width: 300px) 100vw, 300px\" \/><\/a><\/p>\n<p><a href=\"http:\/\/hindersby.net\/wordpress\/wp-content\/uploads\/2015\/06\/DSCN4864-e1433883055687.jpg\"><img loading=\"lazy\" decoding=\"async\" class=\"alignnone size-medium wp-image-814\" src=\"http:\/\/hindersby.net\/wordpress\/wp-content\/uploads\/2015\/06\/DSCN4864-e1433883055687-300x138.jpg\" alt=\"DSCN4864\" width=\"300\" height=\"138\" srcset=\"https:\/\/hindersby.net\/wordpress\/wp-content\/uploads\/2015\/06\/DSCN4864-e1433883055687-300x138.jpg 300w, https:\/\/hindersby.net\/wordpress\/wp-content\/uploads\/2015\/06\/DSCN4864-e1433883055687-150x69.jpg 150w, https:\/\/hindersby.net\/wordpress\/wp-content\/uploads\/2015\/06\/DSCN4864-e1433883055687-1024x472.jpg 1024w\" sizes=\"auto, (max-width: 300px) 100vw, 300px\" \/><\/a><\/p>\n<p><a href=\"http:\/\/hindersby.net\/wordpress\/wp-content\/uploads\/2015\/06\/DSCN4865.jpg\"><img loading=\"lazy\" decoding=\"async\" class=\"alignnone size-medium wp-image-815\" src=\"http:\/\/hindersby.net\/wordpress\/wp-content\/uploads\/2015\/06\/DSCN4865-300x225.jpg\" alt=\"DSCN4865\" width=\"300\" height=\"225\" srcset=\"https:\/\/hindersby.net\/wordpress\/wp-content\/uploads\/2015\/06\/DSCN4865-300x225.jpg 300w, https:\/\/hindersby.net\/wordpress\/wp-content\/uploads\/2015\/06\/DSCN4865-150x113.jpg 150w, https:\/\/hindersby.net\/wordpress\/wp-content\/uploads\/2015\/06\/DSCN4865-1024x768.jpg 1024w\" sizes=\"auto, (max-width: 300px) 100vw, 300px\" \/><\/a><\/p>\n<p><a href=\"http:\/\/hindersby.net\/wordpress\/wp-content\/uploads\/2015\/06\/DSCN4866.jpg\"><img loading=\"lazy\" decoding=\"async\" class=\"alignnone size-medium wp-image-816\" src=\"http:\/\/hindersby.net\/wordpress\/wp-content\/uploads\/2015\/06\/DSCN4866-300x225.jpg\" alt=\"DSCN4866\" width=\"300\" height=\"225\" srcset=\"https:\/\/hindersby.net\/wordpress\/wp-content\/uploads\/2015\/06\/DSCN4866-300x225.jpg 300w, https:\/\/hindersby.net\/wordpress\/wp-content\/uploads\/2015\/06\/DSCN4866-150x113.jpg 150w, https:\/\/hindersby.net\/wordpress\/wp-content\/uploads\/2015\/06\/DSCN4866-1024x768.jpg 1024w\" sizes=\"auto, (max-width: 300px) 100vw, 300px\" \/><\/a><\/p>\n<p><a href=\"http:\/\/hindersby.net\/wordpress\/wp-content\/uploads\/2015\/06\/DSCN4867.jpg\"><img loading=\"lazy\" decoding=\"async\" class=\"alignnone size-medium wp-image-817\" src=\"http:\/\/hindersby.net\/wordpress\/wp-content\/uploads\/2015\/06\/DSCN4867-300x225.jpg\" alt=\"DSCN4867\" width=\"300\" height=\"225\" srcset=\"https:\/\/hindersby.net\/wordpress\/wp-content\/uploads\/2015\/06\/DSCN4867-300x225.jpg 300w, https:\/\/hindersby.net\/wordpress\/wp-content\/uploads\/2015\/06\/DSCN4867-150x113.jpg 150w, https:\/\/hindersby.net\/wordpress\/wp-content\/uploads\/2015\/06\/DSCN4867-1024x768.jpg 1024w\" sizes=\"auto, (max-width: 300px) 100vw, 300px\" \/><\/a><\/p>\n<p>&nbsp;<\/p>\n<p>&nbsp;<\/p>\n","protected":false},"excerpt":{"rendered":"<p>Och s\u00e5 bilderna fr\u00e5n Saltbodkaf\u00e9et &nbsp; &nbsp;<\/p>\n","protected":false},"author":1,"featured_media":0,"parent":859,"menu_order":0,"comment_status":"open","ping_status":"open","template":"","meta":{"ngg_post_thumbnail":0,"footnotes":""},"class_list":["post-811","page","type-page","status-publish","hentry"],"_links":{"self":[{"href":"https:\/\/hindersby.net\/wordpress\/index.php?rest_route=\/wp\/v2\/pages\/811","targetHints":{"allow":["GET"]}}],"collection":[{"href":"https:\/\/hindersby.net\/wordpress\/index.php?rest_route=\/wp\/v2\/pages"}],"about":[{"href":"https:\/\/hindersby.net\/wordpress\/index.php?rest_route=\/wp\/v2\/types\/page"}],"author":[{"embeddable":true,"href":"https:\/\/hindersby.net\/wordpress\/index.php?rest_route=\/wp\/v2\/users\/1"}],"replies":[{"embeddable":true,"href":"https:\/\/hindersby.net\/wordpress\/index.php?rest_route=%2Fwp%2Fv2%2Fcomments&post=811"}],"version-history":[{"count":1,"href":"https:\/\/hindersby.net\/wordpress\/index.php?rest_route=\/wp\/v2\/pages\/811\/revisions"}],"predecessor-version":[{"id":818,"href":"https:\/\/hindersby.net\/wordpress\/index.php?rest_route=\/wp\/v2\/pages\/811\/revisions\/818"}],"up":[{"embeddable":true,"href":"https:\/\/hindersby.net\/wordpress\/index.php?rest_route=\/wp\/v2\/pages\/859"}],"wp:attachment":[{"href":"https:\/\/hindersby.net\/wordpress\/index.php?rest_route=%2Fwp%2Fv2%2Fmedia&parent=811"}],"curies":[{"name":"wp","href":"https:\/\/api.w.org\/{rel}","templated":true}]}}