{"id":859,"date":"2015-06-09T21:22:24","date_gmt":"2015-06-09T21:22:24","guid":{"rendered":"http:\/\/hindersby.net\/wordpress\/?page_id=859"},"modified":"2015-06-09T21:22:24","modified_gmt":"2015-06-09T21:22:24","slug":"50-arsjubel-ar-2015","status":"publish","type":"page","link":"https:\/\/hindersby.net\/wordpress\/?page_id=859","title":{"rendered":"50-\u00e5rsjubel \u00e5r 2015"},"content":{"rendered":"<p>H\u00e4r s\u00e4tter jag in alla foton jag tog.\u00a0 De \u00e4r uppdelade p\u00e5 sex olika platser.<\/p>\n","protected":false},"excerpt":{"rendered":"<p>H\u00e4r s\u00e4tter jag in alla foton jag tog.\u00a0 De \u00e4r uppdelade p\u00e5 sex olika platser.<\/p>\n","protected":false},"author":1,"featured_media":0,"parent":249,"menu_order":0,"comment_status":"open","ping_status":"open","template":"","meta":{"ngg_post_thumbnail":0,"footnotes":""},"class_list":["post-859","page","type-page","status-publish","hentry"],"_links":{"self":[{"href":"https:\/\/hindersby.net\/wordpress\/index.php?rest_route=\/wp\/v2\/pages\/859","targetHints":{"allow":["GET"]}}],"collection":[{"href":"https:\/\/hindersby.net\/wordpress\/index.php?rest_route=\/wp\/v2\/pages"}],"about":[{"href":"https:\/\/hindersby.net\/wordpress\/index.php?rest_route=\/wp\/v2\/types\/page"}],"author":[{"embeddable":true,"href":"https:\/\/hindersby.net\/wordpress\/index.php?rest_route=\/wp\/v2\/users\/1"}],"replies":[{"embeddable":true,"href":"https:\/\/hindersby.net\/wordpress\/index.php?rest_route=%2Fwp%2Fv2%2Fcomments&post=859"}],"version-history":[{"count":1,"href":"https:\/\/hindersby.net\/wordpress\/index.php?rest_route=\/wp\/v2\/pages\/859\/revisions"}],"predecessor-version":[{"id":860,"href":"https:\/\/hindersby.net\/wordpress\/index.php?rest_route=\/wp\/v2\/pages\/859\/revisions\/860"}],"up":[{"embeddable":true,"href":"https:\/\/hindersby.net\/wordpress\/index.php?rest_route=\/wp\/v2\/pages\/249"}],"wp:attachment":[{"href":"https:\/\/hindersby.net\/wordpress\/index.php?rest_route=%2Fwp%2Fv2%2Fmedia&parent=859"}],"curies":[{"name":"wp","href":"https:\/\/api.w.org\/{rel}","templated":true}]}}