{"id":163,"date":"2018-02-24T19:45:00","date_gmt":"2018-02-24T18:45:00","guid":{"rendered":"http:\/\/hindersby.net\/wpmickels\/?page_id=163"},"modified":"2018-02-24T20:04:48","modified_gmt":"2018-02-24T19:04:48","slug":"kungsbole-andelsmejeri","status":"publish","type":"page","link":"https:\/\/hindersby.net\/wpmickels\/index.php\/kungsbole-andelsmejeri\/","title":{"rendered":"Kungsb\u00f6le andelsmejeri"},"content":{"rendered":"<p>H\u00e4r inskannade bilder fr\u00e5n Kungsb\u00f6le andelsmejeris 50-\u00e5rsskrift.\u00a0 Det grundades 1894 och bland grundande medlemmar var Henrik Mickels, min morfars far.<\/p>\n<p>Du f\u00e5r st\u00f6rre bild genom att h\u00f6gerklicka och v\u00e4lja View image (i Firefox &#8211; kan vara annat i andra n\u00e4tl\u00e4sare).<\/p>\n<p>&nbsp;<\/p>\n<p><img loading=\"lazy\" class=\"alignnone size-full wp-image-164\" src=\"http:\/\/hindersby.net\/wpmickels\/wp-content\/uploads\/2018\/02\/kungsbole_mejeri_1-e1519497667840.jpg\" alt=\"\" width=\"4529\" height=\"3104\" srcset=\"https:\/\/hindersby.net\/wpmickels\/wp-content\/uploads\/2018\/02\/kungsbole_mejeri_1-e1519497667840.jpg 4529w, https:\/\/hindersby.net\/wpmickels\/wp-content\/uploads\/2018\/02\/kungsbole_mejeri_1-e1519497667840-300x206.jpg 300w, https:\/\/hindersby.net\/wpmickels\/wp-content\/uploads\/2018\/02\/kungsbole_mejeri_1-e1519497667840-768x526.jpg 768w, https:\/\/hindersby.net\/wpmickels\/wp-content\/uploads\/2018\/02\/kungsbole_mejeri_1-e1519497667840-1200x822.jpg 1200w\" sizes=\"(max-width: 709px) 85vw, (max-width: 909px) 67vw, (max-width: 1362px) 62vw, 840px\" \/><\/p>\n<p><img loading=\"lazy\" class=\"alignnone size-full wp-image-165\" src=\"http:\/\/hindersby.net\/wpmickels\/wp-content\/uploads\/2018\/02\/kungsbole_mejeri_2-e1519497704298.jpg\" alt=\"\" width=\"4529\" height=\"3104\" srcset=\"https:\/\/hindersby.net\/wpmickels\/wp-content\/uploads\/2018\/02\/kungsbole_mejeri_2-e1519497704298.jpg 4529w, https:\/\/hindersby.net\/wpmickels\/wp-content\/uploads\/2018\/02\/kungsbole_mejeri_2-e1519497704298-300x206.jpg 300w, https:\/\/hindersby.net\/wpmickels\/wp-content\/uploads\/2018\/02\/kungsbole_mejeri_2-e1519497704298-768x526.jpg 768w, https:\/\/hindersby.net\/wpmickels\/wp-content\/uploads\/2018\/02\/kungsbole_mejeri_2-e1519497704298-1200x822.jpg 1200w\" sizes=\"(max-width: 709px) 85vw, (max-width: 909px) 67vw, (max-width: 1362px) 62vw, 840px\" \/><\/p>\n<p><img loading=\"lazy\" class=\"alignnone size-full wp-image-166\" src=\"http:\/\/hindersby.net\/wpmickels\/wp-content\/uploads\/2018\/02\/kungsbole_mejeri_3-e1519497743929.jpg\" alt=\"\" width=\"4529\" height=\"3104\" srcset=\"https:\/\/hindersby.net\/wpmickels\/wp-content\/uploads\/2018\/02\/kungsbole_mejeri_3-e1519497743929.jpg 4529w, https:\/\/hindersby.net\/wpmickels\/wp-content\/uploads\/2018\/02\/kungsbole_mejeri_3-e1519497743929-300x206.jpg 300w, https:\/\/hindersby.net\/wpmickels\/wp-content\/uploads\/2018\/02\/kungsbole_mejeri_3-e1519497743929-768x526.jpg 768w, https:\/\/hindersby.net\/wpmickels\/wp-content\/uploads\/2018\/02\/kungsbole_mejeri_3-e1519497743929-1200x822.jpg 1200w\" sizes=\"(max-width: 709px) 85vw, (max-width: 909px) 67vw, (max-width: 1362px) 62vw, 840px\" \/><\/p>\n<p>&nbsp;<\/p>\n<p><img loading=\"lazy\" class=\"alignnone size-full wp-image-167\" src=\"http:\/\/hindersby.net\/wpmickels\/wp-content\/uploads\/2018\/02\/kungsbole_mejeri_4-e1519497777684.jpg\" alt=\"\" width=\"4529\" height=\"3104\" srcset=\"https:\/\/hindersby.net\/wpmickels\/wp-content\/uploads\/2018\/02\/kungsbole_mejeri_4-e1519497777684.jpg 4529w, https:\/\/hindersby.net\/wpmickels\/wp-content\/uploads\/2018\/02\/kungsbole_mejeri_4-e1519497777684-300x206.jpg 300w, https:\/\/hindersby.net\/wpmickels\/wp-content\/uploads\/2018\/02\/kungsbole_mejeri_4-e1519497777684-768x526.jpg 768w, https:\/\/hindersby.net\/wpmickels\/wp-content\/uploads\/2018\/02\/kungsbole_mejeri_4-e1519497777684-1200x822.jpg 1200w\" sizes=\"(max-width: 709px) 85vw, (max-width: 909px) 67vw, (max-width: 1362px) 62vw, 840px\" \/><\/p>\n<p>&nbsp;<\/p>\n<p>&nbsp;<\/p>\n<p>&nbsp;<\/p>\n<p><img loading=\"lazy\" class=\"alignnone size-full wp-image-168\" src=\"http:\/\/hindersby.net\/wpmickels\/wp-content\/uploads\/2018\/02\/kungsbole_mejeri_5-e1519497810716.jpg\" alt=\"\" width=\"4529\" height=\"3104\" srcset=\"https:\/\/hindersby.net\/wpmickels\/wp-content\/uploads\/2018\/02\/kungsbole_mejeri_5-e1519497810716.jpg 4529w, https:\/\/hindersby.net\/wpmickels\/wp-content\/uploads\/2018\/02\/kungsbole_mejeri_5-e1519497810716-300x206.jpg 300w, https:\/\/hindersby.net\/wpmickels\/wp-content\/uploads\/2018\/02\/kungsbole_mejeri_5-e1519497810716-768x526.jpg 768w, https:\/\/hindersby.net\/wpmickels\/wp-content\/uploads\/2018\/02\/kungsbole_mejeri_5-e1519497810716-1200x822.jpg 1200w\" sizes=\"(max-width: 709px) 85vw, (max-width: 909px) 67vw, (max-width: 1362px) 62vw, 840px\" \/><\/p>\n<p><img loading=\"lazy\" class=\"alignnone size-full wp-image-177\" src=\"http:\/\/hindersby.net\/wpmickels\/wp-content\/uploads\/2018\/02\/kungsbole_mejeri_6-e1519498985946.jpg\" alt=\"\" width=\"4529\" height=\"3104\" srcset=\"https:\/\/hindersby.net\/wpmickels\/wp-content\/uploads\/2018\/02\/kungsbole_mejeri_6-e1519498985946.jpg 4529w, https:\/\/hindersby.net\/wpmickels\/wp-content\/uploads\/2018\/02\/kungsbole_mejeri_6-e1519498985946-300x206.jpg 300w, https:\/\/hindersby.net\/wpmickels\/wp-content\/uploads\/2018\/02\/kungsbole_mejeri_6-e1519498985946-768x526.jpg 768w, https:\/\/hindersby.net\/wpmickels\/wp-content\/uploads\/2018\/02\/kungsbole_mejeri_6-e1519498985946-1200x822.jpg 1200w\" sizes=\"(max-width: 709px) 85vw, (max-width: 909px) 67vw, (max-width: 1362px) 62vw, 840px\" \/><\/p>\n<p><img loading=\"lazy\" class=\"alignnone size-full wp-image-169\" src=\"http:\/\/hindersby.net\/wpmickels\/wp-content\/uploads\/2018\/02\/kungsbole_mejeri_7-e1519497845159.jpg\" alt=\"\" width=\"4529\" height=\"3104\" srcset=\"https:\/\/hindersby.net\/wpmickels\/wp-content\/uploads\/2018\/02\/kungsbole_mejeri_7-e1519497845159.jpg 4529w, https:\/\/hindersby.net\/wpmickels\/wp-content\/uploads\/2018\/02\/kungsbole_mejeri_7-e1519497845159-300x206.jpg 300w, https:\/\/hindersby.net\/wpmickels\/wp-content\/uploads\/2018\/02\/kungsbole_mejeri_7-e1519497845159-768x526.jpg 768w, https:\/\/hindersby.net\/wpmickels\/wp-content\/uploads\/2018\/02\/kungsbole_mejeri_7-e1519497845159-1200x822.jpg 1200w\" sizes=\"(max-width: 709px) 85vw, (max-width: 909px) 67vw, (max-width: 1362px) 62vw, 840px\" \/><\/p>\n<p><img loading=\"lazy\" class=\"alignnone size-full wp-image-170\" src=\"http:\/\/hindersby.net\/wpmickels\/wp-content\/uploads\/2018\/02\/kungsbole_mejeri_8-e1519497880509.jpg\" alt=\"\" width=\"4529\" height=\"3104\" srcset=\"https:\/\/hindersby.net\/wpmickels\/wp-content\/uploads\/2018\/02\/kungsbole_mejeri_8-e1519497880509.jpg 4529w, https:\/\/hindersby.net\/wpmickels\/wp-content\/uploads\/2018\/02\/kungsbole_mejeri_8-e1519497880509-300x206.jpg 300w, https:\/\/hindersby.net\/wpmickels\/wp-content\/uploads\/2018\/02\/kungsbole_mejeri_8-e1519497880509-768x526.jpg 768w, https:\/\/hindersby.net\/wpmickels\/wp-content\/uploads\/2018\/02\/kungsbole_mejeri_8-e1519497880509-1200x822.jpg 1200w\" sizes=\"(max-width: 709px) 85vw, (max-width: 909px) 67vw, (max-width: 1362px) 62vw, 840px\" \/><\/p>\n<p>&nbsp;<\/p>\n<p>&nbsp;<\/p>\n","protected":false},"excerpt":{"rendered":"<p>H\u00e4r inskannade bilder fr\u00e5n Kungsb\u00f6le andelsmejeris 50-\u00e5rsskrift.\u00a0 Det grundades 1894 och bland grundande medlemmar var Henrik Mickels, min morfars far. Du f\u00e5r st\u00f6rre bild genom att h\u00f6gerklicka och v\u00e4lja View image (i Firefox &#8211; kan vara annat i andra n\u00e4tl\u00e4sare). &nbsp; &nbsp; &nbsp; &nbsp; &nbsp; &nbsp; &nbsp;<\/p>\n","protected":false},"author":2,"featured_media":0,"parent":0,"menu_order":0,"comment_status":"closed","ping_status":"closed","template":"","meta":[],"_links":{"self":[{"href":"https:\/\/hindersby.net\/wpmickels\/index.php\/wp-json\/wp\/v2\/pages\/163"}],"collection":[{"href":"https:\/\/hindersby.net\/wpmickels\/index.php\/wp-json\/wp\/v2\/pages"}],"about":[{"href":"https:\/\/hindersby.net\/wpmickels\/index.php\/wp-json\/wp\/v2\/types\/page"}],"author":[{"embeddable":true,"href":"https:\/\/hindersby.net\/wpmickels\/index.php\/wp-json\/wp\/v2\/users\/2"}],"replies":[{"embeddable":true,"href":"https:\/\/hindersby.net\/wpmickels\/index.php\/wp-json\/wp\/v2\/comments?post=163"}],"version-history":[{"count":5,"href":"https:\/\/hindersby.net\/wpmickels\/index.php\/wp-json\/wp\/v2\/pages\/163\/revisions"}],"predecessor-version":[{"id":178,"href":"https:\/\/hindersby.net\/wpmickels\/index.php\/wp-json\/wp\/v2\/pages\/163\/revisions\/178"}],"wp:attachment":[{"href":"https:\/\/hindersby.net\/wpmickels\/index.php\/wp-json\/wp\/v2\/media?parent=163"}],"curies":[{"name":"wp","href":"https:\/\/api.w.org\/{rel}","templated":true}]}}