{"id":79,"date":"2016-07-06T10:29:21","date_gmt":"2016-07-06T08:29:21","guid":{"rendered":"http:\/\/hindersby.net\/wpmickels\/?page_id=79"},"modified":"2016-07-06T10:32:57","modified_gmt":"2016-07-06T08:32:57","slug":"om-mickels-natsida","status":"publish","type":"page","link":"https:\/\/hindersby.net\/wpmickels\/index.php\/om-mickels-natsida\/","title":{"rendered":"Om Mickels n\u00e4tsida"},"content":{"rendered":"<p>Det h\u00e4r \u00e4r en ny n\u00e4tsida som bygger p\u00e5 WordPress. Den tidigare <a href=\"http:\/\/mickels.hindersby.net\">mickels.hindersby.net<\/a> finns kvar men \u00e4ndras inte. Det \u00e4r l\u00e4ttare att s\u00e4tta in nytt i WordPress \u00e4n direkt med HTML. Och tid \u00e4r en begr\u00e4nsad resurs &#8211; allt \u00e4r inte s\u00e5 fint och en massa saknas.<\/p>\n<p>Om l\u00e4nken ovanf\u00f6r inte fungerar s\u00e5 f\u00f6rs\u00f6k med l\u00e4nken nedan.<\/p>\n<p><a href=\"http:\/\/nissehusberg.scorpionshops.com\/nisse\/mickels\/\">Mickels<\/a><\/p>\n","protected":false},"excerpt":{"rendered":"<p>Det h\u00e4r \u00e4r en ny n\u00e4tsida som bygger p\u00e5 WordPress. Den tidigare mickels.hindersby.net finns kvar men \u00e4ndras inte. Det \u00e4r l\u00e4ttare att s\u00e4tta in nytt i WordPress \u00e4n direkt med HTML. Och tid \u00e4r en begr\u00e4nsad resurs &#8211; allt \u00e4r inte s\u00e5 fint och en massa saknas. Om l\u00e4nken ovanf\u00f6r inte fungerar s\u00e5 f\u00f6rs\u00f6k med &hellip; <a href=\"https:\/\/hindersby.net\/wpmickels\/index.php\/om-mickels-natsida\/\" class=\"more-link\">Forts\u00e4tt l\u00e4sa<span class=\"screen-reader-text\"> \u201dOm Mickels n\u00e4tsida\u201d<\/span><\/a><\/p>\n","protected":false},"author":1,"featured_media":0,"parent":0,"menu_order":0,"comment_status":"closed","ping_status":"closed","template":"","meta":[],"_links":{"self":[{"href":"https:\/\/hindersby.net\/wpmickels\/index.php\/wp-json\/wp\/v2\/pages\/79"}],"collection":[{"href":"https:\/\/hindersby.net\/wpmickels\/index.php\/wp-json\/wp\/v2\/pages"}],"about":[{"href":"https:\/\/hindersby.net\/wpmickels\/index.php\/wp-json\/wp\/v2\/types\/page"}],"author":[{"embeddable":true,"href":"https:\/\/hindersby.net\/wpmickels\/index.php\/wp-json\/wp\/v2\/users\/1"}],"replies":[{"embeddable":true,"href":"https:\/\/hindersby.net\/wpmickels\/index.php\/wp-json\/wp\/v2\/comments?post=79"}],"version-history":[{"count":6,"href":"https:\/\/hindersby.net\/wpmickels\/index.php\/wp-json\/wp\/v2\/pages\/79\/revisions"}],"predecessor-version":[{"id":162,"href":"https:\/\/hindersby.net\/wpmickels\/index.php\/wp-json\/wp\/v2\/pages\/79\/revisions\/162"}],"wp:attachment":[{"href":"https:\/\/hindersby.net\/wpmickels\/index.php\/wp-json\/wp\/v2\/media?parent=79"}],"curies":[{"name":"wp","href":"https:\/\/api.w.org\/{rel}","templated":true}]}}